{"id":2,"date":"2023-03-07T16:55:39","date_gmt":"2023-03-07T16:55:39","guid":{"rendered":"https:\/\/www.instinctiv.bike\/?page_id=2"},"modified":"2026-05-07T10:54:11","modified_gmt":"2026-05-07T09:54:11","slug":"gearbox-mtb","status":"publish","type":"page","link":"https:\/\/www.instinctiv.bike\/de\/","title":{"rendered":"FRONTPAGE"},"content":{"rendered":"<div class=\"gb-container gb-container-c9c4d748 full_width\" style=\"background-image: url(https:\/\/www.instinctiv.bike\/wp-content\/uploads\/Instinctiv_Ocelot_125_review.jpg);\">\n<div class=\"gb-grid-wrapper gb-grid-wrapper-ff700802\">\n<div class=\"gb-grid-column gb-grid-column-78982fb0\"><div class=\"gb-container gb-container-78982fb0 narrowwidth\">\n<div class=\"gb-container gb-container-fffe3d95\">\n\n<h1 class=\"wp-block-heading nopadding nomargin medium has-base-color has-text-color has-link-color wp-elements-20a12bff0b28cdc258ecde26d9ab878e\" style=\"text-transform:none\">leistungsstarke mountainbikes<\/h1>\n\n\n\n<h1 class=\"wp-block-heading nopadding nomargin xl_title has-base-color has-text-color has-link-color wp-elements-46159ac81027a8ecbaa1f3ff71951029\" style=\"text-transform:none\">f\u00fcr Athleten und sportliche Fahrer, hergestellt in Europa.<\/h1>\n\n<\/div>\n\n<div class=\"gb-container gb-container-ae0f649a\"><\/div>\n\n\n<a class=\"gb-button gb-button-fdf4df76 gb-button-text white\" href=\"#ocelot\">mehr entdecken<\/a>\n\n\n<div class=\"gb-container gb-container-a4eaabe4\"><\/div>\n<\/div><\/div>\n<\/div>\n<\/div>\n\n<div class=\"gb-container gb-container-3f057fc2 full_width\" id=\"ocelot\">\n<div class=\"gb-grid-wrapper gb-grid-wrapper-e1f35dc8 nopadding nomargin\">\n<div class=\"gb-grid-column gb-grid-column-e0c31214\"><div class=\"gb-container gb-container-e0c31214\">\n\n<figure class=\"gb-block-image gb-block-image-ada51e62\"><a href=\"https:\/\/www.instinctiv.bike\/de\/ocelot-lightweight-emtb\/\"><img loading=\"lazy\" decoding=\"async\" width=\"2560\" height=\"1599\" class=\"gb-image gb-image-ada51e62\" src=\"https:\/\/www.instinctiv.bike\/wp-content\/uploads\/OCELOT-145-HERO-DUNE-DIA-1-scaled.jpg\" alt=\"Das nat\u00fcrlichste eMTB. Kraftvoll, ausgewogen, nat\u00fcrliches Fahrgef\u00fchl und pr\u00e4zises Handling. \" title=\"OCELOT 145 HELDEN D\u00dcNE DIA\" srcset=\"https:\/\/www.instinctiv.bike\/wp-content\/uploads\/OCELOT-145-HERO-DUNE-DIA-1-scaled.jpg 2560w, https:\/\/www.instinctiv.bike\/wp-content\/uploads\/OCELOT-145-HERO-DUNE-DIA-1-scaled-300x187.jpg 300w, https:\/\/www.instinctiv.bike\/wp-content\/uploads\/OCELOT-145-HERO-DUNE-DIA-1-768x480.jpg 768w, https:\/\/www.instinctiv.bike\/wp-content\/uploads\/OCELOT-145-HERO-DUNE-DIA-1-1536x959.jpg 1536w, https:\/\/www.instinctiv.bike\/wp-content\/uploads\/OCELOT-145-HERO-DUNE-DIA-1-2048x1279.jpg 2048w, https:\/\/www.instinctiv.bike\/wp-content\/uploads\/OCELOT-145-HERO-DUNE-DIA-1-18x12.jpg 18w\" sizes=\"auto, (max-width: 2560px) 100vw, 2560px\" \/><\/a><\/figure>\n\n<\/div><\/div>\n<\/div>\n\n<div class=\"gb-grid-wrapper gb-grid-wrapper-8fd1e091 teaser_grid\">\n<div class=\"gb-grid-column gb-grid-column-6883d417\"><div class=\"gb-container gb-container-6883d417\">\n\n<h2 class=\"wp-block-heading nounderline has-contrast-color has-text-color has-link-color wp-elements-ae9135bd50ba71e0440f15e1dd93c2ee\" style=\"text-transform:none\">ocelot<\/h2>\n\n\n\n<p class=\"medium nounderline nomargin\">Leichtes eMTB. Sieht aus und f\u00e4hrt sich wie ein normales Bike. Liefert bei Bedarf beeindruckende 90 Nm Drehmoment. Leistungsstark, schnell und extrem laufruhig. Hergestellt in Europa.<\/p>\n\n\n\n<a class=\"gb-button gb-button-1b39b37d gb-button-text\" href=\"https:\/\/www.instinctiv.bike\/de\/ocelot-lightweight-emtb\/\">ocelot endecken<\/a>\n\n<\/div><\/div>\n<\/div>\n<\/div>\n\n<div class=\"gb-container gb-container-3fde5da3 full_width\" id=\"kodiak\">\n<div class=\"gb-grid-wrapper gb-grid-wrapper-ec70daac nopadding nomargin\">\n<div class=\"gb-grid-column gb-grid-column-27d75503\"><div class=\"gb-container gb-container-27d75503\">\n\n<figure class=\"gb-block-image gb-block-image-744409ad\"><a href=\"https:\/\/www.instinctiv.bike\/de\/kodiak-gearbox-mtb\/\"><img loading=\"lazy\" decoding=\"async\" width=\"2560\" height=\"1599\" class=\"gb-image gb-image-744409ad\" src=\"https:\/\/www.instinctiv.bike\/wp-content\/uploads\/KODIAK-140-HERO-TERRACOTA-MATT-scaled.jpg\" alt=\"Das Schaltgetriebe mountain bike. Ausgewogene, Tonnen von Grip, extrem gepflanzt und pr\u00e4zise Handhabung.\" title=\"KODIAK 140 HERO TERRACOTA MATT\" srcset=\"https:\/\/www.instinctiv.bike\/wp-content\/uploads\/KODIAK-140-HERO-TERRACOTA-MATT-scaled.jpg 2560w, https:\/\/www.instinctiv.bike\/wp-content\/uploads\/KODIAK-140-HERO-TERRACOTA-MATT-scaled-300x187.jpg 300w, https:\/\/www.instinctiv.bike\/wp-content\/uploads\/KODIAK-140-HERO-TERRACOTA-MATT-768x480.jpg 768w, https:\/\/www.instinctiv.bike\/wp-content\/uploads\/KODIAK-140-HERO-TERRACOTA-MATT-1536x959.jpg 1536w, https:\/\/www.instinctiv.bike\/wp-content\/uploads\/KODIAK-140-HERO-TERRACOTA-MATT-2048x1279.jpg 2048w, https:\/\/www.instinctiv.bike\/wp-content\/uploads\/KODIAK-140-HERO-TERRACOTA-MATT-18x12.jpg 18w\" sizes=\"auto, (max-width: 2560px) 100vw, 2560px\" \/><\/a><\/figure>\n\n<\/div><\/div>\n<\/div>\n\n<div class=\"gb-grid-wrapper gb-grid-wrapper-83c215fc teaser_grid\">\n<div class=\"gb-grid-column gb-grid-column-9e517f91\"><div class=\"gb-container gb-container-9e517f91\">\n\n<h2 class=\"wp-block-heading nounderline has-contrast-color has-text-color has-link-color wp-elements-46b54d332ae41500bd4847d95d5f3bed\" style=\"text-transform:none\">kodiak<\/h2>\n\n\n\n<p class=\"medium nounderline nomargin\">Hightech MTB mit Getreibe. Geringes ungefedertes Gewicht, wartungsarm und eine riesige Reichweite von 600%. Viel Grip, leistungsstark und schnell. Mit Carbon Riemenantrieb und elektronischer Schaltung. Hergestellt in Europa.<\/p>\n\n\n\n<a class=\"gb-button gb-button-a132de4f gb-button-text configure-button\" href=\"https:\/\/www.instinctiv.bike\/de\/kodiak-gearbox-mtb\/\">Kodiak entdecken<\/a>\n\n<\/div><\/div>\n<\/div>\n<\/div>\n\n<div class=\"gb-container gb-container-ff8a909a double_image_container\">\n<div class=\"gb-grid-wrapper gb-grid-wrapper-e2d18be5\">\n<div class=\"gb-grid-column gb-grid-column-ddb77a10\"><div class=\"gb-container gb-container-ddb77a10 alignbottom\" style=\"background-image: url(https:\/\/www.instinctiv.bike\/wp-content\/uploads\/Instinctiv_Kodiak_MX-scaled.jpg);\"><\/div><\/div>\n\n<div class=\"gb-grid-column gb-grid-column-5e61671f\"><div class=\"gb-container gb-container-5e61671f alignbottom\" style=\"background-image: url(https:\/\/www.instinctiv.bike\/wp-content\/uploads\/ocelot_brixen_7.jpg);\"><\/div><\/div>\n<\/div>\n<\/div>\n\n<div class=\"gb-container gb-container-34b37fb3 full_width\">\n<div class=\"gb-grid-wrapper gb-grid-wrapper-3e0c8b6a teaser_grid\">\n<div class=\"gb-grid-column gb-grid-column-a85ebb30\"><div class=\"gb-container gb-container-a85ebb30 narrowwidth\">\n\n<h2 class=\"wp-block-heading large_title\" style=\"text-transform:none\">hergestellt in Europa<\/h2>\n\n\n\n<p class=\"medium nomargin\">Wir entwickeln und bauen unsere mountain bikes in Europa. Jedes bike, das wir herstellen, ist einzigartig. Mit einem Maximum an europ\u00e4ischen Komponenten und Produktionsschritten. Selbst die Montage der Rahmenlager und die Beschichtung werden in Europa durchgef\u00fchrt.<\/p>\n\n<\/div><\/div>\n<\/div>\n<\/div>\n\n<div class=\"gb-container gb-container-9a6e0f29 full_width visible_desktop\">\n\n<video id=\"video_desktop\" poster=\"https:\/\/www.instinctiv.bike\/video\/air_s_intro.jpg\" class=\"video_desktop video_background\" preload=\"metadata\" playsinline muted loop>     \n<source src=\"https:\/\/www.instinctiv.bike\/video\/air_s_intro_lq.mp4\" type=\"video\/mp4\">\n<\/video>\n\n\n\n<script>\n\twindow.onload = addAutoplay();\n\t\n        function addAutoplay() {\n\t\tif(window.innerWidth > 1025){\n\t\t\tdocument.getElementById('video_desktop').play();\n\t  }  else {\n                        document.getElementById('video_desktop').remove();\n\t }\t\n\t};\n<\/script>\n\n<\/div>\n\n<div class=\"gb-container gb-container-b6bd2592 full_width visible_mobile\"><\/div>\n\n<div class=\"gb-container gb-container-f0183f2a double_image_container\">\n<div class=\"gb-grid-wrapper gb-grid-wrapper-54bbe293\">\n<div class=\"gb-grid-column gb-grid-column-1b0a2603\"><div class=\"gb-container gb-container-1b0a2603 alignbottom\" style=\"background-image: url(https:\/\/www.instinctiv.bike\/wp-content\/uploads\/ocelot_details_shock.jpg);\"><\/div><\/div>\n\n<div class=\"gb-grid-column gb-grid-column-01f67bc2\"><div class=\"gb-container gb-container-01f67bc2 alignbottom\" style=\"background-image: url(https:\/\/www.instinctiv.bike\/wp-content\/uploads\/ocelot_details_135_puma.jpg);\"><\/div><\/div>\n<\/div>\n<\/div>\n\n<div class=\"gb-container gb-container-6bc66157\"><\/div>\n\n<div class=\"gb-container gb-container-a8d57211 full_width\">\n<div class=\"gb-grid-wrapper gb-grid-wrapper-bbafc7bf teaser_grid\">\n<div class=\"gb-grid-column gb-grid-column-c224ea75\"><div class=\"gb-container gb-container-c224ea75 narrowwidth\">\n\n<h2 class=\"wp-block-heading large_title\" style=\"text-transform:none\">wer wir sind<\/h2>\n\n\n\n<p class=\"medium nomargin\">Wir sind ein Team aus fahrradbegeisterten Ingenieuren und Designern. Wir bauen leistungsstarke Mountainbikes f\u00fcr Athleten, sportliche Fahrer und alle, die gerne an ihre Grenzen gehen. Mit herausragendem Design, hervorragendem Fahrgef\u00fchl und hochwertigen europ\u00e4ischen Komponenten.<\/p>\n\n<\/div><\/div>\n<\/div>\n<\/div>\n\n<div class=\"gb-container gb-container-2b2abcba full_width\"><\/div>\n\n<div class=\"gb-container gb-container-2e97a6dc full_width\">\n<div class=\"gb-grid-wrapper gb-grid-wrapper-1e68c7cb teaser_grid\">\n<div class=\"gb-grid-column gb-grid-column-eff96248\"><div class=\"gb-container gb-container-eff96248\">\n\n<h2 class=\"wp-block-heading large_title\" style=\"text-transform:none\">events<\/h2>\n\n<\/div><\/div>\n<\/div>\n\n<div class=\"gb-grid-wrapper gb-grid-wrapper-4a098397 teaser_grid\">\n<div class=\"gb-grid-column gb-grid-column-d32c5753\"><div class=\"gb-container gb-container-d32c5753\">\n<div class=\"gb-grid-wrapper gb-grid-wrapper-0d48bc07 nopadding\">\n<div class=\"gb-grid-column gb-grid-column-9c72961d\"><div class=\"gb-container gb-container-9c72961d\">\n<div class=\"gb-container gb-container-d1cd9d56\">\n\n<h2 class=\"wp-block-heading\" style=\"text-transform:none\">H\u00e4ndlerveranstaltung<\/h2>\n\n\n\n<p class=\"small\">Bei unserem H\u00e4ndler Martin eBike in der Bismarckstra\u00dfe 25, 78652 Dei\u00dflingen, k\u00f6nnen Sie sich ein Ocelot ansehen und Probe fahren. Weitere Informationen: <a href=\"https:\/\/martin-ebike.de\" target=\"_blank\" rel=\"noreferrer noopener\">martin-ebike.de<\/a><\/p>\n\n<\/div>\n\n<div class=\"gb-container gb-container-1c34d99c\">\n\n<h3 class=\"wp-block-heading\" style=\"text-transform:none\">Dei\u00dflingen \/ DE<\/h3>\n\n\n\n<p class=\"small nomargin\">30. Mai 2026<\/p>\n\n<\/div>\n<\/div><\/div>\n\n<div class=\"gb-grid-column gb-grid-column-f2c30c7f\"><div class=\"gb-container gb-container-f2c30c7f\">\n<div class=\"gb-container gb-container-da8e25a3\">\n\n<h2 class=\"wp-block-heading\" style=\"text-transform:lowercase\">bike K\u00f6nigreich Testride<\/h2>\n\n\n\n<p class=\"small\">Sie k\u00f6nnen eine Ocelot auf dem Maxon-Stand sehen und ausprobieren. Mehr Informationen finden Sie unter <a href=\"https:\/\/www.bikekingdom.ch\/en\/Events\/Testride\" target=\"_blank\" rel=\"noopener\">bikekingdom.ch<\/a><\/p>\n\n<\/div>\n\n<div class=\"gb-container gb-container-422a7353\">\n\n<h3 class=\"wp-block-heading\" style=\"text-transform:none\">Lenzerheide \/ CH<\/h3>\n\n\n\n<p class=\"small nomargin\">4 - 6 september 2026<\/p>\n\n<\/div>\n<\/div><\/div>\n\n<div class=\"gb-grid-column gb-grid-column-cc2e9608\"><div class=\"gb-container gb-container-cc2e9608\">\n<div class=\"gb-container gb-container-6adc0d89\">\n\n<h2 class=\"wp-block-heading\" style=\"text-transform:lowercase\">Sea Otter Europa<\/h2>\n\n\n\n<p class=\"small\">Sie k\u00f6nnen eine Ocelot auf dem Maxon-Stand sehen und ausprobieren. Mehr Informationen finden Sie unter <a href=\"https:\/\/www.seaottereurope.com\/\" target=\"_blank\" rel=\"noopener\">seaottereurope.com<\/a><\/p>\n\n<\/div>\n\n<div class=\"gb-container gb-container-903741e7\">\n\n<h3 class=\"wp-block-heading\" style=\"text-transform:none\">Girona \/ ES<\/h3>\n\n\n\n<p class=\"small nomargin\">18 - 20 september 2026<\/p>\n\n<\/div>\n<\/div><\/div>\n<\/div>\n<\/div><\/div>\n<\/div>\n<\/div>\n\n<div class=\"gb-container gb-container-1b564f92 full_width\">\n<div class=\"gb-grid-wrapper gb-grid-wrapper-69c35ad2\">\n<div class=\"gb-grid-column gb-grid-column-be618beb\"><div class=\"gb-container gb-container-be618beb\">\n\n<h2 class=\"wp-block-heading large_title\" id=\"h-development\">einschreiben<\/h2>\n\n<\/div><\/div>\n\n<div class=\"gb-grid-column gb-grid-column-389ca305\"><div class=\"gb-container gb-container-389ca305\"><\/div><\/div>\n\n<div class=\"gb-grid-column gb-grid-column-3ecd738a\"><div class=\"gb-container gb-container-3ecd738a reading_block\">\n\n<p class=\"medium\">Melde dich f\u00fcr unseren Newsletter an und erfahre als Erster von neuen Fahrr\u00e4dern, tollen Angeboten und bevorstehenden Veranstaltungen. Keine Sorge, wir werden dich nicht mit Spam-Mails \u00fcbersch\u00fctten.<\/p>\n\n\n\n<div class=\"wpcf7 no-js\" id=\"wpcf7-f30889-o1\" lang=\"en-US\" dir=\"ltr\" data-wpcf7-id=\"30889\">\n<div class=\"screen-reader-response\"><p role=\"status\" aria-live=\"polite\" aria-atomic=\"true\"><\/p> <ul><\/ul><\/div>\n<form action=\"\/de\/wp-json\/wp\/v2\/pages\/2#wpcf7-f30889-o1\" method=\"post\" class=\"wpcf7-form init\" aria-label=\"Contact form\" novalidate=\"novalidate\" data-status=\"init\" data-trp-original-action=\"\/de\/wp-json\/wp\/v2\/pages\/2#wpcf7-f30889-o1\">\n<fieldset class=\"hidden-fields-container\"><input type=\"hidden\" name=\"_wpcf7\" value=\"30889\" \/><input type=\"hidden\" name=\"_wpcf7_version\" value=\"6.1.5\" \/><input type=\"hidden\" name=\"_wpcf7_locale\" value=\"en_US\" \/><input type=\"hidden\" name=\"_wpcf7_unit_tag\" value=\"wpcf7-f30889-o1\" \/><input type=\"hidden\" name=\"_wpcf7_container_post\" value=\"0\" \/><input type=\"hidden\" name=\"_wpcf7_posted_data_hash\" value=\"\" \/>\n<\/fieldset>\n<p><span class=\"wpcf7-form-control-wrap\" data-name=\"name-1\"><input size=\"40\" maxlength=\"400\" class=\"wpcf7-form-control wpcf7-text wpcf7-validates-as-required\" aria-required=\"true\" aria-invalid=\"false\" placeholder=\"Name*\" value=\"\" type=\"text\" name=\"name-1\" \/><\/span>\n<\/p>\n<p><span class=\"wpcf7-form-control-wrap\" data-name=\"email-1\"><input size=\"40\" maxlength=\"400\" class=\"wpcf7-form-control wpcf7-email wpcf7-validates-as-required wpcf7-text wpcf7-validates-as-email\" aria-required=\"true\" aria-invalid=\"false\" placeholder=\"E-Mail Adresse*\" value=\"\" type=\"email\" name=\"email-1\" \/><\/span>\n<\/p>\n<p><input class=\"wpcf7-form-control wpcf7-submit has-spinner button\" type=\"submit\" value=\"senden.\" \/>\n<\/p><div class=\"wpcf7-response-output\" aria-hidden=\"true\"><\/div>\n<input type=\"hidden\" name=\"trp-form-language\" value=\"de\"\/><\/form>\n<\/div>\n\n\n<\/div><\/div>\n<\/div>\n<\/div>","protected":false},"excerpt":{"rendered":"","protected":false},"author":229,"featured_media":0,"parent":0,"menu_order":0,"comment_status":"closed","ping_status":"closed","template":"","meta":{"footnotes":""},"class_list":["post-2","page","type-page","status-publish"],"_links":{"self":[{"href":"https:\/\/www.instinctiv.bike\/de\/wp-json\/wp\/v2\/pages\/2","targetHints":{"allow":["GET"]}}],"collection":[{"href":"https:\/\/www.instinctiv.bike\/de\/wp-json\/wp\/v2\/pages"}],"about":[{"href":"https:\/\/www.instinctiv.bike\/de\/wp-json\/wp\/v2\/types\/page"}],"author":[{"embeddable":true,"href":"https:\/\/www.instinctiv.bike\/de\/wp-json\/wp\/v2\/users\/229"}],"replies":[{"embeddable":true,"href":"https:\/\/www.instinctiv.bike\/de\/wp-json\/wp\/v2\/comments?post=2"}],"version-history":[{"count":124,"href":"https:\/\/www.instinctiv.bike\/de\/wp-json\/wp\/v2\/pages\/2\/revisions"}],"predecessor-version":[{"id":31272,"href":"https:\/\/www.instinctiv.bike\/de\/wp-json\/wp\/v2\/pages\/2\/revisions\/31272"}],"wp:attachment":[{"href":"https:\/\/www.instinctiv.bike\/de\/wp-json\/wp\/v2\/media?parent=2"}],"curies":[{"name":"wp","href":"https:\/\/api.w.org\/{rel}","templated":true}]}}