{"id":27003,"date":"2025-11-17T14:25:25","date_gmt":"2025-11-17T13:25:25","guid":{"rendered":"https:\/\/www.instinctiv.bike\/?page_id=27003"},"modified":"2025-11-17T17:14:13","modified_gmt":"2025-11-17T16:14:13","slug":"dealer-portal","status":"publish","type":"page","link":"https:\/\/www.instinctiv.bike\/de\/dealer-portal\/","title":{"rendered":"H\u00e4ndlerportal"},"content":{"rendered":"<div class=\"gb-container gb-container-31367b11\">\n<div class=\"gb-grid-wrapper gb-grid-wrapper-25fc1532\">\n<div class=\"gb-grid-column gb-grid-column-18088515\"><div class=\"gb-container gb-container-18088515\">\n\n<h1 class=\"wp-block-heading\" id=\"h-buy-at-a-dealer\" style=\"text-transform:capitalize\">Hallo, ,<\/h1>\n\n<\/div><\/div>\n<\/div>\n<\/div>\n\n<div class=\"gb-container gb-container-c0d0eb46\">\n<div class=\"gb-grid-wrapper gb-grid-wrapper-ddb1d029\">\n<div class=\"gb-grid-column gb-grid-column-36f5bb89\"><div class=\"gb-container gb-container-36f5bb89\">\n\n<p class=\"medium\">Als H\u00e4ndler findest du hier interessante Informationen \u00fcber unsere bikes, darunter Bilder, technische Informationen, Serviceanleitungen und mehr. <\/p>\n\n<\/div><\/div>\n<\/div>\n<\/div>\n\n<div class=\"gb-container gb-container-67c67214 full_width hidebyrole\">\n<div class=\"gb-grid-wrapper gb-grid-wrapper-4ae91bd9\">\n<div class=\"gb-grid-column gb-grid-column-dd87754a\"><div class=\"gb-container gb-container-dd87754a reading_block\">\n\n<h2 class=\"wp-block-heading large_title\" id=\"h-no-dealer\">nicht eingeloggt<\/h2>\n\n<\/div><\/div>\n\n<div class=\"gb-grid-column gb-grid-column-40338dd3\"><div class=\"gb-container gb-container-40338dd3\"><\/div><\/div>\n\n<div class=\"gb-grid-column gb-grid-column-215d2f60\"><div class=\"gb-container gb-container-215d2f60 reading_block white_form\">\n\n<p>Du bist derzeit nicht mit einem H\u00e4ndlerkonto eingeloggt und kannst die Inhalte hier nicht sehen. Sag uns Bescheid, wenn du ein H\u00e4ndler bist und Unterst\u00fctzung f\u00fcr den Zugang zu diesem Portal brauchst. <\/p>\n\n\n\n<div style=\"height:40px\" aria-hidden=\"true\" class=\"wp-block-spacer\"><\/div>\n\n<\/div><\/div>\n<\/div>\n<\/div>\n\n<div class=\"gb-container gb-container-d53f15f0 full_width showbyrole\">\n<div class=\"gb-grid-wrapper gb-grid-wrapper-a2ecc50e\">\n<div class=\"gb-grid-column gb-grid-column-65607202\"><div class=\"gb-container gb-container-65607202 reading_block\">\n\n<h2 class=\"wp-block-heading\" id=\"h-no-dealer\">Bilder<\/h2>\n\n<\/div><\/div>\n\n<div class=\"gb-grid-column gb-grid-column-7cc0ce76\"><div class=\"gb-container gb-container-7cc0ce76\"><\/div><\/div>\n\n<div class=\"gb-grid-column gb-grid-column-f0ac7465\"><div class=\"gb-container gb-container-f0ac7465 reading_block white_form\">\n\n<p>Lade hier Bilderpakete herunter, die du f\u00fcr deine Website oder deine Werbung verwenden kannst. <\/p>\n\n\n\n<p><a href=\"https:\/\/www.instinctiv.bike\/static\/dealer_portal\/images\/25_instinctiv_logo.zip\" data-type=\"link\" data-id=\"https:\/\/www.instinctiv.bike\/static\/dealer_portal\/image_packages\/25_ocelot_product_renders.zip\">Instinctiv-Logos \/ 4MB<\/a><\/p>\n\n\n\n<p><a href=\"https:\/\/www.instinctiv.bike\/static\/dealer_portal\/images\/25_ocelot_product_renders.zip\" data-type=\"link\" data-id=\"https:\/\/www.instinctiv.bike\/static\/dealer_portal\/image_packages\/25_ocelot_product_renders.zip\">Ocelot Produktbilder, Renderings \/ 56MB<\/a><\/p>\n\n\n\n<p><a href=\"https:\/\/www.instinctiv.bike\/static\/dealer_portal\/images\/25_ocelot_details_high_res.zip\" data-type=\"link\" data-id=\"https:\/\/www.instinctiv.bike\/static\/dealer_portal\/image_packages\/25_ocelot_details_high_res.zip\">Ocelot Details, Fotosession, hohe Aufl\u00f6sung \/ 241MB<\/a><\/p>\n\n\n\n<p><a href=\"https:\/\/www.instinctiv.bike\/static\/dealer_portal\/images\/25_ocelot_dreambuild.zip\" data-type=\"link\" data-id=\"https:\/\/www.instinctiv.bike\/static\/dealer_portal\/image_packages\/25_ocelot_dreambuild.zip\">Ocelot Dreambuild bei Maxon, Fotosession \/ 6MB<\/a><\/p>\n\n\n\n<p><a href=\"https:\/\/www.instinctiv.bike\/static\/dealer_portal\/images\/25_ocelot_in_terrain.zip\" data-type=\"link\" data-id=\"https:\/\/www.instinctiv.bike\/static\/dealer_portal\/image_packages\/25_ocelot_in_terrain.zip\">Ocelot im Gel\u00e4nde, Fotos mit niedriger Aufl\u00f6sung \/ 15MB<\/a><\/p>\n\n\n\n<div style=\"height:40px\" aria-hidden=\"true\" class=\"wp-block-spacer\"><\/div>\n\n<\/div><\/div>\n<\/div>\n<\/div>\n\n<div class=\"gb-container gb-container-d9e2d8be full_width showbyrole\">\n<div class=\"gb-grid-wrapper gb-grid-wrapper-b62e47bb\">\n<div class=\"gb-grid-column gb-grid-column-11ffd8e4\"><div class=\"gb-container gb-container-11ffd8e4 reading_block\">\n\n<h2 class=\"wp-block-heading\" id=\"h-no-dealer\">Geometrie<\/h2>\n\n<\/div><\/div>\n\n<div class=\"gb-grid-column gb-grid-column-902ea79b\"><div class=\"gb-container gb-container-902ea79b\"><\/div><\/div>\n\n<div class=\"gb-grid-column gb-grid-column-c2fc52f1\"><div class=\"gb-container gb-container-c2fc52f1 reading_block white_form\">\n\n<p>Lade hier Geometriekarten herunter.<\/p>\n\n\n\n<p><a href=\"https:\/\/www.instinctiv.bike\/static\/dealer_portal\/geometry\/ocelot_geometry_chart_6.0.pdf\" data-type=\"link\" data-id=\"https:\/\/www.instinctiv.bike\/static\/dealer_portal\/geometry\/ocelot_geometry_chart_6.0.pdf\">Ocelot Geometrietabellen, alle Modelle<\/a><\/p>\n\n\n\n<div style=\"height:40px\" aria-hidden=\"true\" class=\"wp-block-spacer\"><\/div>\n\n<\/div><\/div>\n<\/div>\n<\/div>\n\n<div class=\"gb-container gb-container-3fd35316 full_width showbyrole\">\n<div class=\"gb-grid-wrapper gb-grid-wrapper-8983c0ff\">\n<div class=\"gb-grid-column gb-grid-column-c0aa4da5\"><div class=\"gb-container gb-container-c0aa4da5 reading_block\">\n\n<h2 class=\"wp-block-heading\" id=\"h-no-dealer\">Handb\u00fccher<\/h2>\n\n<\/div><\/div>\n\n<div class=\"gb-grid-column gb-grid-column-e33fb385\"><div class=\"gb-container gb-container-e33fb385\"><\/div><\/div>\n\n<div class=\"gb-grid-column gb-grid-column-e5798b78\"><div class=\"gb-container gb-container-e5798b78 reading_block white_form\">\n\n<p>Lade hier die bike Handb\u00fccher herunter.<\/p>\n\n\n\n<p><a href=\"https:\/\/www.instinctiv.bike\/static\/user_manuals\/kodiak_user_manual.pdf\" data-type=\"link\" data-id=\"https:\/\/www.instinctiv.bike\/static\/dealer_portal\/geometry\/ocelot_geometry_chart_6.0.pdf\">Kodiak Benutzerhandbuch<\/a><\/p>\n\n\n\n<div style=\"height:40px\" aria-hidden=\"true\" class=\"wp-block-spacer\"><\/div>\n\n<\/div><\/div>\n<\/div>\n<\/div>\n\n<div class=\"gb-container gb-container-5088ed03 full_width showbyrole\">\n<div class=\"gb-grid-wrapper gb-grid-wrapper-57b1dccd\">\n<div class=\"gb-grid-column gb-grid-column-24101197\"><div class=\"gb-container gb-container-24101197 reading_block\">\n\n<h2 class=\"wp-block-heading\" id=\"h-no-dealer\">Zeichnungen<\/h2>\n\n<\/div><\/div>\n\n<div class=\"gb-grid-column gb-grid-column-8c57201c\"><div class=\"gb-container gb-container-8c57201c\"><\/div><\/div>\n\n<div class=\"gb-grid-column gb-grid-column-3f1a5255\"><div class=\"gb-container gb-container-3f1a5255 reading_block white_form\">\n\n<p><\/p>\n\n\n\n<div style=\"height:40px\" aria-hidden=\"true\" class=\"wp-block-spacer\"><\/div>\n\n<\/div><\/div>\n<\/div>\n<\/div>","protected":false},"excerpt":{"rendered":"","protected":false},"author":229,"featured_media":0,"parent":0,"menu_order":0,"comment_status":"closed","ping_status":"closed","template":"","meta":{"footnotes":""},"class_list":["post-27003","page","type-page","status-publish"],"_links":{"self":[{"href":"https:\/\/www.instinctiv.bike\/de\/wp-json\/wp\/v2\/pages\/27003","targetHints":{"allow":["GET"]}}],"collection":[{"href":"https:\/\/www.instinctiv.bike\/de\/wp-json\/wp\/v2\/pages"}],"about":[{"href":"https:\/\/www.instinctiv.bike\/de\/wp-json\/wp\/v2\/types\/page"}],"author":[{"embeddable":true,"href":"https:\/\/www.instinctiv.bike\/de\/wp-json\/wp\/v2\/users\/229"}],"replies":[{"embeddable":true,"href":"https:\/\/www.instinctiv.bike\/de\/wp-json\/wp\/v2\/comments?post=27003"}],"version-history":[{"count":0,"href":"https:\/\/www.instinctiv.bike\/de\/wp-json\/wp\/v2\/pages\/27003\/revisions"}],"wp:attachment":[{"href":"https:\/\/www.instinctiv.bike\/de\/wp-json\/wp\/v2\/media?parent=27003"}],"curies":[{"name":"wp","href":"https:\/\/api.w.org\/{rel}","templated":true}]}}