{"id":29874,"date":"2026-03-28T16:49:26","date_gmt":"2026-03-28T15:49:26","guid":{"rendered":"https:\/\/www.instinctiv.bike\/?page_id=29874"},"modified":"2026-03-30T19:59:51","modified_gmt":"2026-03-30T18:59:51","slug":"how-we-design-bikes","status":"publish","type":"page","link":"https:\/\/www.instinctiv.bike\/de\/how-we-design-bikes\/","title":{"rendered":"wie wir bikes gestalten"},"content":{"rendered":"<div class=\"gb-container gb-container-31367b11\">\n<div class=\"gb-grid-wrapper gb-grid-wrapper-25fc1532\">\n<div class=\"gb-grid-column gb-grid-column-18088515\"><div class=\"gb-container gb-container-18088515\">\n\n<h1 class=\"wp-block-heading\" id=\"h-quality\">wie wir bikes gestalten<\/h1>\n\n<\/div><\/div>\n<\/div>\n<\/div>\n\n<div class=\"gb-container gb-container-c0d0eb46\">\n<div class=\"gb-grid-wrapper gb-grid-wrapper-ddb1d029\">\n<div class=\"gb-grid-column gb-grid-column-36f5bb89\"><div class=\"gb-container gb-container-36f5bb89\">\n\n<p class=\"medium nounderline has-contrast-color has-text-color has-link-color wp-elements-131beeb6d97de5b26d31cf2d3c992ee1\">Wolltest du schon immer wissen, wie ein neues mountain bike entsteht? Wir nehmen dich mit von den Anf\u00e4ngen des Design- und Entwicklungsprozesses bis hin zum Prototyping und der Produktion.  <\/p>\n\n<\/div><\/div>\n<\/div>\n<\/div>\n\n<div class=\"gb-container gb-container-b1e162af double_image_container\">\n<div class=\"gb-grid-wrapper gb-grid-wrapper-46ecfe93\">\n<div class=\"gb-grid-column gb-grid-column-5e5e474f\"><div class=\"gb-container gb-container-5e5e474f alignbottom\" style=\"background-image: url(https:\/\/www.instinctiv.bike\/wp-content\/uploads\/kamenjak_testing_v2.jpg);\"><\/div><\/div>\n<\/div>\n<\/div>\n\n<div class=\"gb-container gb-container-c9b3bae4\">\n<div class=\"gb-grid-wrapper gb-grid-wrapper-6246f58d\">\n<div class=\"gb-grid-column gb-grid-column-a4db61c1\"><div class=\"gb-container gb-container-a4db61c1\">\n\n<h2 class=\"wp-block-heading\" id=\"h-crazy-about-bikes\">Der Anfang<\/h2>\n\n<\/div><\/div>\n\n<div class=\"gb-grid-column gb-grid-column-444409eb\"><div class=\"gb-container gb-container-444409eb\"><\/div><\/div>\n\n<div class=\"gb-grid-column gb-grid-column-61367083\"><div class=\"gb-container gb-container-61367083\">\n\n<p>Unser bikes beginnt eigentlich als Traum, nicht als Gesch\u00e4ftsplan. Normalerweise f\u00e4ngt es so an: Was w\u00e4re, wenn wir ein... <\/p>\n\n\n\n<p>Wir machen keine Marktforschung, sondern diskutieren in unserem Team, sprechen mit Fahrern, denen wir vertrauen, und tr\u00e4umen von einem bike, das wir selbst gerne fahren w\u00fcrden. <\/p>\n\n\n\n<p>Es geht uns vor allem um das Design und die Fahrqualit\u00e4t. Der bikes sollte etwas Neues bieten, besonders aussehen und eine au\u00dfergew\u00f6hnliche Fahrqualit\u00e4t haben, was f\u00fcr uns bedeutet, dass er schnell, ausgewogen und vertrauenserweckend sein sollte. <\/p>\n\n<\/div><\/div>\n<\/div>\n<\/div>\n\n<div class=\"gb-container gb-container-7ad44b7b\">\n<div class=\"gb-container gb-container-7e6987da\">\n\n<figure class=\"wp-block-gallery has-nested-images columns-2 is-cropped full_width has-background-background-color has-background wp-block-gallery-1 is-layout-flex wp-block-gallery-is-layout-flex\">\n<figure class=\"wp-block-image size-full is-style-default\"><img decoding=\"async\" data-id=\"1896\" src=\"https:\/\/www.alskar.com\/wp-content\/uploads\/bike_strategy_6.jpg\" alt=\"Fahrraddesign, ebike Entwicklung, Strategie einer Stra\u00dfe bike\" class=\"wp-image-1896\"\/><\/figure>\n\n\n\n<figure class=\"wp-block-image size-full\"><img decoding=\"async\" data-id=\"1893\" src=\"https:\/\/www.alskar.com\/wp-content\/uploads\/bike_strategy_3.jpg\" alt=\"Fahrraddesign, ebike-Entwicklung, Strategie und Forschung zu drivetrain\" class=\"wp-image-1893\"\/><\/figure>\n\n\n\n<figure class=\"wp-block-image size-full\"><img loading=\"lazy\" decoding=\"async\" width=\"2007\" height=\"1322\" data-id=\"26836\" src=\"https:\/\/www.instinctiv.bike\/wp-content\/uploads\/bike_strategy_7.jpg\" alt=\"\" class=\"wp-image-26836\" srcset=\"https:\/\/www.instinctiv.bike\/wp-content\/uploads\/bike_strategy_7.jpg 2007w, https:\/\/www.instinctiv.bike\/wp-content\/uploads\/bike_strategy_7-300x198.jpg 300w, https:\/\/www.instinctiv.bike\/wp-content\/uploads\/bike_strategy_7-768x506.jpg 768w, https:\/\/www.instinctiv.bike\/wp-content\/uploads\/bike_strategy_7-1536x1012.jpg 1536w, https:\/\/www.instinctiv.bike\/wp-content\/uploads\/bike_strategy_7-18x12.jpg 18w\" sizes=\"auto, (max-width: 2007px) 100vw, 2007px\" \/><\/figure>\n<\/figure>\n\n<\/div>\n<\/div>\n\n<div class=\"gb-container gb-container-adbf06b7\">\n<div class=\"gb-grid-wrapper gb-grid-wrapper-b56bc9b8\">\n<div class=\"gb-grid-column gb-grid-column-c438cdf3\"><div class=\"gb-container gb-container-c438cdf3\">\n\n<h2 class=\"wp-block-heading\" id=\"h-strategy\">Strategie<\/h2>\n\n<\/div><\/div>\n\n<div class=\"gb-grid-column gb-grid-column-130be959\"><div class=\"gb-container gb-container-130be959\"><\/div><\/div>\n\n<div class=\"gb-grid-column gb-grid-column-cab8ee7d\"><div class=\"gb-container gb-container-cab8ee7d\">\n\n<p>Zuerst machen wir unsere Hausaufgaben. Nat\u00fcrlich wissen wir eine Menge dar\u00fcber, was in der Branche vor sich geht, aber wir fangen trotzdem mit der Recherche an.<\/p>\n\n\n\n<p>Wir sprechen mit Fahrern, sehen uns die neuesten Roadmaps der Zulieferer an, pr\u00fcfen, was andere Hersteller machen und fahren bikes. <\/p>\n\n\n\n<p>Das ist der Moment, in dem wir anfangen, erste Ideen zur Geometrie, Kinematik, dem drivetrain und den Komponenten zu entwickeln. Und wir nutzen unsere leistungsstarken Designtools, um erste Ideen f\u00fcr die neue Designsprache des bike zu entwickeln, ohne auch nur eine einzige Skizze anzufertigen.<\/p>\n\n<\/div><\/div>\n<\/div>\n<\/div>\n\n<div class=\"gb-container gb-container-bace4a5a\">\n\n<figure class=\"wp-block-gallery has-nested-images columns-2 is-cropped full_width stretch-gallery wp-block-gallery-2 is-layout-flex wp-block-gallery-is-layout-flex\">\n<figure class=\"wp-block-image size-full\"><img loading=\"lazy\" decoding=\"async\" width=\"2000\" height=\"1306\" data-id=\"22868\" src=\"https:\/\/www.instinctiv.bike\/wp-content\/uploads\/ocelot_features_geometry-1.jpg\" alt=\"\" class=\"wp-image-22868\" srcset=\"https:\/\/www.instinctiv.bike\/wp-content\/uploads\/ocelot_features_geometry-1.jpg 2000w, https:\/\/www.instinctiv.bike\/wp-content\/uploads\/ocelot_features_geometry-1-300x196.jpg 300w, https:\/\/www.instinctiv.bike\/wp-content\/uploads\/ocelot_features_geometry-1-768x502.jpg 768w, https:\/\/www.instinctiv.bike\/wp-content\/uploads\/ocelot_features_geometry-1-1536x1003.jpg 1536w\" sizes=\"auto, (max-width: 2000px) 100vw, 2000px\" \/><\/figure>\n\n\n\n<figure class=\"wp-block-image size-large\"><img decoding=\"async\" data-id=\"839\" src=\"https:\/\/www.alskar.com\/wp-content\/uploads\/2023\/03\/mobility_kinematics-1-1024x640.jpg\" alt=\"Fahrradentwicklung, Kinematik-Simulationen\" class=\"wp-image-839\"\/><\/figure>\n\n\n\n<figure class=\"wp-block-image size-full\"><img loading=\"lazy\" decoding=\"async\" width=\"2000\" height=\"1306\" data-id=\"22889\" src=\"https:\/\/www.instinctiv.bike\/wp-content\/uploads\/ocelot_puma_platform_transparent_v2.jpg\" alt=\"\" class=\"wp-image-22889\" srcset=\"https:\/\/www.instinctiv.bike\/wp-content\/uploads\/ocelot_puma_platform_transparent_v2.jpg 2000w, https:\/\/www.instinctiv.bike\/wp-content\/uploads\/ocelot_puma_platform_transparent_v2-300x196.jpg 300w, https:\/\/www.instinctiv.bike\/wp-content\/uploads\/ocelot_puma_platform_transparent_v2-768x502.jpg 768w, https:\/\/www.instinctiv.bike\/wp-content\/uploads\/ocelot_puma_platform_transparent_v2-1536x1003.jpg 1536w\" sizes=\"auto, (max-width: 2000px) 100vw, 2000px\" \/><\/figure>\n<\/figure>\n\n<\/div>\n\n<div class=\"gb-container gb-container-589a6dac\">\n<div class=\"gb-grid-wrapper gb-grid-wrapper-7fea0ddd\">\n<div class=\"gb-grid-column gb-grid-column-81918b9c\"><div class=\"gb-container gb-container-81918b9c\">\n\n<h2 class=\"wp-block-heading\" id=\"h-kinematics-and-geometry\">Kinematik und Geometrie<\/h2>\n\n<\/div><\/div>\n\n<div class=\"gb-grid-column gb-grid-column-21c42c11\"><div class=\"gb-container gb-container-21c42c11\"><\/div><\/div>\n\n<div class=\"gb-grid-column gb-grid-column-17414e0c\"><div class=\"gb-container gb-container-17414e0c\">\n\n<p>Geometrie und Kinematik sind wichtige Faktoren unseres fr\u00fchen bike-Designs. Mit den ersten Ideen zur Geometrie und Kinematik machten wir uns an die Arbeit. Wir erstellen erste 3D-CAD-Modelle des Aufh\u00e4ngungsentwurfs mit rockers, Achsen, links und Lagern und f\u00fchren viele Simulationen durch, um zu sehen, ob wir etwas finden, das uns wirklich gef\u00e4llt.<\/p>\n\n\n\n<p>Wir simulieren und testen nicht nur im CAD, sondern fahren und testen auch mit bikes und Prototypen. Die Entwicklung verl\u00e4uft nicht geradlinig, deshalb m\u00fcssen wir nach dem Testen oft zur\u00fcck zum Zeichenbrett gehen, um zu verbessern, damit wir erneut testen k\u00f6nnen. <\/p>\n\n<\/div><\/div>\n<\/div>\n<\/div>\n\n<div class=\"gb-container gb-container-ad5c9bdf\">\n\n<figure class=\"wp-block-gallery has-nested-images columns-2 is-cropped full_width stretch-gallery has-background-background-color has-background wp-block-gallery-3 is-layout-flex wp-block-gallery-is-layout-flex\">\n<figure class=\"wp-block-image size-large\"><img decoding=\"async\" data-id=\"795\" src=\"https:\/\/www.alskar.com\/wp-content\/uploads\/2023\/03\/concept-design-5-1024x640.jpg\" alt=\"Fahrraddesign, Konzeptskizze f\u00fcr head tube-Profile\" class=\"wp-image-795\"\/><\/figure>\n\n\n\n<figure class=\"wp-block-image size-full\"><img decoding=\"async\" data-id=\"2487\" src=\"https:\/\/www.alskar.com\/wp-content\/uploads\/s_sketching1.jpeg\" alt=\"Skizzieren eines mountain bike-Rahmens, Entwicklung von Fahrr\u00e4dern\" class=\"wp-image-2487\"\/><\/figure>\n\n\n\n<figure class=\"wp-block-image size-full\"><img loading=\"lazy\" decoding=\"async\" width=\"2000\" height=\"1306\" data-id=\"22772\" src=\"https:\/\/www.instinctiv.bike\/wp-content\/uploads\/ocelot_drive_overview_v2.jpg\" alt=\"\" class=\"wp-image-22772\" srcset=\"https:\/\/www.instinctiv.bike\/wp-content\/uploads\/ocelot_drive_overview_v2.jpg 2000w, https:\/\/www.instinctiv.bike\/wp-content\/uploads\/ocelot_drive_overview_v2-300x196.jpg 300w, https:\/\/www.instinctiv.bike\/wp-content\/uploads\/ocelot_drive_overview_v2-768x502.jpg 768w, https:\/\/www.instinctiv.bike\/wp-content\/uploads\/ocelot_drive_overview_v2-1536x1003.jpg 1536w\" sizes=\"auto, (max-width: 2000px) 100vw, 2000px\" \/><\/figure>\n<\/figure>\n\n<\/div>\n\n<div class=\"gb-container gb-container-2bbcde02\">\n<div class=\"gb-grid-wrapper gb-grid-wrapper-5f0c7c96\">\n<div class=\"gb-grid-column gb-grid-column-02380332\"><div class=\"gb-container gb-container-02380332\">\n\n<h2 class=\"wp-block-heading\" id=\"h-concept-development\">Konzeptdesign<\/h2>\n\n<\/div><\/div>\n\n<div class=\"gb-grid-column gb-grid-column-19553454\"><div class=\"gb-container gb-container-19553454\"><\/div><\/div>\n\n<div class=\"gb-grid-column gb-grid-column-bd19b8b5\"><div class=\"gb-container gb-container-bd19b8b5\">\n\n<p>W\u00e4hrend wir an der Kinematik, der Geometrie und dem fr\u00fchen 3D-CAD-Setup f\u00fcr die Aufh\u00e4ngungsteile arbeiten, arbeiten wir gleichzeitig an der allgemeinen Designsprache des neuen bike. Das ist immer noch Handarbeit, bei der wir viele Skizzen anfertigen, die Schritt f\u00fcr Schritt besser und realistischer werden, je mehr Informationen wir dar\u00fcber bekommen, wo die eigentlichen pivot-Punkte liegen werden und wie die Aufh\u00e4ngung funktionieren wird.<\/p>\n\n\n\n<p>Je mehr Ideen uns gefallen, desto mehr Details f\u00fcgen wir hinzu, sowohl beim Rahmen selbst als auch bei den Komponenten, um einen guten \u00dcberblick dar\u00fcber zu bekommen, wie das komplette bike aussehen wird.<\/p>\n\n<\/div><\/div>\n<\/div>\n<\/div>\n\n<div class=\"gb-container gb-container-fa85100a\">\n<div class=\"gb-grid-wrapper gb-grid-wrapper-1cdc2668\">\n<div class=\"gb-grid-column gb-grid-column-5a3b519f\"><div class=\"gb-container gb-container-5a3b519f\"><\/div><\/div>\n<\/div>\n\n\n<figure class=\"wp-block-gallery has-nested-images columns-2 is-cropped full_width stretch-gallery wp-block-gallery-4 is-layout-flex wp-block-gallery-is-layout-flex\">\n<figure class=\"wp-block-image size-large\"><img decoding=\"async\" data-id=\"843\" src=\"https:\/\/www.alskar.com\/wp-content\/uploads\/2023\/03\/2d_drawings_2-1024x640.jpg\" alt=\"Fahrradentwicklung, CAD-Zeichnungen der Sitzstrebe\" class=\"wp-image-843\"\/><\/figure>\n\n\n\n<figure class=\"wp-block-image size-large\"><img decoding=\"async\" data-id=\"840\" src=\"https:\/\/www.alskar.com\/wp-content\/uploads\/2023\/03\/fem_calculations-1024x640.jpg\" alt=\"CAD-Modell FEM-Simulationen, Entwicklung von Fahrr\u00e4dern\" class=\"wp-image-840\"\/><\/figure>\n\n\n\n<figure class=\"wp-block-image size-large\"><img decoding=\"async\" data-id=\"817\" src=\"https:\/\/www.alskar.com\/wp-content\/uploads\/2023\/03\/frame_grey_2-1024x724.jpg\" alt=\"Fahrradentwicklung, 3D-CAD-Modellierung des Rahmens\" class=\"wp-image-817\"\/><\/figure>\n<\/figure>\n\n<\/div>\n\n<div class=\"gb-container gb-container-be857e3a\">\n<div class=\"gb-grid-wrapper gb-grid-wrapper-4ac74d40\">\n<div class=\"gb-grid-column gb-grid-column-48e0bae8\"><div class=\"gb-container gb-container-48e0bae8\">\n\n<h2 class=\"wp-block-heading\" id=\"h-engineering\">Technik<\/h2>\n\n<\/div><\/div>\n\n<div class=\"gb-grid-column gb-grid-column-e8d31a99\"><div class=\"gb-container gb-container-e8d31a99\"><\/div><\/div>\n\n<div class=\"gb-grid-column gb-grid-column-d17fdb15\"><div class=\"gb-container gb-container-d17fdb15\">\n\n<p>Sobald das Konzeptdesign feststeht, beginnen wir mit der Oberfl\u00e4chenmodellierung im 3D-CAD, um den Rahmen zu bauen, die Aufh\u00e4ngungselemente, die Antriebskomponenten, die Batterie und alle Kleinteile zu integrieren. <\/p>\n\n\n\n<p>Auch dieser Prozess ist nicht linear und dauert viele Monate, da wir sehr genau im Design und in den Details sind. <\/p>\n\n\n\n<p>Um maximale Leistung bei minimalem Gewicht zu erreichen, nutzen wir Simulationen und f\u00fchren Tests mit fr\u00fchen Prototypen durch.<\/p>\n\n\n\n<p>Zus\u00e4tzlich zu einem kompletten Satz von 3D-CAD-Dateien erstellen wir eine St\u00fcckliste und einen vollst\u00e4ndigen Satz von 2D-Zeichnungen w\u00e4hrend des \u00dcbergangs zur Produktion der ersten Prototypen.<\/p>\n\n<\/div><\/div>\n<\/div>\n<\/div>\n\n<div class=\"gb-container gb-container-2d6c62c1\">\n\n<figure class=\"wp-block-gallery has-nested-images columns-2 is-cropped full_width stretch-gallery wp-block-gallery-5 is-layout-flex wp-block-gallery-is-layout-flex\">\n<figure class=\"wp-block-image size-full\"><img loading=\"lazy\" decoding=\"async\" width=\"2016\" height=\"1512\" data-id=\"23719\" src=\"https:\/\/www.instinctiv.bike\/wp-content\/uploads\/image5.jpeg\" alt=\"\" class=\"wp-image-23719\" srcset=\"https:\/\/www.instinctiv.bike\/wp-content\/uploads\/image5.jpeg 2016w, https:\/\/www.instinctiv.bike\/wp-content\/uploads\/image5-300x225.jpeg 300w, https:\/\/www.instinctiv.bike\/wp-content\/uploads\/image5-768x576.jpeg 768w, https:\/\/www.instinctiv.bike\/wp-content\/uploads\/image5-1536x1152.jpeg 1536w\" sizes=\"auto, (max-width: 2016px) 100vw, 2016px\" \/><\/figure>\n\n\n\n<figure class=\"wp-block-image size-full\"><img loading=\"lazy\" decoding=\"async\" width=\"2016\" height=\"1512\" data-id=\"23720\" src=\"https:\/\/www.instinctiv.bike\/wp-content\/uploads\/image2.jpeg\" alt=\"\" class=\"wp-image-23720\" srcset=\"https:\/\/www.instinctiv.bike\/wp-content\/uploads\/image2.jpeg 2016w, https:\/\/www.instinctiv.bike\/wp-content\/uploads\/image2-300x225.jpeg 300w, https:\/\/www.instinctiv.bike\/wp-content\/uploads\/image2-768x576.jpeg 768w, https:\/\/www.instinctiv.bike\/wp-content\/uploads\/image2-1536x1152.jpeg 1536w\" sizes=\"auto, (max-width: 2016px) 100vw, 2016px\" \/><\/figure>\n\n\n\n<figure class=\"wp-block-image size-full\"><img loading=\"lazy\" decoding=\"async\" width=\"2500\" height=\"1667\" data-id=\"23721\" src=\"https:\/\/www.instinctiv.bike\/wp-content\/uploads\/DSCF2730.jpg\" alt=\"\" class=\"wp-image-23721\" srcset=\"https:\/\/www.instinctiv.bike\/wp-content\/uploads\/DSCF2730.jpg 2500w, https:\/\/www.instinctiv.bike\/wp-content\/uploads\/DSCF2730-300x200.jpg 300w, https:\/\/www.instinctiv.bike\/wp-content\/uploads\/DSCF2730-768x512.jpg 768w, https:\/\/www.instinctiv.bike\/wp-content\/uploads\/DSCF2730-1536x1024.jpg 1536w, https:\/\/www.instinctiv.bike\/wp-content\/uploads\/DSCF2730-2048x1366.jpg 2048w\" sizes=\"auto, (max-width: 2500px) 100vw, 2500px\" \/><\/figure>\n<\/figure>\n\n<\/div>\n\n<div class=\"gb-container gb-container-7f1a3faa\">\n<div class=\"gb-grid-wrapper gb-grid-wrapper-f9787e51\">\n<div class=\"gb-grid-column gb-grid-column-d52bbca8\"><div class=\"gb-container gb-container-d52bbca8\">\n\n<h2 class=\"wp-block-heading\" id=\"h-prototyping\">Prototyping<\/h2>\n\n<\/div><\/div>\n\n<div class=\"gb-grid-column gb-grid-column-1eae771a\"><div class=\"gb-container gb-container-1eae771a\"><\/div><\/div>\n\n<div class=\"gb-grid-column gb-grid-column-6bcd6bf3\"><div class=\"gb-container gb-container-6bcd6bf3\">\n\n<p>Sowohl in der Konzept- als auch in der Entwicklungsphase bauen wir Prototypen. Fr\u00fche Prototypen sind meist eher Maultiere bikes oder Mockups, oder sie werden in 3D gedruckt. Wir nutzen sie haupts\u00e4chlich, um Formen, Kinematik und technische L\u00f6sungen zu testen. <\/p>\n\n\n\n<p>3D-gedruckte Prototypen sind gut, um die Passform von Motoren, Batterien, Kabeln und seat tube zu testen. Am Ende der Entwicklungsphase bauen wir die ersten carbon-Prototypen. Dies geschieht in Zusammenarbeit mit einem unserer carbon-Herstellungspartner.<\/p>\n\n\n\n<p>Diese ersten vollst\u00e4ndigen carbon-Prototypen sind voll funktionsf\u00e4hig und wir nutzen sie, um Leistung, Kinematik und Haltbarkeit zu testen. <\/p>\n\n\n\n<p>Wir testen das bikes und das trails in den Alpen, Kroatien und Slowenien bis an die Grenzen. W\u00e4hrend der Testphase dokumentieren wir alle Verbesserungen und nehmen bei Bedarf Aktualisierungen in den CAD-Dateien vor. <\/p>\n\n\n\n<p>Dies wird zu einer Reihe von aktualisierten Prototypen f\u00fchren, die f\u00fcr die ISO4210-Pr\u00fcfung, die CE-Zertifizierung, die Pr\u00fcfung nach anderen Normen und f\u00fcr die Pr\u00e4sentation in der \u00d6ffentlichkeit verwendet werden. <\/p>\n\n<\/div><\/div>\n<\/div>\n<\/div>\n\n<div class=\"gb-container gb-container-40a6a87d\">\n\n<figure class=\"wp-block-gallery has-nested-images columns-2 is-cropped full_width stretch-gallery wp-block-gallery-6 is-layout-flex wp-block-gallery-is-layout-flex\">\n<figure class=\"wp-block-image size-full\"><img loading=\"lazy\" decoding=\"async\" width=\"1920\" height=\"1280\" data-id=\"671\" src=\"https:\/\/www.instinctiv.bike\/wp-content\/uploads\/kamenjak_testing_v2.jpg\" alt=\"\" class=\"wp-image-671\" srcset=\"https:\/\/www.instinctiv.bike\/wp-content\/uploads\/kamenjak_testing_v2.jpg 1920w, https:\/\/www.instinctiv.bike\/wp-content\/uploads\/kamenjak_testing_v2-300x200.jpg 300w, https:\/\/www.instinctiv.bike\/wp-content\/uploads\/kamenjak_testing_v2-768x512.jpg 768w, https:\/\/www.instinctiv.bike\/wp-content\/uploads\/kamenjak_testing_v2-1536x1024.jpg 1536w, https:\/\/www.instinctiv.bike\/wp-content\/uploads\/kamenjak_testing_v2-18x12.jpg 18w\" sizes=\"auto, (max-width: 1920px) 100vw, 1920px\" \/><\/figure>\n\n\n\n<figure class=\"wp-block-image size-full\"><img loading=\"lazy\" decoding=\"async\" width=\"1920\" height=\"1080\" data-id=\"6666\" src=\"https:\/\/www.instinctiv.bike\/wp-content\/uploads\/Instinctiv_V4_poster.jpg\" alt=\"\" class=\"wp-image-6666\" srcset=\"https:\/\/www.instinctiv.bike\/wp-content\/uploads\/Instinctiv_V4_poster.jpg 1920w, https:\/\/www.instinctiv.bike\/wp-content\/uploads\/Instinctiv_V4_poster-300x169.jpg 300w\" sizes=\"auto, (max-width: 1920px) 100vw, 1920px\" \/><\/figure>\n\n\n\n<figure class=\"wp-block-image size-full\"><img loading=\"lazy\" decoding=\"async\" width=\"2400\" height=\"1773\" data-id=\"5951\" src=\"https:\/\/www.instinctiv.bike\/wp-content\/uploads\/frontpage2_emtb2.jpg\" alt=\"\" class=\"wp-image-5951\" srcset=\"https:\/\/www.instinctiv.bike\/wp-content\/uploads\/frontpage2_emtb2.jpg 2400w, https:\/\/www.instinctiv.bike\/wp-content\/uploads\/frontpage2_emtb2-300x222.jpg 300w\" sizes=\"auto, (max-width: 2400px) 100vw, 2400px\" \/><\/figure>\n<\/figure>\n\n<\/div>\n\n<div class=\"gb-container gb-container-8131308b\">\n<div class=\"gb-grid-wrapper gb-grid-wrapper-5c67b3c2\">\n<div class=\"gb-grid-column gb-grid-column-83716e77\"><div class=\"gb-container gb-container-83716e77\">\n\n<h2 class=\"wp-block-heading\" id=\"h-prototyping\">Testen<\/h2>\n\n<\/div><\/div>\n\n<div class=\"gb-grid-column gb-grid-column-f59e14bc\"><div class=\"gb-container gb-container-f59e14bc\"><\/div><\/div>\n\n<div class=\"gb-grid-column gb-grid-column-f5f506e0\"><div class=\"gb-container gb-container-f5f506e0 reading_block\">\n\n<p>F\u00fcr umfangreiche Leistungstests nutzen wir unsere Standorte in Kroatien und Slowenien. Wenn Rahmen und Komponenten die extrem felsigen und technischen Naturwege dort \u00fcberleben, werden sie so ziemlich alles \u00fcberstehen.<\/p>\n\n\n\n<p>Wir fahren Prototypen auf dem Alpine trails in Jamnica (SI) und auf den trails von UCI Premantura (HR), UCI Kamenjak (HR) und Rabac (HR). Neben diesen Testorten haben wir auch Testfahrer in der Schweiz, die an Enduro-Rennen teilnehmen.<\/p>\n\n<\/div><\/div>\n<\/div>\n<\/div>\n\n<div class=\"gb-container gb-container-9464b066 full_width\" style=\"background-image: url(https:\/\/www.instinctiv.bike\/wp-content\/uploads\/production_frontpage.jpg.jpg);\">\n<div class=\"gb-grid-wrapper gb-grid-wrapper-90ecbeaf\">\n<div class=\"gb-grid-column gb-grid-column-567b231a\"><div class=\"gb-container gb-container-567b231a\"><\/div><\/div>\n<\/div>\n<\/div>\n\n<div class=\"gb-container gb-container-cee49299\">\n<div class=\"gb-grid-wrapper gb-grid-wrapper-c5ff4d12\">\n<div class=\"gb-grid-column gb-grid-column-4f38e50a\"><div class=\"gb-container gb-container-4f38e50a\">\n\n<h2 class=\"wp-block-heading\" id=\"h-local\">hergestellt in Europa<\/h2>\n\n<\/div><\/div>\n\n<div class=\"gb-grid-column gb-grid-column-27d70c48\"><div class=\"gb-container gb-container-27d70c48\"><\/div><\/div>\n\n<div class=\"gb-grid-column gb-grid-column-ca60add6\"><div class=\"gb-container gb-container-ca60add6 reading_block\">\n\n<p>Die meisten unserer Produktionsschritte finden in Europa statt, wir f\u00fcgen sogar etwa 65 Prozent des Produktionswerts in Europa hinzu. Viele High-End-Komponenten, die wir in unserem bikes verwenden, werden ebenfalls in Europa hergestellt.<\/p>\n\n\n\n<p>Wir bauen unsere bikes komplett im Haus mit unseren eigenen Mitarbeitern. Nur die carbon-Rohteile stammen von einem erstklassigen carbon-Rahmenhersteller in Asien.<\/p>\n\n\n\n<p>Wir pr\u00fcfen die Qualit\u00e4t aller Teile im Haus, lassen die Beschichtung in Europa durchf\u00fchren und montieren unsere Rahmen komplett im Haus mit unserem eigenen Qualit\u00e4tssystem.<\/p>\n\n<\/div><\/div>\n<\/div>\n<\/div>","protected":false},"excerpt":{"rendered":"","protected":false},"author":229,"featured_media":0,"parent":0,"menu_order":0,"comment_status":"closed","ping_status":"closed","template":"","meta":{"footnotes":""},"class_list":["post-29874","page","type-page","status-publish"],"_links":{"self":[{"href":"https:\/\/www.instinctiv.bike\/de\/wp-json\/wp\/v2\/pages\/29874","targetHints":{"allow":["GET"]}}],"collection":[{"href":"https:\/\/www.instinctiv.bike\/de\/wp-json\/wp\/v2\/pages"}],"about":[{"href":"https:\/\/www.instinctiv.bike\/de\/wp-json\/wp\/v2\/types\/page"}],"author":[{"embeddable":true,"href":"https:\/\/www.instinctiv.bike\/de\/wp-json\/wp\/v2\/users\/229"}],"replies":[{"embeddable":true,"href":"https:\/\/www.instinctiv.bike\/de\/wp-json\/wp\/v2\/comments?post=29874"}],"version-history":[{"count":2,"href":"https:\/\/www.instinctiv.bike\/de\/wp-json\/wp\/v2\/pages\/29874\/revisions"}],"predecessor-version":[{"id":29968,"href":"https:\/\/www.instinctiv.bike\/de\/wp-json\/wp\/v2\/pages\/29874\/revisions\/29968"}],"wp:attachment":[{"href":"https:\/\/www.instinctiv.bike\/de\/wp-json\/wp\/v2\/media?parent=29874"}],"curies":[{"name":"wp","href":"https:\/\/api.w.org\/{rel}","templated":true}]}}