{"id":26798,"date":"2025-11-07T14:38:27","date_gmt":"2025-11-07T13:38:27","guid":{"rendered":"https:\/\/www.instinctiv.bike\/?post_type=product&#038;p=26798"},"modified":"2025-12-15T14:48:15","modified_gmt":"2025-12-15T13:48:15","slug":"ocelot-chainstay-protector","status":"publish","type":"product","link":"https:\/\/www.instinctiv.bike\/de\/store\/ocelot-chainstay-protector\/","title":{"rendered":"Ocelot chainstay Schutzvorrichtungen"},"content":{"rendered":"","protected":false},"excerpt":{"rendered":"<p>Original-Kettensch\u00fctzer aus strapazierf\u00e4higem, mittelweichem Gummi, um die Ger\u00e4usche von Kettenabschl\u00e4gen zu minimieren. Geeignet f\u00fcr unsere Ocelot light ebikes.<\/p>","protected":false},"featured_media":26902,"template":"","meta":[],"product_brand":[],"product_cat":[184,187],"product_tag":[],"class_list":{"0":"post-26798","1":"product","2":"type-product","3":"status-publish","4":"has-post-thumbnail","6":"product_cat-ocelot-parts","7":"product_cat-protectors-ocelot-parts","8":"product_shipping_class-parts","10":"first","11":"onbackorder","12":"taxable","13":"shipping-taxable","14":"purchasable","15":"product-type-simple"},"exclude_global_add_ons":[],"addons":[],"_links":{"self":[{"href":"https:\/\/www.instinctiv.bike\/de\/wp-json\/wp\/v2\/product\/26798","targetHints":{"allow":["GET"]}}],"collection":[{"href":"https:\/\/www.instinctiv.bike\/de\/wp-json\/wp\/v2\/product"}],"about":[{"href":"https:\/\/www.instinctiv.bike\/de\/wp-json\/wp\/v2\/types\/product"}],"wp:featuredmedia":[{"embeddable":true,"href":"https:\/\/www.instinctiv.bike\/de\/wp-json\/wp\/v2\/media\/26902"}],"wp:attachment":[{"href":"https:\/\/www.instinctiv.bike\/de\/wp-json\/wp\/v2\/media?parent=26798"}],"wp:term":[{"taxonomy":"product_brand","embeddable":true,"href":"https:\/\/www.instinctiv.bike\/de\/wp-json\/wp\/v2\/product_brand?post=26798"},{"taxonomy":"product_cat","embeddable":true,"href":"https:\/\/www.instinctiv.bike\/de\/wp-json\/wp\/v2\/product_cat?post=26798"},{"taxonomy":"product_tag","embeddable":true,"href":"https:\/\/www.instinctiv.bike\/de\/wp-json\/wp\/v2\/product_tag?post=26798"}],"curies":[{"name":"wp","href":"https:\/\/api.w.org\/{rel}","templated":true}]}}