{"id":2,"date":"2023-03-07T16:55:39","date_gmt":"2023-03-07T16:55:39","guid":{"rendered":"https:\/\/www.instinctiv.bike\/?page_id=2"},"modified":"2026-04-30T17:27:16","modified_gmt":"2026-04-30T16:27:16","slug":"gearbox-mtb","status":"publish","type":"page","link":"https:\/\/www.instinctiv.bike\/es\/","title":{"rendered":"P\u00c1GINA FRONTAL"},"content":{"rendered":"<div class=\"gb-container gb-container-c9c4d748 full_width\" style=\"background-image: url(https:\/\/www.instinctiv.bike\/wp-content\/uploads\/ocelot_brixen.jpg);\">\n<div class=\"gb-grid-wrapper gb-grid-wrapper-ff700802\">\n<div class=\"gb-grid-column gb-grid-column-78982fb0\"><div class=\"gb-container gb-container-78982fb0 narrowwidth\">\n<div class=\"gb-container gb-container-fffe3d95\">\n\n<h1 class=\"wp-block-heading xl_title nopadding nomargin has-base-color has-text-color has-link-color wp-elements-93c58dac8ace11c268f9f7435a0afaf7\" style=\"text-transform:none\">profesional mountain bikes, fabricado en Europa<\/h1>\n\n<\/div>\n\n<div class=\"gb-container gb-container-ae0f649a\"><\/div>\n\n\n<a class=\"gb-button gb-button-fdf4df76 gb-button-text white\" href=\"#ocelot\">descubrir m\u00e1s<\/a>\n\n\n<div class=\"gb-container gb-container-a4eaabe4\"><\/div>\n<\/div><\/div>\n<\/div>\n<\/div>\n\n<div class=\"gb-container gb-container-3f057fc2 full_width\" id=\"ocelot\">\n<div class=\"gb-grid-wrapper gb-grid-wrapper-e1f35dc8 nopadding nomargin\">\n<div class=\"gb-grid-column gb-grid-column-e0c31214\"><div class=\"gb-container gb-container-e0c31214\">\n\n<figure class=\"gb-block-image gb-block-image-ada51e62\"><img loading=\"lazy\" decoding=\"async\" width=\"2560\" height=\"1599\" class=\"gb-image gb-image-ada51e62\" src=\"https:\/\/www.instinctiv.bike\/wp-content\/uploads\/OCELOT-145-HERO-DUNE-DIA-1-scaled.jpg\" alt=\"La eMTB m\u00e1s natural. Potente, equilibrada, con una conducci\u00f3n natural y un manejo preciso.\" title=\"OCELOTE 145 H\u00c9ROE DUNA DIA\" srcset=\"https:\/\/www.instinctiv.bike\/wp-content\/uploads\/OCELOT-145-HERO-DUNE-DIA-1-scaled.jpg 2560w, https:\/\/www.instinctiv.bike\/wp-content\/uploads\/OCELOT-145-HERO-DUNE-DIA-1-scaled-300x187.jpg 300w, https:\/\/www.instinctiv.bike\/wp-content\/uploads\/OCELOT-145-HERO-DUNE-DIA-1-768x480.jpg 768w, https:\/\/www.instinctiv.bike\/wp-content\/uploads\/OCELOT-145-HERO-DUNE-DIA-1-1536x959.jpg 1536w, https:\/\/www.instinctiv.bike\/wp-content\/uploads\/OCELOT-145-HERO-DUNE-DIA-1-2048x1279.jpg 2048w, https:\/\/www.instinctiv.bike\/wp-content\/uploads\/OCELOT-145-HERO-DUNE-DIA-1-18x12.jpg 18w\" sizes=\"auto, (max-width: 2560px) 100vw, 2560px\" \/><\/figure>\n\n\n\n<div class=\"wp-block-group is-content-justification-right is-nowrap is-layout-flex wp-container-core-group-is-layout-fd526d70 wp-block-group-is-layout-flex\">\n<figure class=\"gb-block-image gb-block-image-2145bbe5\"><img loading=\"lazy\" decoding=\"async\" width=\"100\" height=\"100\" class=\"gb-image gb-image-2145bbe5\" src=\"https:\/\/www.instinctiv.bike\/wp-content\/uploads\/ice_satin.png\" alt=\"\" title=\"sat\u00e9n_hielo\" srcset=\"https:\/\/www.instinctiv.bike\/wp-content\/uploads\/ice_satin.png 100w, https:\/\/www.instinctiv.bike\/wp-content\/uploads\/ice_satin-12x12.png 12w\" sizes=\"auto, (max-width: 100px) 100vw, 100px\" \/><\/figure>\n\n\n\n<figure class=\"gb-block-image gb-block-image-7ad1295c\"><img loading=\"lazy\" decoding=\"async\" width=\"100\" height=\"100\" class=\"gb-image gb-image-7ad1295c\" src=\"https:\/\/www.instinctiv.bike\/wp-content\/uploads\/dune_matt.png\" alt=\"\" title=\"dune_matt\" srcset=\"https:\/\/www.instinctiv.bike\/wp-content\/uploads\/dune_matt.png 100w, https:\/\/www.instinctiv.bike\/wp-content\/uploads\/dune_matt-12x12.png 12w, https:\/\/www.instinctiv.bike\/wp-content\/uploads\/dune_matt-50x50.png 50w\" sizes=\"auto, (max-width: 100px) 100vw, 100px\" \/><\/figure>\n\n\n\n<figure class=\"gb-block-image gb-block-image-9fb5a562\"><img loading=\"lazy\" decoding=\"async\" width=\"100\" height=\"100\" class=\"gb-image gb-image-9fb5a562\" src=\"https:\/\/www.instinctiv.bike\/wp-content\/uploads\/stillwater_gloss.png\" alt=\"\" title=\"stillwater_gloss\" srcset=\"https:\/\/www.instinctiv.bike\/wp-content\/uploads\/stillwater_gloss.png 100w, https:\/\/www.instinctiv.bike\/wp-content\/uploads\/stillwater_gloss-12x12.png 12w, https:\/\/www.instinctiv.bike\/wp-content\/uploads\/stillwater_gloss-50x50.png 50w\" sizes=\"auto, (max-width: 100px) 100vw, 100px\" \/><\/figure>\n<\/div>\n\n<\/div><\/div>\n<\/div>\n\n<div class=\"gb-grid-wrapper gb-grid-wrapper-8fd1e091 teaser_grid\">\n<div class=\"gb-grid-column gb-grid-column-6883d417\"><div class=\"gb-container gb-container-6883d417\">\n\n<h2 class=\"wp-block-heading nounderline has-contrast-color has-text-color has-link-color wp-elements-ae9135bd50ba71e0440f15e1dd93c2ee\" style=\"text-transform:none\">ocelot<\/h2>\n\n\n\n<p class=\"medium nounderline nomargin\">eMTB ligera. Parece y se conduce como una bike. Te proporciona un impresionante par motor de 90 Nm cuando lo necesitas. Profesional, capaz, r\u00e1pida y extremadamente suave. Con sistema suizo maxon bikedrive AIR S.<\/p>\n\n\n\n<a class=\"gb-button gb-button-1b39b37d gb-button-text\" href=\"https:\/\/www.instinctiv.bike\/es\/ocelot\/\">descubra el ocelot<\/a>\n\n<\/div><\/div>\n<\/div>\n<\/div>\n\n<div class=\"gb-container gb-container-3fde5da3 full_width\" id=\"kodiak\">\n<div class=\"gb-grid-wrapper gb-grid-wrapper-ec70daac nopadding nomargin\">\n<div class=\"gb-grid-column gb-grid-column-27d75503\"><div class=\"gb-container gb-container-27d75503\">\n\n<figure class=\"gb-block-image gb-block-image-744409ad\"><img loading=\"lazy\" decoding=\"async\" width=\"2560\" height=\"1599\" class=\"gb-image gb-image-744409ad\" src=\"https:\/\/www.instinctiv.bike\/wp-content\/uploads\/KODIAK-140-HERO-TERRACOTA-MATT-scaled.jpg\" alt=\"La caja de cambios mountain bike. Equilibrado, toneladas de agarre, extremadamente plantado y manejo preciso.\" title=\"KODIAK 140 HERO TERRACOTA MATE\" srcset=\"https:\/\/www.instinctiv.bike\/wp-content\/uploads\/KODIAK-140-HERO-TERRACOTA-MATT-scaled.jpg 2560w, https:\/\/www.instinctiv.bike\/wp-content\/uploads\/KODIAK-140-HERO-TERRACOTA-MATT-scaled-300x187.jpg 300w, https:\/\/www.instinctiv.bike\/wp-content\/uploads\/KODIAK-140-HERO-TERRACOTA-MATT-768x480.jpg 768w, https:\/\/www.instinctiv.bike\/wp-content\/uploads\/KODIAK-140-HERO-TERRACOTA-MATT-1536x959.jpg 1536w, https:\/\/www.instinctiv.bike\/wp-content\/uploads\/KODIAK-140-HERO-TERRACOTA-MATT-2048x1279.jpg 2048w, https:\/\/www.instinctiv.bike\/wp-content\/uploads\/KODIAK-140-HERO-TERRACOTA-MATT-18x12.jpg 18w\" sizes=\"auto, (max-width: 2560px) 100vw, 2560px\" \/><\/figure>\n\n\n\n<div class=\"wp-block-group is-content-justification-right is-nowrap is-layout-flex wp-container-core-group-is-layout-fd526d70 wp-block-group-is-layout-flex\">\n<figure class=\"gb-block-image gb-block-image-ff5285a5\"><img loading=\"lazy\" decoding=\"async\" width=\"100\" height=\"100\" class=\"gb-image gb-image-ff5285a5\" src=\"https:\/\/www.instinctiv.bike\/wp-content\/uploads\/ice_satin.png\" alt=\"\" title=\"sat\u00e9n_hielo\" srcset=\"https:\/\/www.instinctiv.bike\/wp-content\/uploads\/ice_satin.png 100w, https:\/\/www.instinctiv.bike\/wp-content\/uploads\/ice_satin-12x12.png 12w\" sizes=\"auto, (max-width: 100px) 100vw, 100px\" \/><\/figure>\n\n\n\n<figure class=\"gb-block-image gb-block-image-43d3fec2\"><img loading=\"lazy\" decoding=\"async\" width=\"100\" height=\"100\" class=\"gb-image gb-image-43d3fec2\" src=\"https:\/\/www.instinctiv.bike\/wp-content\/uploads\/terracotta_satin.png\" alt=\"\" title=\"terracotta_satin\" srcset=\"https:\/\/www.instinctiv.bike\/wp-content\/uploads\/terracotta_satin.png 100w, https:\/\/www.instinctiv.bike\/wp-content\/uploads\/terracotta_satin-12x12.png 12w\" sizes=\"auto, (max-width: 100px) 100vw, 100px\" \/><\/figure>\n\n\n\n<figure class=\"gb-block-image gb-block-image-d77e3354\"><img loading=\"lazy\" decoding=\"async\" width=\"100\" height=\"100\" class=\"gb-image gb-image-d77e3354\" src=\"https:\/\/www.instinctiv.bike\/wp-content\/uploads\/stillwater_satin.png\" alt=\"\" title=\"stillwater_satin\" srcset=\"https:\/\/www.instinctiv.bike\/wp-content\/uploads\/stillwater_satin.png 100w, https:\/\/www.instinctiv.bike\/wp-content\/uploads\/stillwater_satin-12x12.png 12w\" sizes=\"auto, (max-width: 100px) 100vw, 100px\" \/><\/figure>\n\n\n\n<figure class=\"gb-block-image gb-block-image-d41cfd5b\"><img loading=\"lazy\" decoding=\"async\" width=\"100\" height=\"100\" class=\"gb-image gb-image-d41cfd5b\" src=\"https:\/\/www.instinctiv.bike\/wp-content\/uploads\/olive_satin.png\" alt=\"\" title=\"olive_satin\" srcset=\"https:\/\/www.instinctiv.bike\/wp-content\/uploads\/olive_satin.png 100w, https:\/\/www.instinctiv.bike\/wp-content\/uploads\/olive_satin-12x12.png 12w\" sizes=\"auto, (max-width: 100px) 100vw, 100px\" \/><\/figure>\n<\/div>\n\n<\/div><\/div>\n<\/div>\n\n<div class=\"gb-grid-wrapper gb-grid-wrapper-83c215fc teaser_grid\">\n<div class=\"gb-grid-column gb-grid-column-9e517f91\"><div class=\"gb-container gb-container-9e517f91\">\n\n<h2 class=\"wp-block-heading nounderline has-contrast-color has-text-color has-link-color wp-elements-46b54d332ae41500bd4847d95d5f3bed\" style=\"text-transform:none\">kodiak<\/h2>\n\n\n\n<h3 class=\"wp-block-heading nounderline nopadding nomargin nonvisible\">Quedan 29 para entregar este verano<\/h3>\n\n\n\n<p class=\"medium nounderline nomargin\">BTT profesional con reductora. Bajo peso no suspendido, bajo mantenimiento y una enorme autonom\u00eda 600%. Toneladas de agarre, capaz y r\u00e1pida. Con caja de cambios alemana Pinion C1.12, transmisi\u00f3n por correa carbon y cambio electr\u00f3nico.<\/p>\n\n\n\n<a class=\"gb-button gb-button-a132de4f gb-button-text configure-button\" href=\"https:\/\/www.instinctiv.bike\/es\/kodiak\/\">descubra el kodiak<\/a>\n\n<\/div><\/div>\n<\/div>\n<\/div>\n\n<div class=\"gb-container gb-container-ff8a909a double_image_container\">\n<div class=\"gb-grid-wrapper gb-grid-wrapper-e2d18be5\">\n<div class=\"gb-grid-column gb-grid-column-ddb77a10\"><div class=\"gb-container gb-container-ddb77a10 alignbottom\" style=\"background-image: url(https:\/\/www.instinctiv.bike\/wp-content\/uploads\/Instinctiv_Kodiak_MX-scaled.jpg);\"><\/div><\/div>\n\n<div class=\"gb-grid-column gb-grid-column-5e61671f\"><div class=\"gb-container gb-container-5e61671f alignbottom\" style=\"background-image: url(https:\/\/www.instinctiv.bike\/wp-content\/uploads\/ocelot_brixen.jpg);\"><\/div><\/div>\n<\/div>\n<\/div>\n\n<div class=\"gb-container gb-container-34b37fb3 full_width\">\n<div class=\"gb-grid-wrapper gb-grid-wrapper-3e0c8b6a teaser_grid\">\n<div class=\"gb-grid-column gb-grid-column-a85ebb30\"><div class=\"gb-container gb-container-a85ebb30 narrowwidth\">\n\n<h2 class=\"wp-block-heading large_title\" style=\"text-transform:none\">construir en Europa<\/h2>\n\n\n\n<p class=\"medium nomargin\">Dise\u00f1amos y fabricamos nuestros bikes internamente en Europa. Cada bike que construimos est\u00e1 hecho a mano y es \u00fanico. Con el m\u00e1ximo de componentes y pasos de producci\u00f3n europeos. Incluso la instalaci\u00f3n de los cojinetes del bastidor y el revestimiento lo hacemos en Europa. <\/p>\n\n<\/div><\/div>\n<\/div>\n<\/div>\n\n<div class=\"gb-container gb-container-9a6e0f29 full_width visible_desktop\">\n\n<video id=\"video_desktop\" poster=\"https:\/\/www.instinctiv.bike\/video\/air_s_intro.jpg\" class=\"video_desktop video_background\" preload=\"metadata\" playsinline muted loop>     \n<source src=\"https:\/\/www.instinctiv.bike\/video\/air_s_intro_lq.mp4\" type=\"video\/mp4\">\n<\/video>\n\n\n\n<script>\n\twindow.onload = addAutoplay();\n\t\n        function addAutoplay() {\n\t\tif(window.innerWidth > 1025){\n\t\t\tdocument.getElementById('video_desktop').play();\n\t  }  else {\n                        document.getElementById('video_desktop').remove();\n\t }\t\n\t};\n<\/script>\n\n<\/div>\n\n<div class=\"gb-container gb-container-b6bd2592 full_width visible_mobile\"><\/div>\n\n<div class=\"gb-container gb-container-f0183f2a double_image_container\">\n<div class=\"gb-grid-wrapper gb-grid-wrapper-54bbe293\">\n<div class=\"gb-grid-column gb-grid-column-1b0a2603\"><div class=\"gb-container gb-container-1b0a2603 alignbottom\" style=\"background-image: url(https:\/\/www.instinctiv.bike\/wp-content\/uploads\/ocelot_details_shock.jpg);\"><\/div><\/div>\n\n<div class=\"gb-grid-column gb-grid-column-01f67bc2\"><div class=\"gb-container gb-container-01f67bc2 alignbottom\" style=\"background-image: url(https:\/\/www.instinctiv.bike\/wp-content\/uploads\/ocelot_details_135_puma.jpg);\"><\/div><\/div>\n<\/div>\n<\/div>\n\n<div class=\"gb-container gb-container-6bc66157\"><\/div>\n\n<div class=\"gb-container gb-container-a8d57211 full_width\">\n<div class=\"gb-grid-wrapper gb-grid-wrapper-bbafc7bf teaser_grid\">\n<div class=\"gb-grid-column gb-grid-column-c224ea75\"><div class=\"gb-container gb-container-c224ea75 narrowwidth\">\n\n<h2 class=\"wp-block-heading large_title\" style=\"text-transform:none\">qui\u00e9nes somos<\/h2>\n\n\n\n<p class=\"medium nomargin\">Somos un peque\u00f1o equipo de dise\u00f1adores e ingenieros amantes del bike. Fabricamos mountain bikes profesionales, para atletas, ciclistas deportivos y cualquiera a quien le guste superar sus l\u00edmites. Con un dise\u00f1o excepcional, una gran calidad de conducci\u00f3n y componentes europeos de gama alta.<\/p>\n\n<\/div><\/div>\n<\/div>\n<\/div>\n\n<div class=\"gb-container gb-container-2b2abcba full_width\"><\/div>\n\n<div class=\"gb-container gb-container-2e97a6dc full_width\">\n<div class=\"gb-grid-wrapper gb-grid-wrapper-1e68c7cb teaser_grid\">\n<div class=\"gb-grid-column gb-grid-column-eff96248\"><div class=\"gb-container gb-container-eff96248\">\n\n<h2 class=\"wp-block-heading large_title\" style=\"text-transform:none\">eventos<\/h2>\n\n<\/div><\/div>\n<\/div>\n\n<div class=\"gb-grid-wrapper gb-grid-wrapper-4a098397 teaser_grid\">\n<div class=\"gb-grid-column gb-grid-column-d32c5753\"><div class=\"gb-container gb-container-d32c5753\">\n<div class=\"gb-grid-wrapper gb-grid-wrapper-0d48bc07 nopadding\">\n<div class=\"gb-grid-column gb-grid-column-9c72961d\"><div class=\"gb-container gb-container-9c72961d\">\n<div class=\"gb-container gb-container-d1cd9d56\">\n\n<h2 class=\"wp-block-heading\" style=\"text-transform:none\">Bikefestival Riva<\/h2>\n\n\n\n<p class=\"small\">Puede ver y probar un Ocelot en el stand de Maxon. M\u00e1s informaci\u00f3n en <a href=\"https:\/\/www.bikefestivalriva.com\/en\" target=\"_blank\" rel=\"noopener\">bikefestivalriva.com\/es<\/a><\/p>\n\n<\/div>\n\n<div class=\"gb-container gb-container-1c34d99c\">\n\n<h3 class=\"wp-block-heading\" style=\"text-transform:none\">Riva del Garda \/ IT<\/h3>\n\n\n\n<p class=\"small nomargin\">1 - 3 mayo 2026<\/p>\n\n<\/div>\n<\/div><\/div>\n\n<div class=\"gb-grid-column gb-grid-column-f2c30c7f\"><div class=\"gb-container gb-container-f2c30c7f\">\n<div class=\"gb-container gb-container-da8e25a3\">\n\n<h2 class=\"wp-block-heading\" style=\"text-transform:capitalize\">Bike Kingdom Testride<\/h2>\n\n\n\n<p class=\"small\">Puede ver y probar un Ocelot en el stand de Maxon. M\u00e1s informaci\u00f3n en <a href=\"https:\/\/www.bikekingdom.ch\/en\/Events\/Testride\" target=\"_blank\" rel=\"noopener\">1TP104Reino.ch<\/a><\/p>\n\n<\/div>\n\n<div class=\"gb-container gb-container-422a7353\">\n\n<h3 class=\"wp-block-heading\" style=\"text-transform:none\">Lenzerheide \/ CH<\/h3>\n\n\n\n<p class=\"small nomargin\">4 - 6 septiembre 2026<\/p>\n\n<\/div>\n<\/div><\/div>\n\n<div class=\"gb-grid-column gb-grid-column-cc2e9608\"><div class=\"gb-container gb-container-cc2e9608\">\n<div class=\"gb-container gb-container-6adc0d89\">\n\n<h2 class=\"wp-block-heading\" style=\"text-transform:capitalize\">Nutria de mar Europa<\/h2>\n\n\n\n<p class=\"small\">Puede ver y probar un Ocelot en el stand de Maxon. M\u00e1s informaci\u00f3n en <a href=\"https:\/\/www.seaottereurope.com\/\" target=\"_blank\" rel=\"noopener\">seaottereurope.com<\/a><\/p>\n\n<\/div>\n\n<div class=\"gb-container gb-container-903741e7\">\n\n<h3 class=\"wp-block-heading\" style=\"text-transform:none\">Girona \/ ES<\/h3>\n\n\n\n<p class=\"small nomargin\">18 - 20 septiembre 2026<\/p>\n\n<\/div>\n<\/div><\/div>\n<\/div>\n<\/div><\/div>\n<\/div>\n<\/div>\n\n<div class=\"gb-container gb-container-1b564f92 full_width\">\n<div class=\"gb-grid-wrapper gb-grid-wrapper-69c35ad2\">\n<div class=\"gb-grid-column gb-grid-column-be618beb\"><div class=\"gb-container gb-container-be618beb\">\n\n<h2 class=\"wp-block-heading large_title\" id=\"h-development\">inscr\u00edbete<\/h2>\n\n<\/div><\/div>\n\n<div class=\"gb-grid-column gb-grid-column-389ca305\"><div class=\"gb-container gb-container-389ca305\"><\/div><\/div>\n\n<div class=\"gb-grid-column gb-grid-column-3ecd738a\"><div class=\"gb-container gb-container-3ecd738a reading_block\">\n\n<p class=\"medium\">Suscr\u00edbete a las noticias y s\u00e9 el primero en enterarte de los nuevos bikes, las grandes acciones y los eventos que se celebren. No te preocupes, no te enviaremos spam.<\/p>\n\n\n\n<div class=\"wpcf7 no-js\" id=\"wpcf7-f30889-o1\" lang=\"en-US\" dir=\"ltr\" data-wpcf7-id=\"30889\">\n<div class=\"screen-reader-response\"><p role=\"status\" aria-live=\"polite\" aria-atomic=\"true\"><\/p> <ul><\/ul><\/div>\n<form action=\"\/es\/wp-json\/wp\/v2\/pages\/2#wpcf7-f30889-o1\" method=\"post\" class=\"wpcf7-form init\" aria-label=\"Contact form\" novalidate=\"novalidate\" data-status=\"init\" data-trp-original-action=\"\/es\/wp-json\/wp\/v2\/pages\/2#wpcf7-f30889-o1\">\n<fieldset class=\"hidden-fields-container\"><input type=\"hidden\" name=\"_wpcf7\" value=\"30889\" \/><input type=\"hidden\" name=\"_wpcf7_version\" value=\"6.1.5\" \/><input type=\"hidden\" name=\"_wpcf7_locale\" value=\"en_US\" \/><input type=\"hidden\" name=\"_wpcf7_unit_tag\" value=\"wpcf7-f30889-o1\" \/><input type=\"hidden\" name=\"_wpcf7_container_post\" value=\"0\" \/><input type=\"hidden\" name=\"_wpcf7_posted_data_hash\" value=\"\" \/>\n<\/fieldset>\n<p><span class=\"wpcf7-form-control-wrap\" data-name=\"name-1\"><input size=\"40\" maxlength=\"400\" class=\"wpcf7-form-control wpcf7-text wpcf7-validates-as-required\" aria-required=\"true\" aria-invalid=\"false\" placeholder=\"nombre\" value=\"\" type=\"text\" name=\"name-1\" \/><\/span>\n<\/p>\n<p><span class=\"wpcf7-form-control-wrap\" data-name=\"email-1\"><input size=\"40\" maxlength=\"400\" class=\"wpcf7-form-control wpcf7-email wpcf7-validates-as-required wpcf7-text wpcf7-validates-as-email\" aria-required=\"true\" aria-invalid=\"false\" placeholder=\"direcci\u00f3n de correo electr\u00f3nico\" value=\"\" type=\"email\" name=\"email-1\" \/><\/span>\n<\/p>\n<p><input class=\"wpcf7-form-control wpcf7-submit has-spinner button\" type=\"submit\" value=\"enviar\" \/>\n<\/p><div class=\"wpcf7-response-output\" aria-hidden=\"true\"><\/div>\n<input type=\"hidden\" name=\"trp-form-language\" value=\"es\"\/><\/form>\n<\/div>\n\n\n<\/div><\/div>\n<\/div>\n<\/div>","protected":false},"excerpt":{"rendered":"","protected":false},"author":229,"featured_media":0,"parent":0,"menu_order":0,"comment_status":"closed","ping_status":"closed","template":"","meta":{"footnotes":""},"class_list":["post-2","page","type-page","status-publish"],"_links":{"self":[{"href":"https:\/\/www.instinctiv.bike\/es\/wp-json\/wp\/v2\/pages\/2","targetHints":{"allow":["GET"]}}],"collection":[{"href":"https:\/\/www.instinctiv.bike\/es\/wp-json\/wp\/v2\/pages"}],"about":[{"href":"https:\/\/www.instinctiv.bike\/es\/wp-json\/wp\/v2\/types\/page"}],"author":[{"embeddable":true,"href":"https:\/\/www.instinctiv.bike\/es\/wp-json\/wp\/v2\/users\/229"}],"replies":[{"embeddable":true,"href":"https:\/\/www.instinctiv.bike\/es\/wp-json\/wp\/v2\/comments?post=2"}],"version-history":[{"count":90,"href":"https:\/\/www.instinctiv.bike\/es\/wp-json\/wp\/v2\/pages\/2\/revisions"}],"predecessor-version":[{"id":30964,"href":"https:\/\/www.instinctiv.bike\/es\/wp-json\/wp\/v2\/pages\/2\/revisions\/30964"}],"wp:attachment":[{"href":"https:\/\/www.instinctiv.bike\/es\/wp-json\/wp\/v2\/media?parent=2"}],"curies":[{"name":"wp","href":"https:\/\/api.w.org\/{rel}","templated":true}]}}