{"id":24300,"date":"2025-08-23T16:49:46","date_gmt":"2025-08-23T15:49:46","guid":{"rendered":"https:\/\/www.instinctiv.bike\/?page_id=24300"},"modified":"2026-05-07T10:54:57","modified_gmt":"2026-05-07T09:54:57","slug":"ocelot-lightweight-emtb","status":"publish","type":"page","link":"https:\/\/www.instinctiv.bike\/es\/ocelot-lightweight-emtb\/","title":{"rendered":"el ocelot"},"content":{"rendered":"<div class=\"gb-container gb-container-c9c4d748 full_width\" style=\"background-image: url(https:\/\/www.instinctiv.bike\/wp-content\/uploads\/ocelot_brixen.jpg);\">\n<div class=\"gb-grid-wrapper gb-grid-wrapper-ff700802\">\n<div class=\"gb-grid-column gb-grid-column-1401e5d6\"><div class=\"gb-container gb-container-1401e5d6 narrowwidth\">\n<div class=\"gb-container gb-container-fffe3d95\">\n\n<h1 class=\"wp-block-heading medium nopadding nomargin has-base-color has-text-color has-link-color wp-elements-1e286fdf86e0b36c62d90bbafc3030a4\" style=\"text-transform:none\">el ocelot<\/h1>\n\n\n\n<h2 class=\"wp-block-heading nopadding nomargin xl_title has-base-color has-text-color has-link-color wp-elements-bf1afabe263f02b34f74516862e79f2c\" style=\"text-transform:none\">parece y funciona como un bike, 90Nm, silencioso, ligero<\/h2>\n\n<\/div>\n\n<div class=\"gb-container gb-container-ae0f649a\"><\/div>\n\n\n<a class=\"gb-button gb-button-fdf4df76 gb-button-text white\" href=\"#store\">ver los modelos<\/a>\n\n\n<div class=\"gb-container gb-container-a4eaabe4\"><\/div>\n<\/div><\/div>\n<\/div>\n<\/div>\n\n<div class=\"gb-container gb-container-a1fc44ff full_width\" id=\"ocelot\">\n<div class=\"gb-grid-wrapper gb-grid-wrapper-9f7d5972 teaser_grid\">\n<div class=\"gb-grid-column gb-grid-column-bb63f270\"><div class=\"gb-container gb-container-bb63f270\">\n\n<figure class=\"gb-block-image gb-block-image-0dcbf234\"><img loading=\"lazy\" decoding=\"async\" width=\"2560\" height=\"1599\" class=\"gb-image gb-image-0dcbf234\" src=\"https:\/\/www.instinctiv.bike\/wp-content\/uploads\/OCELOT-145-HERO-STILLWATER-DIA-1-scaled.jpg\" alt=\"Ocelot 145, la eMTB m\u00e1s natural, plena potencia, silenciosa, poco peso\" title=\"OCELOTE 145 H\u00c9ROE STILLWATER DIA\" srcset=\"https:\/\/www.instinctiv.bike\/wp-content\/uploads\/OCELOT-145-HERO-STILLWATER-DIA-1-scaled.jpg 2560w, https:\/\/www.instinctiv.bike\/wp-content\/uploads\/OCELOT-145-HERO-STILLWATER-DIA-1-scaled-300x187.jpg 300w, https:\/\/www.instinctiv.bike\/wp-content\/uploads\/OCELOT-145-HERO-STILLWATER-DIA-1-768x480.jpg 768w, https:\/\/www.instinctiv.bike\/wp-content\/uploads\/OCELOT-145-HERO-STILLWATER-DIA-1-1536x959.jpg 1536w, https:\/\/www.instinctiv.bike\/wp-content\/uploads\/OCELOT-145-HERO-STILLWATER-DIA-1-2048x1279.jpg 2048w, https:\/\/www.instinctiv.bike\/wp-content\/uploads\/OCELOT-145-HERO-STILLWATER-DIA-1-18x12.jpg 18w\" sizes=\"auto, (max-width: 2560px) 100vw, 2560px\" \/><\/figure>\n\n<\/div><\/div>\n<\/div>\n\n<div class=\"gb-grid-wrapper gb-grid-wrapper-3279f6a3 teaser_grid\">\n<div class=\"gb-grid-column gb-grid-column-5ee652ff\"><div class=\"gb-container gb-container-5ee652ff\">\n<div class=\"gb-container gb-container-de96251a\"><\/div>\n\n\n<h2 class=\"wp-block-heading large_title\" style=\"text-transform:none\">aspecto y tacto naturales<\/h2>\n\n\n\n<p class=\"medium nomargin nopadding\">eMTB ligera. Parece una bike y se conduce como una bike, no como una moto peque\u00f1a. Esta bike es la elecci\u00f3n perfecta si eres un ciclista deportivo y te gusta esforzarte. En silencio, sin sobrepeso, con una sensaci\u00f3n de conducci\u00f3n natural.<\/p>\n\n\n\n<a class=\"gb-button gb-button-b5348e5a gb-button-text configure-button\" href=\"#store\">ver los modelos<\/a>\n\n<\/div><\/div>\n<\/div>\n<\/div>\n\n<div class=\"gb-container gb-container-f0183f2a double_image_container\">\n<div class=\"gb-grid-wrapper gb-grid-wrapper-54bbe293\">\n<div class=\"gb-grid-column gb-grid-column-1b0a2603\"><div class=\"gb-container gb-container-1b0a2603 alignbottom\" style=\"background-image: url(https:\/\/www.instinctiv.bike\/wp-content\/uploads\/ocelot_details_shock.jpg);\"><\/div><\/div>\n\n<div class=\"gb-grid-column gb-grid-column-01f67bc2\"><div class=\"gb-container gb-container-01f67bc2 alignbottom\" style=\"background-image: url(https:\/\/www.instinctiv.bike\/wp-content\/uploads\/ocelot_details_135_puma.jpg);\"><\/div><\/div>\n<\/div>\n<\/div>\n\n<div class=\"gb-container gb-container-b6bd2592\"><\/div>\n\n<div class=\"gb-container gb-container-ddd62d2f full_width\">\n<div class=\"gb-grid-wrapper gb-grid-wrapper-0b7e9716 teaser_grid\">\n<div class=\"gb-grid-column gb-grid-column-2d49aee6\"><div class=\"gb-container gb-container-2d49aee6\">\n\n<h2 class=\"wp-block-heading large_title\" style=\"text-transform:none\">Suspensi\u00f3n PUMA<\/h2>\n\n\n\n<p class=\"medium nounderline nomargin nopadding\">En el coraz\u00f3n de nuestro bikes est\u00e1 nuestra suspensi\u00f3n patentada PUMA. En combinaci\u00f3n con un buen shock hace que tu bike sea r\u00e1pido y extremadamente plantado, ofreciendo toneladas de agarre y confianza.<\/p>\n\n<\/div><\/div>\n<\/div>\n<\/div>\n\n<div class=\"gb-container gb-container-9a6e0f29 full_width\">\n\n<video id=\"video_desktop\" poster=\"https:\/\/www.instinctiv.bike\/video\/air_s_intro.jpg\" class=\"video_desktop video_background\" preload=\"metadata\" playsinline muted loop>     \n<source src=\"https:\/\/www.instinctiv.bike\/video\/air_s_intro_lq.mp4\" type=\"video\/mp4\">\n<\/video>\n\n<video id=\"video_mobile\" poster=\"https:\/\/www.instinctiv.bike\/video\/air_s_intro.jpg\" class=\"video_mobile video_background\" preload=\"metadata\" playsinline muted loop>      \n<source src=\"https:\/\/www.instinctiv.bike\/video\/air_s_intro_mobile.mp4\" type=\"video\/mp4\">\n<\/video>\n\n\n\n\n<script>\n\twindow.onload = addAutoplay();\n\t\n        function addAutoplay() {\n\t\tif(window.innerWidth > 1025){\n\t\t\tdocument.getElementById('video_desktop').play();\n                        document.getElementById('video_mobile').remove();\n\t  }  else {\n\t  \t        document.getElementById('video_mobile').play();\n                        document.getElementById('video_desktop').remove();\n\t }\t\n\t};\n<\/script>\n\n<\/div>\n\n<div class=\"gb-container gb-container-5e44d214 full_width\">\n<div class=\"gb-grid-wrapper gb-grid-wrapper-6509acad teaser_grid\">\n<div class=\"gb-grid-column gb-grid-column-5cbf582f\"><div class=\"gb-container gb-container-5cbf582f\">\n\n<h2 class=\"wp-block-heading large_title\" style=\"text-transform:none\">las subidas se vuelven a\u00fan m\u00e1s divertidas<\/h2>\n\n\n\n<p class=\"medium nounderline nomargin nopadding has-contrast-color has-text-color has-link-color wp-elements-0345773bda39e68960df367740b36759\">El nuevo <a href=\"https:\/\/www.maxonbikedrive.com\" data-type=\"link\" data-id=\"https:\/\/www.maxonbikedrive.com\" target=\"_blank\" rel=\"noopener\">Accionamiento maxon AIR S<\/a> S\u00f3lo pesa 2 kg. Te proporciona un serio par de 90 Nm y un m\u00e1ximo de 620 W. Extremadamente silencioso, pr\u00e1cticamente sin resistencia cuando la bater\u00eda est\u00e1 descargada y con una sensaci\u00f3n de conducci\u00f3n completamente natural. Ahora cada subida te parecer\u00e1 a\u00fan m\u00e1s divertida.<\/p>\n\n\n\n<a class=\"gb-button gb-button-634c5cc0 gb-button-text configure-button\" href=\"#store\">ver los modelos<\/a>\n\n<\/div><\/div>\n<\/div>\n<\/div>\n\n<div class=\"gb-container gb-container-1c3e50e9\"><\/div>\n\n<div class=\"gb-container gb-container-0fcd321a full_width\">\n<div class=\"gb-grid-wrapper gb-grid-wrapper-f181cb0d teaser_grid\">\n<div class=\"gb-grid-column gb-grid-column-2ca0a697\"><div class=\"gb-container gb-container-2ca0a697\">\n\n<h2 class=\"wp-block-heading large_title\" style=\"text-transform:none\">bater\u00eda ligera, suficiente elevaci\u00f3n<\/h2>\n\n\n\n<p class=\"medium nounderline nomargin nopadding has-contrast-color has-text-color has-link-color wp-elements-e617d4a7f9038557f3abf92251457b52\">No necesitas una gran y pesada bater\u00eda de 800Wh en tu ligera eMTB, sino un motor eficiente que funcione a la perfecci\u00f3n con la potencia de tus piernas. Con nuestra bater\u00eda de 400Wh puedes reach hasta 1.900 metros de elevaci\u00f3n. Y con el extensor de autonom\u00eda a\u00fan m\u00e1s.<\/p>\n\n<\/div><\/div>\n<\/div>\n<\/div>\n\n<div class=\"gb-container gb-container-b804749e full_width\" id=\"store\">\n<div class=\"gb-grid-wrapper gb-grid-wrapper-e79034ee nopadding nomargin\">\n<div class=\"gb-grid-column gb-grid-column-8329a6e6\"><div class=\"gb-container gb-container-8329a6e6\">\n\n<figure class=\"gb-block-image gb-block-image-918ceb06\"><a href=\"https:\/\/www.instinctiv.bike\/es\/store\/ocelot-125\/\"><img loading=\"lazy\" decoding=\"async\" width=\"2560\" height=\"1599\" class=\"gb-image gb-image-918ceb06\" src=\"https:\/\/www.instinctiv.bike\/wp-content\/uploads\/OCELOT-125-HERO-STILLWATER-GLOSS-2.jpg\" alt=\"Ocelot 125, eMTB ligera para trail.\" title=\"OCELOTE 125 H\u00c9ROE STILLWATER BRILLO\" srcset=\"https:\/\/www.instinctiv.bike\/wp-content\/uploads\/OCELOT-125-HERO-STILLWATER-GLOSS-2.jpg 2560w, https:\/\/www.instinctiv.bike\/wp-content\/uploads\/OCELOT-125-HERO-STILLWATER-GLOSS-2-768x480.jpg 768w, https:\/\/www.instinctiv.bike\/wp-content\/uploads\/OCELOT-125-HERO-STILLWATER-GLOSS-2-1536x959.jpg 1536w, https:\/\/www.instinctiv.bike\/wp-content\/uploads\/OCELOT-125-HERO-STILLWATER-GLOSS-2-2048x1279.jpg 2048w, https:\/\/www.instinctiv.bike\/wp-content\/uploads\/OCELOT-125-HERO-STILLWATER-GLOSS-2-18x12.jpg 18w, https:\/\/www.instinctiv.bike\/wp-content\/uploads\/OCELOT-125-HERO-STILLWATER-GLOSS-2-300x187.jpg 300w\" sizes=\"auto, (max-width: 2560px) 100vw, 2560px\" \/><\/a><\/figure>\n\n<\/div><\/div>\n<\/div>\n\n<div class=\"gb-grid-wrapper gb-grid-wrapper-8fd1e091 teaser_grid\">\n<div class=\"gb-grid-column gb-grid-column-6883d417\"><div class=\"gb-container gb-container-6883d417\">\n\n<h2 class=\"wp-block-heading nounderline has-contrast-color has-text-color has-link-color wp-elements-deeb26068c3c7602105cca3e645b3852\" style=\"text-transform:none\">ocelot 125<\/h2>\n\n\n\n<h3 class=\"wp-block-heading nopadding nomargin\">de <ins ><span class=\"woocommerce-Price-amount amount\"><bdi><span class=\"woocommerce-Price-currencySymbol\">\u20ac<\/span>&nbsp;7.991<\/bdi><\/span><\/ins><\/h3>\n\n\n\n<div style=\"height:20px\" aria-hidden=\"true\" class=\"wp-block-spacer\"><\/div>\n\n\n\n<p class=\"medium nounderline nomargin nopadding\">eMTB ligera para trail r\u00e1pido. Con 160 \/ 125 mm de recorrido y sistema de transmisi\u00f3n maxon bikedrive AIR S de fabricaci\u00f3n suiza. 90 Nm, a partir de 16,4 kg, bater\u00eda de 400 Wh. Fabricada en Europa.<\/p>\n\n\n\n<a class=\"gb-button gb-button-7d655d24 gb-button-text configure-button\" href=\"https:\/\/www.instinctiv.bike\/es\/store\/ocelot-125\/\">ocelot 125<\/a>\n\n\n\n<a class=\"gb-button gb-button-97854f18 gb-button-text configure-button\" href=\"https:\/\/www.instinctiv.bike\/es\/store\/ocelot-125-frameset\/\">marco<\/a>\n\n<\/div><\/div>\n<\/div>\n<\/div>\n\n<div class=\"gb-container gb-container-f04ed551 full_width\">\n<div class=\"gb-grid-wrapper gb-grid-wrapper-09ddb266 nopadding nomargin\">\n<div class=\"gb-grid-column gb-grid-column-a4ea420d\"><div class=\"gb-container gb-container-a4ea420d\">\n\n<figure class=\"gb-block-image gb-block-image-95c08cb0\"><a href=\"https:\/\/www.instinctiv.bike\/es\/store\/ocelot-135\/\"><img loading=\"lazy\" decoding=\"async\" width=\"2560\" height=\"1599\" class=\"gb-image gb-image-95c08cb0\" src=\"https:\/\/www.instinctiv.bike\/wp-content\/uploads\/OCELOT-135-HERO-ICE-MATT-2.jpg\" alt=\"Ocelot 135, El todoterreno ligero eMTB definitivo.\" title=\"OCELOTE 135 H\u00c9ROE HIELO MATE\" srcset=\"https:\/\/www.instinctiv.bike\/wp-content\/uploads\/OCELOT-135-HERO-ICE-MATT-2.jpg 2560w, https:\/\/www.instinctiv.bike\/wp-content\/uploads\/OCELOT-135-HERO-ICE-MATT-2-768x480.jpg 768w, https:\/\/www.instinctiv.bike\/wp-content\/uploads\/OCELOT-135-HERO-ICE-MATT-2-1536x959.jpg 1536w, https:\/\/www.instinctiv.bike\/wp-content\/uploads\/OCELOT-135-HERO-ICE-MATT-2-2048x1279.jpg 2048w, https:\/\/www.instinctiv.bike\/wp-content\/uploads\/OCELOT-135-HERO-ICE-MATT-2-18x12.jpg 18w, https:\/\/www.instinctiv.bike\/wp-content\/uploads\/OCELOT-135-HERO-ICE-MATT-2-300x187.jpg 300w\" sizes=\"auto, (max-width: 2560px) 100vw, 2560px\" \/><\/a><\/figure>\n\n<\/div><\/div>\n<\/div>\n\n<div class=\"gb-grid-wrapper gb-grid-wrapper-e26ef175 teaser_grid\">\n<div class=\"gb-grid-column gb-grid-column-ee254e4f\"><div class=\"gb-container gb-container-ee254e4f\">\n\n<h2 class=\"wp-block-heading nounderline has-contrast-color has-text-color has-link-color wp-elements-5fba99291085deff6ea980fc197a506c\" style=\"text-transform:none\">ocelot 135<\/h2>\n\n\n\n<h3 class=\"wp-block-heading nopadding nomargin\">de <ins ><span class=\"woocommerce-Price-amount amount\"><bdi><span class=\"woocommerce-Price-currencySymbol\">\u20ac<\/span>&nbsp;8.329<\/bdi><\/span><\/ins><\/h3>\n\n\n\n<div style=\"height:20px\" aria-hidden=\"true\" class=\"wp-block-spacer\"><\/div>\n\n\n\n<p class=\"medium nounderline nomargin nopadding\">La eMTB todoterreno ligera definitiva. Con 160 \/ 135 mm de recorrido y sistema de transmisi\u00f3n maxon bikedrive AIR S de fabricaci\u00f3n suiza. 90 Nm, a partir de 16,5 kg, bater\u00eda de 400 Wh. Fabricada en Europa.<\/p>\n\n\n\n<a class=\"gb-button gb-button-3c066abd gb-button-text configure-button\" href=\"https:\/\/www.instinctiv.bike\/es\/store\/ocelot-135\/\">ocelot 135<\/a>\n\n\n\n<a class=\"gb-button gb-button-7bb08179 gb-button-text configure-button\" href=\"https:\/\/www.instinctiv.bike\/es\/store\/ocelot-135-frameset\/\">marco<\/a>\n\n<\/div><\/div>\n<\/div>\n<\/div>\n\n<div class=\"gb-container gb-container-651b7481 full_width\">\n<div class=\"gb-grid-wrapper gb-grid-wrapper-9adc0c16 nopadding nomargin\">\n<div class=\"gb-grid-column gb-grid-column-3eb2b701\"><div class=\"gb-container gb-container-3eb2b701\">\n\n<figure class=\"gb-block-image gb-block-image-e399bb4f\"><a href=\"https:\/\/www.instinctiv.bike\/es\/store\/ocelot-145\/\"><img loading=\"lazy\" decoding=\"async\" width=\"2560\" height=\"1599\" class=\"gb-image gb-image-e399bb4f\" src=\"https:\/\/www.instinctiv.bike\/wp-content\/uploads\/OCELOT-145-HERO-DUNE-MATT-2.jpg\" alt=\"Ocelot 145, nuestra eMTB ligera para terrenos t\u00e9cnicos\" title=\"OCELOTE 145 H\u00c9ROE DUNA MATE\" srcset=\"https:\/\/www.instinctiv.bike\/wp-content\/uploads\/OCELOT-145-HERO-DUNE-MATT-2.jpg 2560w, https:\/\/www.instinctiv.bike\/wp-content\/uploads\/OCELOT-145-HERO-DUNE-MATT-2-768x480.jpg 768w, https:\/\/www.instinctiv.bike\/wp-content\/uploads\/OCELOT-145-HERO-DUNE-MATT-2-1536x959.jpg 1536w, https:\/\/www.instinctiv.bike\/wp-content\/uploads\/OCELOT-145-HERO-DUNE-MATT-2-2048x1279.jpg 2048w, https:\/\/www.instinctiv.bike\/wp-content\/uploads\/OCELOT-145-HERO-DUNE-MATT-2-18x12.jpg 18w, https:\/\/www.instinctiv.bike\/wp-content\/uploads\/OCELOT-145-HERO-DUNE-MATT-2-300x187.jpg 300w\" sizes=\"auto, (max-width: 2560px) 100vw, 2560px\" \/><\/a><\/figure>\n\n<\/div><\/div>\n<\/div>\n\n<div class=\"gb-grid-wrapper gb-grid-wrapper-022961b6 teaser_grid\">\n<div class=\"gb-grid-column gb-grid-column-9fb251a1\"><div class=\"gb-container gb-container-9fb251a1\">\n\n<h2 class=\"wp-block-heading nounderline has-contrast-color has-text-color has-link-color wp-elements-b011270940f534f977a05e4b4ad629a5\" style=\"text-transform:none\">ocelot 145<\/h2>\n\n\n\n<h3 class=\"wp-block-heading nopadding nomargin\">de <ins ><span class=\"woocommerce-Price-amount amount\"><bdi><span class=\"woocommerce-Price-currencySymbol\">\u20ac<\/span>&nbsp;8.518<\/bdi><\/span><\/ins><\/h3>\n\n\n\n<div style=\"height:20px\" aria-hidden=\"true\" class=\"wp-block-spacer\"><\/div>\n\n\n\n<p class=\"medium nounderline nomargin nopadding\">Maestra de los terrenos naturales abruptos, sigue siendo una eMTB ligera. Con 170 \/ 145 mm de recorrido y sistema de transmisi\u00f3n maxon bikedrive AIR S de fabricaci\u00f3n suiza. 90 Nm, a partir de 16,8 kg, bater\u00eda de 400 Wh. Fabricada en Europa.<\/p>\n\n\n\n<a class=\"gb-button gb-button-89726d6e gb-button-text configure-button\" href=\"https:\/\/www.instinctiv.bike\/es\/store\/ocelot-145\/\">ocelot 145<\/a>\n\n\n\n<a class=\"gb-button gb-button-b1539e5e gb-button-text configure-button\" href=\"https:\/\/www.instinctiv.bike\/es\/store\/ocelot-145-frameset\/\">marco<\/a>\n\n<\/div><\/div>\n<\/div>\n<\/div>","protected":false},"excerpt":{"rendered":"","protected":false},"author":229,"featured_media":0,"parent":0,"menu_order":0,"comment_status":"closed","ping_status":"closed","template":"","meta":{"footnotes":""},"class_list":["post-24300","page","type-page","status-publish"],"_links":{"self":[{"href":"https:\/\/www.instinctiv.bike\/es\/wp-json\/wp\/v2\/pages\/24300","targetHints":{"allow":["GET"]}}],"collection":[{"href":"https:\/\/www.instinctiv.bike\/es\/wp-json\/wp\/v2\/pages"}],"about":[{"href":"https:\/\/www.instinctiv.bike\/es\/wp-json\/wp\/v2\/types\/page"}],"author":[{"embeddable":true,"href":"https:\/\/www.instinctiv.bike\/es\/wp-json\/wp\/v2\/users\/229"}],"replies":[{"embeddable":true,"href":"https:\/\/www.instinctiv.bike\/es\/wp-json\/wp\/v2\/comments?post=24300"}],"version-history":[{"count":70,"href":"https:\/\/www.instinctiv.bike\/es\/wp-json\/wp\/v2\/pages\/24300\/revisions"}],"predecessor-version":[{"id":31274,"href":"https:\/\/www.instinctiv.bike\/es\/wp-json\/wp\/v2\/pages\/24300\/revisions\/31274"}],"wp:attachment":[{"href":"https:\/\/www.instinctiv.bike\/es\/wp-json\/wp\/v2\/media?parent=24300"}],"curies":[{"name":"wp","href":"https:\/\/api.w.org\/{rel}","templated":true}]}}