{"id":285,"date":"2023-03-10T08:56:57","date_gmt":"2023-03-10T08:56:57","guid":{"rendered":"https:\/\/www.instinctiv.bike\/?page_id=285"},"modified":"2026-04-29T08:37:25","modified_gmt":"2026-04-29T07:37:25","slug":"reviews","status":"publish","type":"page","link":"https:\/\/www.instinctiv.bike\/es\/reviews\/","title":{"rendered":"rese\u00f1as"},"content":{"rendered":"<div class=\"gb-container gb-container-31367b11\">\n<div class=\"gb-grid-wrapper gb-grid-wrapper-25fc1532\">\n<div class=\"gb-grid-column gb-grid-column-18088515\"><div class=\"gb-container gb-container-18088515\">\n\n<h1 class=\"wp-block-heading\" id=\"h-reviews\">rese\u00f1as<\/h1>\n\n<\/div><\/div>\n<\/div>\n<\/div>\n\n<div class=\"gb-container gb-container-c0d0eb46\">\n<div class=\"gb-grid-wrapper gb-grid-wrapper-ddb1d029\">\n<div class=\"gb-grid-column gb-grid-column-36f5bb89\"><div class=\"gb-container gb-container-36f5bb89\">\n\n<p class=\"medium\">\u00bfQu\u00e9 dicen los ciclistas de nuestra bikes? Hemos recopilado una serie de reacciones de nuestros ciclistas, de ciclistas normales como t\u00fa y como nosotros, y de algunos ciclistas profesionales. <\/p>\n\n<\/div><\/div>\n<\/div>\n<\/div>\n\n<div class=\"gb-container gb-container-b1e162af double_image_container\">\n<div class=\"gb-grid-wrapper gb-grid-wrapper-46ecfe93\">\n<div class=\"gb-grid-column gb-grid-column-5e5e474f\"><div class=\"gb-container gb-container-5e5e474f alignbottom\" style=\"background-image: url(https:\/\/www.instinctiv.bike\/wp-content\/uploads\/Instinctiv_Ocelot_125_review.jpg);\"><\/div><\/div>\n<\/div>\n<\/div>\n\n<div class=\"gb-container gb-container-8ce9d6bc\">\n<div class=\"gb-grid-wrapper gb-grid-wrapper-76cda9f6\">\n<div class=\"gb-grid-column gb-grid-column-5558175c\"><div class=\"gb-container gb-container-5558175c\">\n\n<h2 class=\"wp-block-heading\">los profesionales<\/h2>\n\n<\/div><\/div>\n<\/div>\n<\/div>\n\n<div class=\"gb-container gb-container-183074fc full_width\">\n<div class=\"gb-grid-wrapper gb-grid-wrapper-240527c0\">\n<div class=\"gb-grid-column gb-grid-column-458ff3e2\"><div class=\"gb-container gb-container-458ff3e2\"><\/div><\/div>\n\n<div class=\"gb-grid-column gb-grid-column-543d6a70\"><div class=\"gb-container gb-container-543d6a70\"><\/div><\/div>\n\n<div class=\"gb-grid-column gb-grid-column-6604b698\"><div class=\"gb-container gb-container-6604b698\"><\/div><\/div>\n<\/div>\n\n<div class=\"gb-grid-wrapper gb-grid-wrapper-fb0fc9ec\">\n<div class=\"gb-grid-column gb-grid-column-959d3e86\"><div class=\"gb-container gb-container-959d3e86\">\n\n<h3 class=\"wp-block-heading has-text-align-left nopadding nomargin\" id=\"h-enduro-mtb\">el mundo del btt<\/h3>\n\n\n\n<p>\u201cOcelot 135 - El todoterreno perfecto: equilibrado, vers\u00e1til e ideal para trails, turismo y parques bike\u201d.\u201d<\/p>\n\n\n\n<p><a href=\"https:\/\/www.youtube.com\/watch?v=VAc-TEEQeDw\" target=\"_blank\" rel=\"noreferrer noopener\">ver el v\u00eddeo<\/a><\/p>\n\n\n\n<h3 class=\"wp-block-heading has-text-align-left nopadding nomargin\" id=\"h-enduro-mtb\">Enduro MTB<\/h3>\n\n\n\n<p class=\"has-text-align-left nopadding nomargin\">\u201cLa Kodiak 140 gana puntos con su suspensi\u00f3n afelpada y su posici\u00f3n de conducci\u00f3n central. La caja de cambios Pinion garantiza un centro de gravedad bajo y est\u00e1 bellamentefully integrada en el cuadro\u201d.\u201d<\/p>\n\n\n\n<p><a href=\"https:\/\/enduro-mtb.com\/en\/instinctiv-m9-2022-first-review\/\" target=\"_blank\" rel=\"noreferrer noopener\">leer el art\u00edculo completo<\/a><\/p>\n\n\n\n<h3 class=\"wp-block-heading has-text-align-left\" id=\"h-bike-magazine\">Revista BIKE<\/h3>\n\n\n\n<p class=\"has-text-align-left nounderline nopadding nomargin has-contrast-color has-text-color has-link-color wp-elements-60a987391447bbb7a2dd2ace498af01e\">\u201cCuesta abajo, la Kodiak 150 MX se enciende y ronronea suavemente por el terreno. El tren trasero funciona de primera, responde bien y nivela con fiabilidad incluso los passages accidentados. Hay suficiente chispa disponible para los saltos y suficiente progresi\u00f3n para los aterrizajes duros. Como resultado, el potente tren trasero da la sensaci\u00f3n de tener m\u00e1s de 150 mm de recorrido\u201d.\u201d<\/p>\n\n\n\n<p class=\"nopadding nomargin\"><a href=\"https:\/\/www.instinctiv.bike\/es\/static\/Instinctiv_M97_EN.pdf\/\" target=\"_blank\" rel=\"noreferrer noopener\">leer el art\u00edculo BIKE<\/a> <\/p>\n\n<\/div><\/div>\n\n<div class=\"gb-grid-column gb-grid-column-d8f6d828\"><div class=\"gb-container gb-container-d8f6d828\"><\/div><\/div>\n\n<div class=\"gb-grid-column gb-grid-column-e87c0f83\"><div class=\"gb-container gb-container-e87c0f83\">\n\n<h3 class=\"wp-block-heading has-text-align-left nopadding nomargin\" id=\"h-enduro-mtb\">E-monta\u00f1abike<\/h3>\n\n\n\n<p>\u201cCon el Ocelot 125, Instinctiv ha creado un aut\u00e9ntico gato turbo: \u00e1gil, silencioso y r\u00e1pido en las subidas, impulsado por el potente motor maxon que proporciona un s\u00f3lido apoyo incluso en los ascensos t\u00e9cnicos. Cuando llega la hora de descender, el Ocelot se siente como en casa sobre la corriente trails: \u00e1gil, juguet\u00f3n y r\u00e1pido. Pero cuando el terreno se vuelve m\u00e1s duro, el gato turbo puede convertirse en una bola asustadiza de dientes y garras - hace falta una mano h\u00e1bil para evitar que te ara\u00f1e. Aun as\u00ed, esta eMTB sigue siendo una clara pionera en dise\u00f1o ligero, lo que atraer\u00e1 especialmente a los ciclistas que cuentan cada gramo y valoran la integraci\u00f3n limpia\u201d.\u201d<\/p>\n\n\n\n<p><a href=\"https:\/\/ebike-mtb.com\/en\/instinctiv-bikes-ocelot-test\/\" target=\"_blank\" rel=\"noopener\">leer el art\u00edculo completo<\/a><\/p>\n\n\n\n<h3 class=\"wp-block-heading has-text-align-left nopadding nomargin\" id=\"h-ride-ch-0\">ride.ch<\/h3>\n\n\n\n<p class=\"has-text-align-left nopadding nomargin\">\u201cAunque la Kodiak 140 s\u00f3lo tiene 140 mil\u00edmetros de recorrido trasero, su conducci\u00f3n es extremadamente suave y se siente como una downhill bike en el sendero. Gracias a la caja de cambios Pinion y a una buena gu\u00eda de cadena, no hace ning\u00fan ruido y es inusualmente silenciosa en el descenso.\u201d<\/p>\n\n\n\n<p><a href=\"https:\/\/www.ride-mtb.com\/de\/news\/test-instinctiv-m9-der-ruhepol-aus-den-niederlanden\" target=\"_blank\" rel=\"noreferrer noopener\">lee el art\u00edculo en ride.ch<\/a><\/p>\n\n\n\n<h3 class=\"wp-block-heading has-text-align-left\" id=\"h-magazine-vtt-0\">Revista VTT<\/h3>\n\n\n\n<p class=\"has-text-align-left nopadding nomargin\">\u201cEsta bike es seguramente la m\u00e1quina m\u00e1s exitosa que hemos podido probar con este tipo de transmisi\u00f3n. Es totalmente coherente con su programa, tanto en la calidad de la suspensi\u00f3n como en la geometr\u00eda, la distribuci\u00f3n de masas o el acabado\u201d.\u201d<\/p>\n\n\n\n<p><a href=\"https:\/\/www.instinctiv.bike\/es\/static\/Instinctiv_VTT280.pdf\/\">leer el art\u00edculo de la revista VTT<\/a><\/p>\n\n<\/div><\/div>\n<\/div>\n<\/div>\n\n<div class=\"gb-container gb-container-752ecb56\">\n<div class=\"gb-grid-wrapper gb-grid-wrapper-d8b25b48\">\n<div class=\"gb-grid-column gb-grid-column-3ff264ba\"><div class=\"gb-container gb-container-3ff264ba\">\n\n<h2 class=\"wp-block-heading\" id=\"h-our-riders\">nuestros jinetes<\/h2>\n\n<\/div><\/div>\n<\/div>\n\n<div class=\"gb-grid-wrapper gb-grid-wrapper-b86d323e\">\n<div class=\"gb-grid-column gb-grid-column-98670ea8\"><div class=\"gb-container gb-container-98670ea8\">\n\n<h3 class=\"wp-block-heading nopadding nomargin\" id=\"h-carlo-mexico\">Carlo \/ M\u00e9xico<\/h3>\n\n\n\n<p>\u201cLlev\u00e9 el Kodiak a un viaje bike al Whistler mexicano en trails muy duro y muy largo exigente y el bike funcion\u00f3 perfectamente. En Ciudad de M\u00e9xico, en mi trails local, consegu\u00ed bajar mis tiempos de descenso y ahora estoy en el top 5 de Strava en algunas l\u00edneas. As\u00ed que estoy muy contento con el Kodiak\u201d.\u201d<\/p>\n\n\n\n<h3 class=\"wp-block-heading\" id=\"h-toby-netherlands\">Toby \/ Pa\u00edses Bajos<\/h3>\n\n\n\n<p>\u201cEl bike es realmente muy divertido de conducir. Me encanta mi bike. Soy un conductor un poco temerario y tiendo a romperlo todo en mi bike (especialmente los desviadores). Hasta ahora, esta bike ha sido a prueba de bombas. El manejo es fenomenal y ya nunca querr\u00eda una mountain bike sin una pinion y transmisi\u00f3n por correa. Adi\u00f3s a las manos grasientas!\u201d<\/p>\n\n\n\n<h3 class=\"wp-block-heading\" id=\"h-johannes-germany\">Johannes \/ Alemania<\/h3>\n\n\n\n<p>\u201cEl bike es realmente muy divertido de conducir\u201d.\u201d<\/p>\n\n\n\n<h3 class=\"wp-block-heading\" id=\"h-ian-canada\">Ian \/ Canad\u00e1<\/h3>\n\n\n\n<p>\u201cEl bike ha sido impresionante. No cambiar\u00eda nada de lo que ped\u00ed. Muy contento con la palanca de cambios de agarre. El Kodiak es el mejor bike para subir y bajar que he montado nunca\u201d.\u201d<\/p>\n\n\n\n<h3 class=\"wp-block-heading\" id=\"h-sebastian-germany\">Sebasti\u00e1n \/ Alemania<\/h3>\n\n\n\n<p>\u201c\u00a1Hoy he hecho la configuraci\u00f3n y el primer testride en la Kodiak 140 y no puedo dejar de sonre\u00edr! Adem\u00e1s de su gran dise\u00f1o, color y tecnolog\u00eda, tambi\u00e9n me fascinan sus caracter\u00edsticas de manejo: El peso relativamente elevado de la bike parece desaparecer en el sendero, el COG central y bajo genera un manejo activo y una enorme tracci\u00f3n, mientras que la geometr\u00eda del cuadro da como resultado una mayor confianza en uno mismo gracias a la estabilidad...\u201d<\/p>\n\n\n\n<h3 class=\"wp-block-heading\" id=\"h-jeppe-denmark\">Jeppe \/ Dinamarca<\/h3>\n\n\n\n<p>\u201cEl Kodiak MX 150 y yo vamos muy bien. Me encanta c\u00f3mo consigue ser sensible, estable y juguet\u00f3n al mismo tiempo. Me est\u00e1 encantando y ya igualo mis tiempos de tramo sin llegar a mis l\u00edmites\u201d.\u201d<\/p>\n\n\n\n<h3 class=\"wp-block-heading\" id=\"h-swen-switzerland\">Suecia \/ Suiza<\/h3>\n\n\n\n<p class=\"nounderline has-contrast-color has-text-color has-link-color wp-elements-fcc6b33a4983c3a7076d5ff0db1a1b85\">\u201c\u00a1Hab\u00e9is hecho un gran trabajo! \u00a1El bike tiene un aspecto brillante! Personalmente soy un mountain biker activo de Suiza desde hace varios a\u00f1os. Compito en varias carreras de enduro\u201d.\u201d<\/p>\n\n<\/div><\/div>\n\n<div class=\"gb-grid-column gb-grid-column-431e6f35\"><div class=\"gb-container gb-container-431e6f35\"><\/div><\/div>\n\n<div class=\"gb-grid-column gb-grid-column-9709e581\"><div class=\"gb-container gb-container-9709e581\">\n\n<h3 class=\"wp-block-heading nopadding nomargin\" id=\"h-graham-uk\">Graham \/ Reino Unido<\/h3>\n\n\n\n<p>\u201cHe comprado un Instinctiv Kodiak 130. Ha sustituido a mi Santa Cruz 5010. Pero es un sustituto estupendo. Acostumbrarse al cambio de empu\u00f1adura es pan comido. En la primera salida me adapt\u00e9 en un par de horas. Es sencillamente genial poder cambiar de marcha con la rueda libre o estando parado. Como experiencia de conducci\u00f3n, su habilidad cuesta abajo es insuperable, se pega al suelo como la mierda a una manta, y en las curvas es extremadamente \u00e1gil. Bat\u00ed todos mis PB de la downhill en Strava la primera vez que la mont\u00e9 en la Kodiak 130, adem\u00e1s de conseguir varios KOM\u201d.\u201d<\/p>\n\n\n\n<h3 class=\"wp-block-heading\" id=\"h-patrick-united-states\">Patrick \/ Estados Unidos<\/h3>\n\n\n\n<p class=\"nounderline has-contrast-color has-text-color has-link-color wp-elements-687cfadda035d6dab0f0f9b187b8822e\">\u201c<a href=\"https:\/\/www.instinctiv.bike\/es\/trail-mountain-bikes\/\">El Kodiak 140 es incre\u00edble.<\/a> El env\u00edo fue r\u00e1pido y el bike es f\u00e1cilmente el mejor bike que he tenido nunca.\u201d<\/p>\n\n\n\n<h3 class=\"wp-block-heading\" id=\"h-peter-united-states\">Peter \/ Estados Unidos<\/h3>\n\n\n\n<p>\u201c\u00a1Acabamos de terminar la construcci\u00f3n! \u00a1Guau! \u00a1Nunca he montado nada igual! Hab\u00e9is hecho un trabajo fenomenal. La geometr\u00eda es insuperable. Gracias de nuevo por toda vuestra ayuda y experiencia\u201d.\u201d<\/p>\n\n\n\n<h3 class=\"wp-block-heading\" id=\"h-nicola-italy\">Nicola \/ Italia<\/h3>\n\n\n\n<p>\u201cEl marco es absolutamente demencial... Alucin\u00e9 cuando lo vi\u201d.\u201d<\/p>\n\n\n\n<h3 class=\"wp-block-heading\" id=\"h-greg-united-states\">Greg \/ Estados Unidos<\/h3>\n\n\n\n<p>\u201cMe encanta montar a caballo y me encanta lo que est\u00e1is haciendo con el Instinctiv. El cuidado y la calidad del bike son de primera. Y la suspensi\u00f3n es absolutamente la mejor que he visto nunca\u201d.\u201d<\/p>\n\n\n\n<h3 class=\"wp-block-heading\" id=\"h-dorus-netherlands\">Dorus \/ Pa\u00edses Bajos<\/h3>\n\n\n\n<p>\u201c\u00a1Gracias por la explicaci\u00f3n de ayer al recoger mi bike, aprend\u00ed algunas cosas nuevas! Ayer fui inmediatamente a montar y fue genial!\u201d<\/p>\n\n\n\n<h3 class=\"wp-block-heading\" id=\"h-geraint-scotland\">Geraint \/ Escocia<\/h3>\n\n\n\n<p>\u201cEl bike est\u00e1 s\u00faper plantado. Hab\u00e9is hecho un gran trabajo con \u00e9l. En la primera semana ya estaba consiguiendo PBs. El trigger shifter es tan f\u00e1cil de usar y me resulta tan familiar desde el primer momento.\u201c<\/p>\n\n<\/div><\/div>\n<\/div>\n<\/div>\n\n<div class=\"gb-container gb-container-c6933e0e\">\n<div class=\"gb-grid-wrapper gb-grid-wrapper-395248df\">\n<div class=\"gb-grid-column gb-grid-column-bc1c2c0b\"><div class=\"gb-container gb-container-bc1c2c0b\">\n\n<h2 class=\"wp-block-heading\" id=\"h-publications\">publicaciones<\/h2>\n\n<\/div><\/div>\n<\/div>\n\n<div class=\"gb-grid-wrapper gb-grid-wrapper-2a8e51d9\">\n<div class=\"gb-grid-column gb-grid-column-520144f7\"><div class=\"gb-container gb-container-520144f7 nomargin\">\n\n<h3 class=\"wp-block-heading has-text-align-left nopadding nomargin\" id=\"h-enduro-mtb\">Ocelot<\/h3>\n\n\n\n<p class=\"has-contrast-color has-text-color has-link-color wp-elements-e918aa074179c4d523b499e0575db4d0\"><a href=\"https:\/\/ebike-mtb.com\/instinctiv-bikes-ocelot-test\/\" target=\"_blank\" data-type=\"link\" data-id=\"https:\/\/ebike-mtb.com\/en\/instinctiv-bikes-ocelot-test\/\" rel=\"noreferrer noopener\">Revista E-MOUNTAINBIKE - Ocelot 125 test \/ Deutsch<\/a><\/p>\n\n\n\n<p class=\"has-contrast-color has-text-color has-link-color wp-elements-b21291fdbcfc220e047f4925982323eb\"><a href=\"https:\/\/ebike-mtb.com\/en\/instinctiv-bikes-ocelot-test\/\" target=\"_blank\" data-type=\"link\" data-id=\"https:\/\/ebike-mtb.com\/en\/instinctiv-bikes-ocelot-test\/\" rel=\"noreferrer noopener\">Revista E-MOUNTAINBIKE - Ocelot 125 test \/ Espa\u00f1ol<\/a><\/p>\n\n\n\n<p class=\"has-contrast-color has-text-color has-link-color wp-elements-669b88a5c55cf071b18db8b43f36fb53\"><a href=\"https:\/\/ebike-mtb.com\/en\/maxon-air-s-test\/\" target=\"_blank\" data-type=\"link\" data-id=\"https:\/\/www.youtube.com\/watch?v=tRpN5wriErA\" rel=\"noreferrer noopener\">E-MOUNTAINBIKE Magazine - Ocelot 125 en la gran prueba del Grupo Motor e-Bike<\/a><\/p>\n\n\n\n<p class=\"has-contrast-color has-text-color has-link-color wp-elements-5612f180d2492edcfad5c45e71b659f6\"><a href=\"https:\/\/www.youtube.com\/watch?v=tRpN5wriErA\" data-type=\"link\" data-id=\"https:\/\/www.youtube.com\/watch?v=tRpN5wriErA\" target=\"_blank\" rel=\"noreferrer noopener\">World of MTB - V\u00eddeo Dreambuild del Ocelot 125<\/a><\/p>\n\n\n\n<p class=\"has-contrast-color has-text-color has-link-color wp-elements-d6c22cb63b807735f925907f719ef6b6\"><a href=\"https:\/\/www.youtube.com\/watch?v=4W8l-gxZ-DU\" data-type=\"link\" data-id=\"https:\/\/www.youtube.com\/watch?v=4W8l-gxZ-DU\" target=\"_blank\" rel=\"noopener\">\u00a1World of MTB - Ultraleicht &amp; volle E-Biker-Power! La nueva Maxon BIKEDRIVE AIR S - Informe de empresa y entrevista<\/a><\/p>\n\n<\/div><\/div>\n<\/div>\n\n<div class=\"gb-grid-wrapper gb-grid-wrapper-4105d0d8\">\n<div class=\"gb-grid-column gb-grid-column-48b67018\"><div class=\"gb-container gb-container-48b67018 nomargin\">\n\n<h3 class=\"wp-block-heading has-text-align-left nopadding nomargin\" id=\"h-enduro-mtb\">Kodiak<\/h3>\n\n\n\n<p class=\"has-contrast-color has-text-color has-link-color wp-elements-c704ece876878e4f2e91a7afa7b0275a\"><a href=\"https:\/\/instinctiv.bike\/static\/reviews\/END_066_VT_Instinctiv_1024_INT.pdf\" target=\"_blank\" rel=\"noreferrer noopener\">Prueba del Kodiak MX 150 en el Enduro MTB \/ Espa\u00f1ol<\/a><\/p>\n\n\n\n<p class=\"has-contrast-color has-text-color has-link-color wp-elements-1263e32bf804b7d1f980b65ed565dd88\"><a href=\"https:\/\/instinctiv.bike\/static\/reviews\/END_066_VT_Instinctiv_1024_GER.pdf\" target=\"_blank\" rel=\"noreferrer noopener\">Prueba del Kodiak MX 150 en el Enduro MTB \/ Deutsch<\/a><\/p>\n\n\n\n<p class=\"has-contrast-color has-text-color has-link-color wp-elements-6a661420393b1bd70c81c01144d3a504\"><a href=\"https:\/\/enduro-mtb.com\/en\/instinctiv-m9-2022-first-review\/\" target=\"_blank\" rel=\"noreferrer noopener\">Prueba del Kodiak 140 (antiguo nombre M9) en el Enduro MTB \/ ES<\/a><\/p>\n\n\n\n<p class=\"has-contrast-color has-text-color has-link-color wp-elements-c6d53a9a7a1fe8cbeb3331fd244e6fb4\"><a href=\"https:\/\/www.instinctiv.bike\/static\/reviews\/Instinctiv_M97_EN.pdf\" target=\"_blank\" rel=\"noreferrer noopener\">Prueba de conducci\u00f3n del Kodiak MX 150 (antiguo nombre M97) en la revista BIKE \/ ES<\/a><\/p>\n\n\n\n<p class=\"has-contrast-color has-text-color has-link-color wp-elements-1d2d84dc3c1b9d8a90bc93372a812d54\"><a href=\"https:\/\/www.ride.ch\/de\/news\/test-instinctiv-m9-der-ruhepol-aus-den-niederlanden\" target=\"_blank\" rel=\"noreferrer noopener\">Revisi\u00f3n suiza del Kodiak 140 (antiguo nombre M9) en Ride.ch \/ DE<\/a><\/p>\n\n\n\n<p class=\"has-contrast-color has-text-color has-link-color wp-elements-4bb0423429eaa1a9fa7f8baa177593de\"><a href=\"https:\/\/www.lines-mag.at\/instinctiv-m9\/\" target=\"_blank\" rel=\"noreferrer noopener\">Revisi\u00f3n austriaca del Kodiak 140 (antiguo nombre M9) en Lines.at \/ DE<\/a><\/p>\n\n\n\n<p class=\"has-contrast-color has-text-color has-link-color wp-elements-348121e4856d7885db31edcfb0794956\"><a href=\"https:\/\/www.instinctiv.bike\/static\/reviews\/Instinctiv_VTT280.pdf\" target=\"_blank\" rel=\"noreferrer noopener\">Prueba francesa del Kodiak MX 150 (antiguo nombre M97) en Magazine V\u00e9lo Tout Terrain \/ FR<\/a><\/p>\n\n\n\n<p class=\"has-contrast-color has-text-color has-link-color wp-elements-0aea1cabd6a39098a4dd1e68e685302f\"><a href=\"https:\/\/ridetothefutur.weebly.com\/test-instinctiv-m9.html\" target=\"_blank\" rel=\"noreferrer noopener\">V\u00eddeo del Kodiak 140 (antiguo nombre M9) por Nic Charvin \/ FR y EN<\/a><\/p>\n\n\n\n<p class=\"has-contrast-color has-text-color has-link-color wp-elements-f0db0dd4b970f60c44cb1a68f99bdfe7\"><a href=\"https:\/\/www.youtube.com\/watch?v=V44tGyPW8ZM\" target=\"_blank\" rel=\"noreferrer noopener\">V\u00eddeo review del Kodiak MX 150 (antiguo nombre M97) por Alex Medina \/ ES<\/a><\/p>\n\n\n\n<p class=\"has-contrast-color has-text-color has-link-color wp-elements-251dc928b54bfa8a93b1cfb9fc36f7c8\"><a href=\"https:\/\/ruedasgordas.es\/videos\/probando-la-bicicleta-en-enduro-instintiv-m97-sin-cassette-y-sin-desviador-trasero\" target=\"_blank\" rel=\"noreferrer noopener\">V\u00eddeo review en espa\u00f1ol del Kodiak MX 150 (antiguo nombre M97) en Ruedasgordas.es \/ ES<\/a><\/p>\n\n\n\n<p class=\"has-contrast-color has-text-color has-link-color wp-elements-ea058c5bb16a291c0eac40038fded9fe\"><a href=\"https:\/\/www.instinctiv.bike\/static\/reviews\/Instinctiv_M97_EN.pdf\" target=\"_blank\" rel=\"noreferrer noopener\">Prueba en ingl\u00e9s del Kodiak MX 150 (antiguo nombre M97) en la revista BIKE \/ ES<\/a><\/p>\n\n\n\n<p class=\"has-contrast-color has-text-color has-link-color wp-elements-3871952da09dedad9e76fd12179e398e\"><a href=\"https:\/\/www.instinctiv.bike\/static\/reviews\/Instinctiv_M97_25489.pdf\" target=\"_blank\" rel=\"noreferrer noopener\">Prueba alemana del Kodiak MX 150 (antiguo nombre M97) en la revista BIKE \/ DE<\/a><\/p>\n\n<\/div><\/div>\n<\/div>\n<\/div>","protected":false},"excerpt":{"rendered":"","protected":false},"author":229,"featured_media":0,"parent":0,"menu_order":0,"comment_status":"closed","ping_status":"closed","template":"","meta":{"footnotes":""},"class_list":["post-285","page","type-page","status-publish"],"_links":{"self":[{"href":"https:\/\/www.instinctiv.bike\/es\/wp-json\/wp\/v2\/pages\/285","targetHints":{"allow":["GET"]}}],"collection":[{"href":"https:\/\/www.instinctiv.bike\/es\/wp-json\/wp\/v2\/pages"}],"about":[{"href":"https:\/\/www.instinctiv.bike\/es\/wp-json\/wp\/v2\/types\/page"}],"author":[{"embeddable":true,"href":"https:\/\/www.instinctiv.bike\/es\/wp-json\/wp\/v2\/users\/229"}],"replies":[{"embeddable":true,"href":"https:\/\/www.instinctiv.bike\/es\/wp-json\/wp\/v2\/comments?post=285"}],"version-history":[{"count":1,"href":"https:\/\/www.instinctiv.bike\/es\/wp-json\/wp\/v2\/pages\/285\/revisions"}],"predecessor-version":[{"id":30933,"href":"https:\/\/www.instinctiv.bike\/es\/wp-json\/wp\/v2\/pages\/285\/revisions\/30933"}],"wp:attachment":[{"href":"https:\/\/www.instinctiv.bike\/es\/wp-json\/wp\/v2\/media?parent=285"}],"curies":[{"name":"wp","href":"https:\/\/api.w.org\/{rel}","templated":true}]}}