{"id":12494,"date":"2024-04-02T12:39:34","date_gmt":"2024-04-02T12:39:34","guid":{"rendered":"https:\/\/www.instinctiv.bike\/?post_type=product&#038;p=12494"},"modified":"2025-12-15T14:51:49","modified_gmt":"2025-12-15T13:51:49","slug":"kodiak-pivot-f-hardware-set","status":"publish","type":"product","link":"https:\/\/www.instinctiv.bike\/fr\/store\/kodiak-pivot-f-hardware-set\/","title":{"rendered":"Kodiak pivot F jeu de mat\u00e9riel"},"content":{"rendered":"","protected":false},"excerpt":{"rendered":"<p>Jeu de quincaillerie Pivot F pour Kodiak bikes. S'applique \u00e0 Kodiak 130, Kodiak 140, Kodiak MX 150 et Kodiak 150. Nous te conseillons de nous consulter avant de commander ces pi\u00e8ces pour \u00eatre s\u00fbr de commander le bon jeu.<\/p>","protected":false},"featured_media":12527,"template":"","meta":[],"product_brand":[],"product_cat":[57],"product_tag":[],"class_list":{"0":"post-12494","1":"product","2":"type-product","3":"status-publish","4":"has-post-thumbnail","6":"product_cat-hardware-sets","7":"product_shipping_class-parts","9":"first","10":"instock","11":"taxable","12":"shipping-taxable","13":"purchasable","14":"product-type-simple"},"exclude_global_add_ons":[],"addons":[],"_links":{"self":[{"href":"https:\/\/www.instinctiv.bike\/fr\/wp-json\/wp\/v2\/product\/12494","targetHints":{"allow":["GET"]}}],"collection":[{"href":"https:\/\/www.instinctiv.bike\/fr\/wp-json\/wp\/v2\/product"}],"about":[{"href":"https:\/\/www.instinctiv.bike\/fr\/wp-json\/wp\/v2\/types\/product"}],"wp:featuredmedia":[{"embeddable":true,"href":"https:\/\/www.instinctiv.bike\/fr\/wp-json\/wp\/v2\/media\/12527"}],"wp:attachment":[{"href":"https:\/\/www.instinctiv.bike\/fr\/wp-json\/wp\/v2\/media?parent=12494"}],"wp:term":[{"taxonomy":"product_brand","embeddable":true,"href":"https:\/\/www.instinctiv.bike\/fr\/wp-json\/wp\/v2\/product_brand?post=12494"},{"taxonomy":"product_cat","embeddable":true,"href":"https:\/\/www.instinctiv.bike\/fr\/wp-json\/wp\/v2\/product_cat?post=12494"},{"taxonomy":"product_tag","embeddable":true,"href":"https:\/\/www.instinctiv.bike\/fr\/wp-json\/wp\/v2\/product_tag?post=12494"}],"curies":[{"name":"wp","href":"https:\/\/api.w.org\/{rel}","templated":true}]}}