{"id":1867,"date":"2023-04-04T17:19:50","date_gmt":"2023-04-04T17:19:50","guid":{"rendered":"https:\/\/www.instinctiv.bike\/?page_id=1867"},"modified":"2025-09-09T13:54:56","modified_gmt":"2025-09-09T12:54:56","slug":"maintain-your-bike","status":"publish","type":"page","link":"https:\/\/www.instinctiv.bike\/it\/maintain-your-bike\/","title":{"rendered":"mantenere il vostro bike"},"content":{"rendered":"<div class=\"gb-container gb-container-31367b11\">\n<div class=\"gb-grid-wrapper gb-grid-wrapper-25fc1532\">\n<div class=\"gb-grid-column gb-grid-column-18088515\"><div class=\"gb-container gb-container-18088515\">\n\n<h1 class=\"wp-block-heading\" id=\"h-maintain-your-bike\">mantenere il vostro bike<\/h1>\n\n<\/div><\/div>\n<\/div>\n<\/div>\n\n<div class=\"gb-container gb-container-c0d0eb46\">\n<div class=\"gb-grid-wrapper gb-grid-wrapper-ddb1d029\">\n<div class=\"gb-grid-column gb-grid-column-36f5bb89\"><div class=\"gb-container gb-container-36f5bb89\">\n\n<p class=\"medium\">I nostri bikes sono resistenti e la manutenzione del tuo bike \u00e8 facile. Con pochi passaggi ti assicurerai di poter guidare il tuo bike per molto tempo.<\/p>\n\n<\/div><\/div>\n<\/div>\n<\/div>\n\n<div class=\"gb-container gb-container-b1e162af double_image_container\">\n<div class=\"gb-grid-wrapper gb-grid-wrapper-46ecfe93\">\n<div class=\"gb-grid-column gb-grid-column-5e5e474f\"><div class=\"gb-container gb-container-5e5e474f alignbottom\" style=\"background-image: url(https:\/\/www.instinctiv.bike\/wp-content\/uploads\/ocelot_details_135_puma.jpg);\"><\/div><\/div>\n<\/div>\n<\/div>\n\n<div class=\"gb-container gb-container-087ae27f\">\n<div class=\"gb-grid-wrapper gb-grid-wrapper-c7a50eb1\">\n<div class=\"gb-grid-column gb-grid-column-141a9fe5\"><div class=\"gb-container gb-container-141a9fe5\">\n\n<h2 class=\"wp-block-heading\" id=\"h-cleaning\">pulizia<\/h2>\n\n<\/div><\/div>\n\n<div class=\"gb-grid-column gb-grid-column-77f9e7e8\"><div class=\"gb-container gb-container-77f9e7e8\"><\/div><\/div>\n\n<div class=\"gb-grid-column gb-grid-column-0c398e2d\"><div class=\"gb-container gb-container-0c398e2d reading_block\">\n\n<p>Quando pulisci il tuo bike, non usare mai un'idropulitrice o un pulitore a vapore, perch\u00e9 le guarnizioni non sono in grado di resistere alla pressione.<\/p>\n\n\n\n<p>Usa un tubo o un secchio e una spugna per bagnare l'bike e rimuovere la maggior parte del fango e della sporcizia accumulati.<\/p>\n\n\n\n<p>Se hai un dispositivo per la pulizia della catena usalo per pulirla, altrimenti dovrai semplicemente applicare uno sgrassatore e usare una spazzola. Assicurati di avere una spazzola specifica per la catena e non usarla su nessun altro componente della bike, in particolare sui freni. Contaminare i rotori dei freni con la sporcizia della catena roviner\u00e0 le prestazioni e potrebbe costringerti a sostituire le pastiglie dei freni.<\/p>\n\n\n\n<p>Usa una spazzola morbida per pulire l'intero bike. Le spazzole, insieme a un detergente, scioglieranno la maggior parte dello sporco residuo dall'bike. Ricorda che anche i lati inferiori e le parti pi\u00f9 scomode hanno bisogno di attenzione.<\/p>\n\n\n\n<p>Usa acqua fresca per sciacquare il bike. Fai girare ogni ruota per sciacquare tutto il detergente dal battistrada. Controlla che tutto lo sporco sia stato rimosso e ripassa con la spazzola se ne rimane, quindi risciacqua di nuovo.<\/p>\n\n\n\n<p>Se disponi di un cavalletto, questo \u00e8 il momento giusto per spostare l'bike al suo interno. Usa un vecchio canovaccio o una pelle di camoscio, se ne hai uno, per asciugare l'bike.<\/p>\n\n\n\n<p>Applica il lubrificante alla catena mentre giri i pedali. Presta attenzione alle raccomandazioni del produttore perch\u00e9 \u00e8 molto facile esagerare con il lubrificante.<\/p>\n\n<\/div><\/div>\n<\/div>\n<\/div>\n\n<div class=\"gb-container gb-container-73bec817\">\n<div class=\"gb-grid-wrapper gb-grid-wrapper-69eec7f8\">\n<div class=\"gb-grid-column gb-grid-column-daeb8da3\"><div class=\"gb-container gb-container-daeb8da3\">\n\n<h2 class=\"wp-block-heading\" id=\"h-brakes\">Freni<\/h2>\n\n<\/div><\/div>\n\n<div class=\"gb-grid-column gb-grid-column-75420f06\"><div class=\"gb-container gb-container-75420f06\"><\/div><\/div>\n\n<div class=\"gb-grid-column gb-grid-column-c35c930b\"><div class=\"gb-container gb-container-c35c930b reading_block\">\n\n<p>La frequenza della manutenzione dei freni del tuo Magura dipende dalla frequenza di utilizzo del tuo bike e dalle condizioni atmosferiche. Controlla pi\u00f9 frequentemente se utilizzi i freni in condizioni estreme.<\/p>\n\n\n\n<p>Una pastiglia Magura \u00e8 considerata usurata se lo spessore della pastiglia pi\u00f9 la piastra portante \u00e8 inferiore a 2,5 mm in qualsiasi punto. Il rotore Magura \u00e8 considerato usurato se lo spessore \u00e8 inferiore a 1,8 mm. Controlla e sostituisci le pastiglie e i rotori dei freni quando necessario.<\/p>\n\n\n\n<p>Con il link sottostante alle istruzioni Magura, potrai sostituire le pastiglie, cambiare i rotori ed eseguire una sessione di spurgo dei freni MT.<\/p>\n\n\n\n<p class=\"has-ice-color has-text-color has-link-color wp-elements-5d18a528f3747f34dd7cf8b53a26b220\"><a href=\"https:\/\/www.magura.com\/media\/1885\/mt_2016_en_web_06.pdf\" target=\"_blank\" rel=\"noreferrer noopener\">Istruzioni Magura per freni MT<\/a><\/p>\n\n<\/div><\/div>\n<\/div>\n<\/div>\n\n<div class=\"gb-container gb-container-82304eb9\">\n<div class=\"gb-grid-wrapper gb-grid-wrapper-8ed49dc1\">\n<div class=\"gb-grid-column gb-grid-column-e3d21cb8\"><div class=\"gb-container gb-container-e3d21cb8\">\n\n<h2 class=\"wp-block-heading\" id=\"h-suspension\">kodiak<\/h2>\n\n<\/div><\/div>\n\n<div class=\"gb-grid-column gb-grid-column-780d1052\"><div class=\"gb-container gb-container-780d1052\"><\/div><\/div>\n\n<div class=\"gb-grid-column gb-grid-column-42b6f8d6\"><div class=\"gb-container gb-container-42b6f8d6 reading_block\">\n\n<p>Controlla ogni tanto l'usura delle tue sospensioni pivot. Noi utilizziamo cuscinetti in grafite di ottone di alta qualit\u00e0, ma se pedali molto in condizioni di bagnato e sporco, i cuscinetti potrebbero usurarsi pi\u00f9 rapidamente.<\/p>\n\n\n\n<p>Nell'Kodiak utilizziamo un piccolo gommino morbido dietro la maglia del telaio. Dopo molto tempo potrebbe usurarsi o danneggiarsi. Poich\u00e9 utilizziamo links estremamente corti nell'Kodiak, quando sollevi il tuo bike potresti sentire un po' di pi\u00f9 le tolleranze della sospensione rispetto a quelle a cui sei abituato con altri bikes.   <\/p>\n\n\n\n<p>Questa gomma precarica leggermente il sistema ed elimina il rumore che potresti sentire quando sollevi l'bike. Se per qualche motivo si danneggia o si allenta, non influisce sulla guida.<\/p>\n\n<\/div><\/div>\n<\/div>\n<\/div>\n\n<div class=\"gb-container gb-container-1e8be69e\">\n<div class=\"gb-grid-wrapper gb-grid-wrapper-6dbbf814\">\n<div class=\"gb-grid-column gb-grid-column-bc7ed4f2\"><div class=\"gb-container gb-container-bc7ed4f2\">\n\n<h2 class=\"wp-block-heading\" id=\"h-gearbox\">cambio<\/h2>\n\n<\/div><\/div>\n\n<div class=\"gb-grid-column gb-grid-column-566e26ce\"><div class=\"gb-container gb-container-566e26ce\"><\/div><\/div>\n\n<div class=\"gb-grid-column gb-grid-column-1da35c08\"><div class=\"gb-container gb-container-1da35c08 reading_block\">\n\n<p class=\"nounderline has-contrast-color has-text-color has-link-color wp-elements-bb6a5bda8e5d981c03fe724156697c04\">La scatola del cambio Pinion in magnesio non richiede quasi alcuna manutenzione. \u00c8 sufficiente effettuare un cambio d'olio ogni 10.000 chilometri. Si tratta di un lavoro facile da fare da soli con il kit di manutenzione dell'olio Pinion. Sul <a href=\"https:\/\/www.pinion.eu\" target=\"_blank\" rel=\"noreferrer noopener\">Sito web Pinion<\/a> troverai dei video di istruzioni.<\/p>\n\n<\/div><\/div>\n<\/div>\n<\/div>\n\n<div class=\"gb-container gb-container-ff870cf8\">\n<div class=\"gb-grid-wrapper gb-grid-wrapper-81f5e3fd\">\n<div class=\"gb-grid-column gb-grid-column-b9b15ed1\"><div class=\"gb-container gb-container-b9b15ed1\">\n\n<h2 class=\"wp-block-heading\" id=\"h-older-bike-names\">vecchi nomi bike<\/h2>\n\n<\/div><\/div>\n\n<div class=\"gb-grid-column gb-grid-column-855df4a3\"><div class=\"gb-container gb-container-855df4a3\"><\/div><\/div>\n\n<div class=\"gb-grid-column gb-grid-column-556af24e\"><div class=\"gb-container gb-container-556af24e reading_block\">\n\n<p>Se stai cercando informazioni sul tuo bike, avrai notato che dal 2023 i nostri bikes hanno nuovi nomi. <\/p>\n\n\n\n<p class=\"has-contrast-color has-text-color has-link-color wp-elements-053c19a0086cf25c76975a891e01d00c\">X9 o Reebok \u00e8 ora Kodiak 130<br>M9 o Coyote \u00e8 ora Kodiak 140<br>R9 o Kodiak \u00e8 ora Kodiak 150<br>M97 \u00e8 ora Kodiak MX 150<br>L'M7 \u00e8 stato dismesso<\/p>\n\n<\/div><\/div>\n<\/div>\n<\/div>","protected":false},"excerpt":{"rendered":"","protected":false},"author":229,"featured_media":0,"parent":0,"menu_order":0,"comment_status":"closed","ping_status":"closed","template":"","meta":{"footnotes":""},"class_list":["post-1867","page","type-page","status-publish"],"_links":{"self":[{"href":"https:\/\/www.instinctiv.bike\/it\/wp-json\/wp\/v2\/pages\/1867","targetHints":{"allow":["GET"]}}],"collection":[{"href":"https:\/\/www.instinctiv.bike\/it\/wp-json\/wp\/v2\/pages"}],"about":[{"href":"https:\/\/www.instinctiv.bike\/it\/wp-json\/wp\/v2\/types\/page"}],"author":[{"embeddable":true,"href":"https:\/\/www.instinctiv.bike\/it\/wp-json\/wp\/v2\/users\/229"}],"replies":[{"embeddable":true,"href":"https:\/\/www.instinctiv.bike\/it\/wp-json\/wp\/v2\/comments?post=1867"}],"version-history":[{"count":0,"href":"https:\/\/www.instinctiv.bike\/it\/wp-json\/wp\/v2\/pages\/1867\/revisions"}],"wp:attachment":[{"href":"https:\/\/www.instinctiv.bike\/it\/wp-json\/wp\/v2\/media?parent=1867"}],"curies":[{"name":"wp","href":"https:\/\/api.w.org\/{rel}","templated":true}]}}