{"id":24300,"date":"2025-08-23T16:49:46","date_gmt":"2025-08-23T15:49:46","guid":{"rendered":"https:\/\/www.instinctiv.bike\/?page_id=24300"},"modified":"2026-04-16T16:58:13","modified_gmt":"2026-04-16T15:58:13","slug":"ocelot-lightweight-emtb","status":"publish","type":"page","link":"https:\/\/www.instinctiv.bike\/it\/ocelot-lightweight-emtb\/","title":{"rendered":"ocelot"},"content":{"rendered":"<div class=\"gb-container gb-container-c9c4d748 full_width\" style=\"background-image: url(https:\/\/www.instinctiv.bike\/wp-content\/uploads\/Instinctiv_Ocelot_125_review.jpg);\">\n<div class=\"gb-grid-wrapper gb-grid-wrapper-ff700802\">\n<div class=\"gb-grid-column gb-grid-column-78982fb0\"><div class=\"gb-container gb-container-78982fb0 alignbottom\">\n\n<div class=\"wp-block-group\"><div class=\"wp-block-group__inner-container is-layout-constrained wp-block-group-is-layout-constrained\"><div class=\"gb-container gb-container-be328f90\"><\/div>\n\n\n<p class=\"nopadding nomargin medium has-base-color has-text-color has-link-color wp-elements-dcb7b88d9b647f54e4b79046dd7c6b19\">scoprire l'ocelot<\/p>\n\n\n\n<h1 class=\"wp-block-heading xl_title has-base-color has-text-color has-link-color wp-elements-796cbc924a6831782bce65c2e817595c\" id=\"h-more-laps-faster-laps-feels-like-analogue-but-with-double-pedal-power\" style=\"text-transform:none\">eMTB leggera, sistema di trazione svizzero<\/h1>\n\n\n<div class=\"gb-container gb-container-e9a80609\"><\/div>\n\n\n<div class=\"wp-block-group is-layout-flex wp-block-group-is-layout-flex\">\n<a class=\"gb-button gb-button-c9f25486 gb-button-text white\" href=\"#store\">vedi i modelli Ocelot<\/a>\n<\/div>\n\n\n<div class=\"gb-container gb-container-ae0f649a\"><\/div><\/div><\/div>\n\n<\/div><\/div>\n<\/div>\n<\/div>\n\n<div class=\"gb-container gb-container-a1fc44ff full_width\" id=\"ocelot\">\n<div class=\"gb-grid-wrapper gb-grid-wrapper-9f7d5972 teaser_grid\">\n<div class=\"gb-grid-column gb-grid-column-bb63f270\"><div class=\"gb-container gb-container-bb63f270\">\n\n<figure class=\"gb-block-image gb-block-image-0dcbf234\"><img loading=\"lazy\" decoding=\"async\" width=\"2560\" height=\"1599\" class=\"gb-image gb-image-0dcbf234\" src=\"https:\/\/www.instinctiv.bike\/wp-content\/uploads\/OCELOT-145-HERO-STILLWATER-DIA-1-scaled.jpg\" alt=\"Ocelot 145, la pi\u00f9 naturale delle eMTB, piena potenza, silenziosa, peso ridotto\" title=\"OCELOT 145 EROE STILLWATER DIA\" srcset=\"https:\/\/www.instinctiv.bike\/wp-content\/uploads\/OCELOT-145-HERO-STILLWATER-DIA-1-scaled.jpg 2560w, https:\/\/www.instinctiv.bike\/wp-content\/uploads\/OCELOT-145-HERO-STILLWATER-DIA-1-scaled-300x187.jpg 300w, https:\/\/www.instinctiv.bike\/wp-content\/uploads\/OCELOT-145-HERO-STILLWATER-DIA-1-768x480.jpg 768w, https:\/\/www.instinctiv.bike\/wp-content\/uploads\/OCELOT-145-HERO-STILLWATER-DIA-1-1536x959.jpg 1536w, https:\/\/www.instinctiv.bike\/wp-content\/uploads\/OCELOT-145-HERO-STILLWATER-DIA-1-2048x1279.jpg 2048w, https:\/\/www.instinctiv.bike\/wp-content\/uploads\/OCELOT-145-HERO-STILLWATER-DIA-1-18x12.jpg 18w\" sizes=\"auto, (max-width: 2560px) 100vw, 2560px\" \/><\/figure>\n\n<\/div><\/div>\n<\/div>\n\n<div class=\"gb-grid-wrapper gb-grid-wrapper-3279f6a3 teaser_grid\">\n<div class=\"gb-grid-column gb-grid-column-5ee652ff\"><div class=\"gb-container gb-container-5ee652ff\">\n<div class=\"gb-container gb-container-de96251a\"><\/div>\n\n\n<h2 class=\"wp-block-heading large_title\" style=\"text-transform:none\">aspetto e sensazione naturale<\/h2>\n\n\n\n<p class=\"medium nomargin nopadding\">L'Ocelot sembra un bike. E si guida come una bike, non come una piccola moto. \u00c8 la eMTB perfetta se ti piace spingere. In silenzio, senza sovrappeso, con una sensazione di guida naturale.<\/p>\n\n\n\n<a class=\"gb-button gb-button-b5348e5a gb-button-text configure-button\" href=\"#store\">vedi i modelli<\/a>\n\n<\/div><\/div>\n<\/div>\n<\/div>\n\n<div class=\"gb-container gb-container-f0183f2a double_image_container\">\n<div class=\"gb-grid-wrapper gb-grid-wrapper-54bbe293\">\n<div class=\"gb-grid-column gb-grid-column-1b0a2603\"><div class=\"gb-container gb-container-1b0a2603 alignbottom\" style=\"background-image: url(https:\/\/www.instinctiv.bike\/wp-content\/uploads\/ocelot_details_shock.jpg);\"><\/div><\/div>\n\n<div class=\"gb-grid-column gb-grid-column-01f67bc2\"><div class=\"gb-container gb-container-01f67bc2 alignbottom\" style=\"background-image: url(https:\/\/www.instinctiv.bike\/wp-content\/uploads\/ocelot_details_135_puma.jpg);\"><\/div><\/div>\n<\/div>\n<\/div>\n\n<div class=\"gb-container gb-container-b6bd2592\"><\/div>\n\n<div class=\"gb-container gb-container-ddd62d2f full_width\">\n<div class=\"gb-grid-wrapper gb-grid-wrapper-0b7e9716 teaser_grid\">\n<div class=\"gb-grid-column gb-grid-column-2d49aee6\"><div class=\"gb-container gb-container-2d49aee6\">\n\n<h2 class=\"wp-block-heading large_title\" style=\"text-transform:none\">Sospensione PUMA<\/h2>\n\n\n\n<p class=\"medium nounderline nomargin nopadding\">Il cuore della bikes \u00e8 la nostra sospensione brevettata PUMA. In combinazione con una buona shock, rende la tua bike veloce ed estremamente piantata, offrendo tonnellate di aderenza e sicurezza.<\/p>\n\n<\/div><\/div>\n<\/div>\n<\/div>\n\n<div class=\"gb-container gb-container-9a6e0f29 full_width\">\n\n<video id=\"video_desktop\" poster=\"https:\/\/www.instinctiv.bike\/video\/air_s_intro.jpg\" class=\"video_desktop video_background\" preload=\"metadata\" playsinline muted loop>     \n<source src=\"https:\/\/www.instinctiv.bike\/video\/air_s_intro_lq.mp4\" type=\"video\/mp4\">\n<\/video>\n\n<video id=\"video_mobile\" poster=\"https:\/\/www.instinctiv.bike\/video\/air_s_intro.jpg\" class=\"video_mobile video_background\" preload=\"metadata\" playsinline muted loop>      \n<source src=\"https:\/\/www.instinctiv.bike\/video\/air_s_intro_mobile.mp4\" type=\"video\/mp4\">\n<\/video>\n\n\n\n\n<script>\n\twindow.onload = addAutoplay();\n\t\n        function addAutoplay() {\n\t\tif(window.innerWidth > 1025){\n\t\t\tdocument.getElementById('video_desktop').play();\n                        document.getElementById('video_mobile').remove();\n\t  }  else {\n\t  \t        document.getElementById('video_mobile').play();\n                        document.getElementById('video_desktop').remove();\n\t }\t\n\t};\n<\/script>\n\n<\/div>\n\n<div class=\"gb-container gb-container-5e44d214 full_width\">\n<div class=\"gb-grid-wrapper gb-grid-wrapper-6509acad teaser_grid\">\n<div class=\"gb-grid-column gb-grid-column-5cbf582f\"><div class=\"gb-container gb-container-5cbf582f\">\n\n<h2 class=\"wp-block-heading large_title\" style=\"text-transform:none\">le salite diventano ancora pi\u00f9 divertenti<\/h2>\n\n\n\n<p class=\"medium nounderline nomargin nopadding has-contrast-color has-text-color has-link-color wp-elements-0345773bda39e68960df367740b36759\">Il nuovo <a href=\"https:\/\/www.maxonbikedrive.com\" data-type=\"link\" data-id=\"https:\/\/www.maxonbikedrive.com\" target=\"_blank\" rel=\"noopener\">Unit\u00e0 maxon AIR S<\/a> pesa solo 2 kg. Offre una coppia di ben 90 Nm e una potenza massima di 620 W. Estremamente silenziosa, praticamente nessuna resistenza quando la batteria \u00e8 scarica e una sensazione di guida completamente naturale. Ora ogni salita \u00e8 ancora pi\u00f9 divertente.<\/p>\n\n\n\n<a class=\"gb-button gb-button-634c5cc0 gb-button-text configure-button\" href=\"#store\">vedi i modelli<\/a>\n\n<\/div><\/div>\n<\/div>\n<\/div>\n\n<div class=\"gb-container gb-container-1c3e50e9\"><\/div>\n\n<div class=\"gb-container gb-container-0fcd321a full_width\">\n<div class=\"gb-grid-wrapper gb-grid-wrapper-f181cb0d teaser_grid\">\n<div class=\"gb-grid-column gb-grid-column-2ca0a697\"><div class=\"gb-container gb-container-2ca0a697\">\n\n<h2 class=\"wp-block-heading large_title\" style=\"text-transform:none\">batteria leggera, elevazione sufficiente<\/h2>\n\n\n\n<p class=\"medium nounderline nomargin nopadding has-contrast-color has-text-color has-link-color wp-elements-e617d4a7f9038557f3abf92251457b52\">Non hai bisogno di una grande e pesante batteria da 800Wh nella tua eMTB leggera, ma di un motore efficiente che funzioni senza problemi con la potenza delle tue gambe. Con la nostra batteria da 400Wh, puoi raggiungere reach fino a 1.900 metri di altitudine. E con l'estensore di autonomia ancora di pi\u00f9.<\/p>\n\n<\/div><\/div>\n<\/div>\n<\/div>\n\n<div class=\"gb-container gb-container-b804749e full_width\" id=\"store\">\n<div class=\"gb-grid-wrapper gb-grid-wrapper-e79034ee nopadding nomargin\">\n<div class=\"gb-grid-column gb-grid-column-8329a6e6\"><div class=\"gb-container gb-container-8329a6e6\">\n\n<figure class=\"gb-block-image gb-block-image-918ceb06\"><a href=\"https:\/\/www.instinctiv.bike\/it\/store\/ocelot-125\/\"><img loading=\"lazy\" decoding=\"async\" width=\"2560\" height=\"1599\" class=\"gb-image gb-image-918ceb06\" src=\"https:\/\/www.instinctiv.bike\/wp-content\/uploads\/OCELOT-125-HERO-STILLWATER-GLOSS-2.jpg\" alt=\"Ocelot 125, eMTB leggera per il trail.\" title=\"OCELOT 125 HERO STILLWATER GLOSS\" srcset=\"https:\/\/www.instinctiv.bike\/wp-content\/uploads\/OCELOT-125-HERO-STILLWATER-GLOSS-2.jpg 2560w, https:\/\/www.instinctiv.bike\/wp-content\/uploads\/OCELOT-125-HERO-STILLWATER-GLOSS-2-768x480.jpg 768w, https:\/\/www.instinctiv.bike\/wp-content\/uploads\/OCELOT-125-HERO-STILLWATER-GLOSS-2-1536x959.jpg 1536w, https:\/\/www.instinctiv.bike\/wp-content\/uploads\/OCELOT-125-HERO-STILLWATER-GLOSS-2-2048x1279.jpg 2048w, https:\/\/www.instinctiv.bike\/wp-content\/uploads\/OCELOT-125-HERO-STILLWATER-GLOSS-2-18x12.jpg 18w, https:\/\/www.instinctiv.bike\/wp-content\/uploads\/OCELOT-125-HERO-STILLWATER-GLOSS-2-300x187.jpg 300w\" sizes=\"auto, (max-width: 2560px) 100vw, 2560px\" \/><\/a><\/figure>\n\n\n\n<div class=\"wp-block-group is-content-justification-right is-nowrap is-layout-flex wp-container-core-group-is-layout-fd526d70 wp-block-group-is-layout-flex\">\n<figure class=\"gb-block-image gb-block-image-2145bbe5\"><img loading=\"lazy\" decoding=\"async\" width=\"100\" height=\"100\" class=\"gb-image gb-image-2145bbe5\" src=\"https:\/\/www.instinctiv.bike\/wp-content\/uploads\/ice_satin.png\" alt=\"\" title=\"ghiaccio_satinato\" srcset=\"https:\/\/www.instinctiv.bike\/wp-content\/uploads\/ice_satin.png 100w, https:\/\/www.instinctiv.bike\/wp-content\/uploads\/ice_satin-12x12.png 12w\" sizes=\"auto, (max-width: 100px) 100vw, 100px\" \/><\/figure>\n\n\n\n<figure class=\"gb-block-image gb-block-image-7ad1295c\"><img loading=\"lazy\" decoding=\"async\" width=\"100\" height=\"100\" class=\"gb-image gb-image-7ad1295c\" src=\"https:\/\/www.instinctiv.bike\/wp-content\/uploads\/dune_matt.png\" alt=\"\" title=\"dune_matt\" srcset=\"https:\/\/www.instinctiv.bike\/wp-content\/uploads\/dune_matt.png 100w, https:\/\/www.instinctiv.bike\/wp-content\/uploads\/dune_matt-12x12.png 12w, https:\/\/www.instinctiv.bike\/wp-content\/uploads\/dune_matt-50x50.png 50w\" sizes=\"auto, (max-width: 100px) 100vw, 100px\" \/><\/figure>\n\n\n\n<figure class=\"gb-block-image gb-block-image-9fb5a562\"><img loading=\"lazy\" decoding=\"async\" width=\"100\" height=\"100\" class=\"gb-image gb-image-9fb5a562\" src=\"https:\/\/www.instinctiv.bike\/wp-content\/uploads\/stillwater_gloss.png\" alt=\"\" title=\"stillwater_gloss\" srcset=\"https:\/\/www.instinctiv.bike\/wp-content\/uploads\/stillwater_gloss.png 100w, https:\/\/www.instinctiv.bike\/wp-content\/uploads\/stillwater_gloss-12x12.png 12w, https:\/\/www.instinctiv.bike\/wp-content\/uploads\/stillwater_gloss-50x50.png 50w\" sizes=\"auto, (max-width: 100px) 100vw, 100px\" \/><\/figure>\n<\/div>\n\n<\/div><\/div>\n<\/div>\n\n<div class=\"gb-grid-wrapper gb-grid-wrapper-8fd1e091 teaser_grid\">\n<div class=\"gb-grid-column gb-grid-column-6883d417\"><div class=\"gb-container gb-container-6883d417\">\n\n<h2 class=\"wp-block-heading nounderline has-contrast-color has-text-color has-link-color wp-elements-deeb26068c3c7602105cca3e645b3852\" style=\"text-transform:none\">ocelot 125<\/h2>\n\n\n\n<p class=\"medium nounderline nomargin nopadding\">Leggera eMTB per il trail veloce. Con 160 \/ 125 mm di escursione e sistema di trasmissione maxon bikedrive AIR S. 90Nm, partenza da 16,4 kg, batteria da 400Wh. Esclusiva, costruita su misura per te. Realizzata in Europa.<\/p>\n\n\n\n<a class=\"gb-button gb-button-7d655d24 gb-button-text configure-button\" href=\"https:\/\/www.instinctiv.bike\/it\/store\/ocelot-125\/\">ocelot 125<\/a>\n\n\n\n<a class=\"gb-button gb-button-97854f18 gb-button-text configure-button\" href=\"https:\/\/www.instinctiv.bike\/it\/store\/ocelot-125-frameset\/\">telaio<\/a>\n\n<\/div><\/div>\n<\/div>\n<\/div>\n\n<div class=\"gb-container gb-container-f04ed551 full_width\">\n<div class=\"gb-grid-wrapper gb-grid-wrapper-09ddb266 nopadding nomargin\">\n<div class=\"gb-grid-column gb-grid-column-a4ea420d\"><div class=\"gb-container gb-container-a4ea420d\">\n\n<figure class=\"gb-block-image gb-block-image-95c08cb0\"><a href=\"https:\/\/www.instinctiv.bike\/it\/store\/ocelot-135\/\"><img loading=\"lazy\" decoding=\"async\" width=\"2560\" height=\"1599\" class=\"gb-image gb-image-95c08cb0\" src=\"https:\/\/www.instinctiv.bike\/wp-content\/uploads\/OCELOT-135-HERO-ICE-MATT-2.jpg\" alt=\"Ocelot 135, La pi\u00f9 leggera eMTB tuttofare.\" title=\"OCELOT 135 HERO ICE MATT\" srcset=\"https:\/\/www.instinctiv.bike\/wp-content\/uploads\/OCELOT-135-HERO-ICE-MATT-2.jpg 2560w, https:\/\/www.instinctiv.bike\/wp-content\/uploads\/OCELOT-135-HERO-ICE-MATT-2-768x480.jpg 768w, https:\/\/www.instinctiv.bike\/wp-content\/uploads\/OCELOT-135-HERO-ICE-MATT-2-1536x959.jpg 1536w, https:\/\/www.instinctiv.bike\/wp-content\/uploads\/OCELOT-135-HERO-ICE-MATT-2-2048x1279.jpg 2048w, https:\/\/www.instinctiv.bike\/wp-content\/uploads\/OCELOT-135-HERO-ICE-MATT-2-18x12.jpg 18w, https:\/\/www.instinctiv.bike\/wp-content\/uploads\/OCELOT-135-HERO-ICE-MATT-2-300x187.jpg 300w\" sizes=\"auto, (max-width: 2560px) 100vw, 2560px\" \/><\/a><\/figure>\n\n\n\n<div class=\"wp-block-group is-content-justification-right is-nowrap is-layout-flex wp-container-core-group-is-layout-fd526d70 wp-block-group-is-layout-flex\">\n<figure class=\"gb-block-image gb-block-image-a5c66eaf\"><img loading=\"lazy\" decoding=\"async\" width=\"100\" height=\"100\" class=\"gb-image gb-image-a5c66eaf\" src=\"https:\/\/www.instinctiv.bike\/wp-content\/uploads\/ice_satin.png\" alt=\"\" title=\"ghiaccio_satinato\" srcset=\"https:\/\/www.instinctiv.bike\/wp-content\/uploads\/ice_satin.png 100w, https:\/\/www.instinctiv.bike\/wp-content\/uploads\/ice_satin-12x12.png 12w\" sizes=\"auto, (max-width: 100px) 100vw, 100px\" \/><\/figure>\n\n\n\n<figure class=\"gb-block-image gb-block-image-4bb4659b\"><img loading=\"lazy\" decoding=\"async\" width=\"100\" height=\"100\" class=\"gb-image gb-image-4bb4659b\" src=\"https:\/\/www.instinctiv.bike\/wp-content\/uploads\/dune_matt.png\" alt=\"\" title=\"dune_matt\" srcset=\"https:\/\/www.instinctiv.bike\/wp-content\/uploads\/dune_matt.png 100w, https:\/\/www.instinctiv.bike\/wp-content\/uploads\/dune_matt-12x12.png 12w, https:\/\/www.instinctiv.bike\/wp-content\/uploads\/dune_matt-50x50.png 50w\" sizes=\"auto, (max-width: 100px) 100vw, 100px\" \/><\/figure>\n\n\n\n<figure class=\"gb-block-image gb-block-image-5bcd829e\"><img loading=\"lazy\" decoding=\"async\" width=\"100\" height=\"100\" class=\"gb-image gb-image-5bcd829e\" src=\"https:\/\/www.instinctiv.bike\/wp-content\/uploads\/stillwater_gloss.png\" alt=\"\" title=\"stillwater_gloss\" srcset=\"https:\/\/www.instinctiv.bike\/wp-content\/uploads\/stillwater_gloss.png 100w, https:\/\/www.instinctiv.bike\/wp-content\/uploads\/stillwater_gloss-12x12.png 12w, https:\/\/www.instinctiv.bike\/wp-content\/uploads\/stillwater_gloss-50x50.png 50w\" sizes=\"auto, (max-width: 100px) 100vw, 100px\" \/><\/figure>\n<\/div>\n\n<\/div><\/div>\n<\/div>\n\n<div class=\"gb-grid-wrapper gb-grid-wrapper-e26ef175 teaser_grid\">\n<div class=\"gb-grid-column gb-grid-column-ee254e4f\"><div class=\"gb-container gb-container-ee254e4f\">\n\n<h2 class=\"wp-block-heading nounderline has-contrast-color has-text-color has-link-color wp-elements-5fba99291085deff6ea980fc197a506c\" style=\"text-transform:none\">ocelot 135<\/h2>\n\n\n\n<p class=\"medium nounderline nomargin nopadding\">La pi\u00f9 leggera eMTB tuttofare. Con 160 \/ 135 mm di escursione e sistema di trasmissione maxon bikedrive AIR S. 90Nm, partenza da 16,5 kg, batteria da 400Wh. Esclusiva, costruita su misura per te. Realizzata in Europa.<\/p>\n\n\n\n<a class=\"gb-button gb-button-3c066abd gb-button-text configure-button\" href=\"https:\/\/www.instinctiv.bike\/it\/store\/ocelot-135\/\">ocelot 135<\/a>\n\n\n\n<a class=\"gb-button gb-button-7bb08179 gb-button-text configure-button\" href=\"https:\/\/www.instinctiv.bike\/it\/store\/ocelot-135-frameset\/\">telaio<\/a>\n\n<\/div><\/div>\n<\/div>\n<\/div>\n\n<div class=\"gb-container gb-container-651b7481 full_width\">\n<div class=\"gb-grid-wrapper gb-grid-wrapper-9adc0c16 nopadding nomargin\">\n<div class=\"gb-grid-column gb-grid-column-3eb2b701\"><div class=\"gb-container gb-container-3eb2b701\">\n\n<figure class=\"gb-block-image gb-block-image-e399bb4f\"><a href=\"https:\/\/www.instinctiv.bike\/it\/store\/ocelot-145\/\"><img loading=\"lazy\" decoding=\"async\" width=\"2560\" height=\"1599\" class=\"gb-image gb-image-e399bb4f\" src=\"https:\/\/www.instinctiv.bike\/wp-content\/uploads\/OCELOT-145-HERO-DUNE-MATT-2.jpg\" alt=\"Ocelot 145, la nostra eMTB leggera per i terreni tecnici\" title=\"OCELOT 145 HERO DUNE MATT\" srcset=\"https:\/\/www.instinctiv.bike\/wp-content\/uploads\/OCELOT-145-HERO-DUNE-MATT-2.jpg 2560w, https:\/\/www.instinctiv.bike\/wp-content\/uploads\/OCELOT-145-HERO-DUNE-MATT-2-768x480.jpg 768w, https:\/\/www.instinctiv.bike\/wp-content\/uploads\/OCELOT-145-HERO-DUNE-MATT-2-1536x959.jpg 1536w, https:\/\/www.instinctiv.bike\/wp-content\/uploads\/OCELOT-145-HERO-DUNE-MATT-2-2048x1279.jpg 2048w, https:\/\/www.instinctiv.bike\/wp-content\/uploads\/OCELOT-145-HERO-DUNE-MATT-2-18x12.jpg 18w, https:\/\/www.instinctiv.bike\/wp-content\/uploads\/OCELOT-145-HERO-DUNE-MATT-2-300x187.jpg 300w\" sizes=\"auto, (max-width: 2560px) 100vw, 2560px\" \/><\/a><\/figure>\n\n\n\n<div class=\"wp-block-group is-content-justification-right is-nowrap is-layout-flex wp-container-core-group-is-layout-fd526d70 wp-block-group-is-layout-flex\">\n<figure class=\"gb-block-image gb-block-image-af078771\"><img loading=\"lazy\" decoding=\"async\" width=\"100\" height=\"100\" class=\"gb-image gb-image-af078771\" src=\"https:\/\/www.instinctiv.bike\/wp-content\/uploads\/ice_satin.png\" alt=\"\" title=\"ghiaccio_satinato\" srcset=\"https:\/\/www.instinctiv.bike\/wp-content\/uploads\/ice_satin.png 100w, https:\/\/www.instinctiv.bike\/wp-content\/uploads\/ice_satin-12x12.png 12w\" sizes=\"auto, (max-width: 100px) 100vw, 100px\" \/><\/figure>\n\n\n\n<figure class=\"gb-block-image gb-block-image-aeda1419\"><img loading=\"lazy\" decoding=\"async\" width=\"100\" height=\"100\" class=\"gb-image gb-image-aeda1419\" src=\"https:\/\/www.instinctiv.bike\/wp-content\/uploads\/dune_matt.png\" alt=\"\" title=\"dune_matt\" srcset=\"https:\/\/www.instinctiv.bike\/wp-content\/uploads\/dune_matt.png 100w, https:\/\/www.instinctiv.bike\/wp-content\/uploads\/dune_matt-12x12.png 12w, https:\/\/www.instinctiv.bike\/wp-content\/uploads\/dune_matt-50x50.png 50w\" sizes=\"auto, (max-width: 100px) 100vw, 100px\" \/><\/figure>\n\n\n\n<figure class=\"gb-block-image gb-block-image-cfaff1ae\"><img loading=\"lazy\" decoding=\"async\" width=\"100\" height=\"100\" class=\"gb-image gb-image-cfaff1ae\" src=\"https:\/\/www.instinctiv.bike\/wp-content\/uploads\/stillwater_gloss.png\" alt=\"\" title=\"stillwater_gloss\" srcset=\"https:\/\/www.instinctiv.bike\/wp-content\/uploads\/stillwater_gloss.png 100w, https:\/\/www.instinctiv.bike\/wp-content\/uploads\/stillwater_gloss-12x12.png 12w, https:\/\/www.instinctiv.bike\/wp-content\/uploads\/stillwater_gloss-50x50.png 50w\" sizes=\"auto, (max-width: 100px) 100vw, 100px\" \/><\/figure>\n<\/div>\n\n<\/div><\/div>\n<\/div>\n\n<div class=\"gb-grid-wrapper gb-grid-wrapper-022961b6 teaser_grid\">\n<div class=\"gb-grid-column gb-grid-column-9fb251a1\"><div class=\"gb-container gb-container-9fb251a1\">\n\n<h2 class=\"wp-block-heading nounderline has-contrast-color has-text-color has-link-color wp-elements-b011270940f534f977a05e4b4ad629a5\" style=\"text-transform:none\">ocelot 145<\/h2>\n\n\n\n<p class=\"medium nounderline nomargin nopadding\">Maestra dei terreni naturali accidentati, ma ancora leggera come una eMTB. Con 170 \/ 145 mm di escursione e sistema di trasmissione maxon bikedrive AIR S. 90Nm, partenza da 16,8 kg, batteria da 400Wh. Esclusiva, costruita su misura per te. Realizzata in Europa.<\/p>\n\n\n\n<a class=\"gb-button gb-button-89726d6e gb-button-text configure-button\" href=\"https:\/\/www.instinctiv.bike\/it\/store\/ocelot-145\/\">ocelot 145<\/a>\n\n\n\n<a class=\"gb-button gb-button-b1539e5e gb-button-text configure-button\" href=\"https:\/\/www.instinctiv.bike\/it\/store\/ocelot-145-frameset\/\">telaio<\/a>\n\n<\/div><\/div>\n<\/div>\n<\/div>","protected":false},"excerpt":{"rendered":"","protected":false},"author":229,"featured_media":0,"parent":0,"menu_order":0,"comment_status":"closed","ping_status":"closed","template":"","meta":{"footnotes":""},"class_list":["post-24300","page","type-page","status-publish"],"_links":{"self":[{"href":"https:\/\/www.instinctiv.bike\/it\/wp-json\/wp\/v2\/pages\/24300","targetHints":{"allow":["GET"]}}],"collection":[{"href":"https:\/\/www.instinctiv.bike\/it\/wp-json\/wp\/v2\/pages"}],"about":[{"href":"https:\/\/www.instinctiv.bike\/it\/wp-json\/wp\/v2\/types\/page"}],"author":[{"embeddable":true,"href":"https:\/\/www.instinctiv.bike\/it\/wp-json\/wp\/v2\/users\/229"}],"replies":[{"embeddable":true,"href":"https:\/\/www.instinctiv.bike\/it\/wp-json\/wp\/v2\/comments?post=24300"}],"version-history":[{"count":57,"href":"https:\/\/www.instinctiv.bike\/it\/wp-json\/wp\/v2\/pages\/24300\/revisions"}],"predecessor-version":[{"id":30804,"href":"https:\/\/www.instinctiv.bike\/it\/wp-json\/wp\/v2\/pages\/24300\/revisions\/30804"}],"wp:attachment":[{"href":"https:\/\/www.instinctiv.bike\/it\/wp-json\/wp\/v2\/media?parent=24300"}],"curies":[{"name":"wp","href":"https:\/\/api.w.org\/{rel}","templated":true}]}}