{"id":274,"date":"2023-03-10T08:50:51","date_gmt":"2023-03-10T08:50:51","guid":{"rendered":"https:\/\/www.instinctiv.bike\/?page_id=274"},"modified":"2026-04-30T17:15:22","modified_gmt":"2026-04-30T16:15:22","slug":"about-us","status":"publish","type":"page","link":"https:\/\/www.instinctiv.bike\/it\/about-us\/","title":{"rendered":"chi siamo"},"content":{"rendered":"<div class=\"gb-container gb-container-31367b11\">\n<div class=\"gb-grid-wrapper gb-grid-wrapper-25fc1532\">\n<div class=\"gb-grid-column gb-grid-column-18088515\"><div class=\"gb-container gb-container-18088515\">\n\n<h1 class=\"wp-block-heading\" id=\"h-about-us\">chi siamo<\/h1>\n\n<\/div><\/div>\n<\/div>\n<\/div>\n\n<div class=\"gb-container gb-container-c0d0eb46\">\n<div class=\"gb-grid-wrapper gb-grid-wrapper-ddb1d029 medium\">\n<div class=\"gb-grid-column gb-grid-column-36f5bb89\"><div class=\"gb-container gb-container-36f5bb89\">\n\n<p>Siamo un team di designer e ingegneri amanti delle bike. Costruiamo mountain bikes professionali, per atleti, sportivi e chiunque ami superare i propri limiti. Capaci, veloci ed estremamente scorrevoli. <\/p>\n\n<\/div><\/div>\n<\/div>\n<\/div>\n\n<div class=\"gb-container gb-container-dd1fcf67 full_width\" style=\"background-image: url(https:\/\/www.instinctiv.bike\/wp-content\/uploads\/pool_single_front.jpeg);\">\n<div class=\"gb-grid-wrapper gb-grid-wrapper-0ba6b52e\">\n<div class=\"gb-grid-column gb-grid-column-bfd5bb49\"><div class=\"gb-container gb-container-bfd5bb49\"><\/div><\/div>\n<\/div>\n<\/div>\n\n<div class=\"gb-container gb-container-183074fc\">\n<div class=\"gb-grid-wrapper gb-grid-wrapper-d2bc0f05\">\n<div class=\"gb-grid-column gb-grid-column-b992d58a\"><div class=\"gb-container gb-container-b992d58a reading_block\">\n\n<h2 class=\"wp-block-heading\" id=\"h-history\">professionale<\/h2>\n\n<\/div><\/div>\n\n<div class=\"gb-grid-column gb-grid-column-c235d74a\"><div class=\"gb-container gb-container-c235d74a\"><\/div><\/div>\n\n<div class=\"gb-grid-column gb-grid-column-a178c1b9\"><div class=\"gb-container gb-container-a178c1b9 reading_block\">\n\n<p>Le nostre bikes sono tipicamente progettate per guidare trails veloci e tecniche. Amiamo le bikes che danno fiducia in ogni circostanza, che ti sfidano e ti fanno sorridere. I nostri terreni di gioco sono i trails rocciosi della Croazia e della Slovenia, mentre i nostri atleti collaudatori pedalano soprattutto in Spagna e in Svizzera. <\/p>\n\n\n\n<p>Sebbene le nostre bikes siano state progettate come mountain bikes ad alte prestazioni, i ciclisti che si avvicinano a questo sport apprezzeranno la natura indulgente e ispiratrice di fiducia del nostro sistema di sospensioni PUMA. <\/p>\n\n<\/div><\/div>\n<\/div>\n<\/div>\n\n<div class=\"gb-container gb-container-0d196dd5 double_image_container\">\n<div class=\"gb-grid-wrapper gb-grid-wrapper-23deb1ca\">\n<div class=\"gb-grid-column gb-grid-column-f5890c5f\"><div class=\"gb-container gb-container-f5890c5f alignbottom\" style=\"background-image: url(https:\/\/www.instinctiv.bike\/wp-content\/uploads\/9B5B6BBFFEA64302B5CEA6309F36A559.jpg);\"><\/div><\/div>\n\n<div class=\"gb-grid-column gb-grid-column-6877f521\"><div class=\"gb-container gb-container-6877f521 alignbottom\" style=\"background-image: url(https:\/\/www.instinctiv.bike\/wp-content\/uploads\/catalanduro-2022.jpg);\"><\/div><\/div>\n<\/div>\n<\/div>\n\n<div class=\"gb-container gb-container-f83aa21d\">\n<div class=\"gb-grid-wrapper gb-grid-wrapper-b6820d77\">\n<div class=\"gb-grid-column gb-grid-column-831c7438\"><div class=\"gb-container gb-container-831c7438 reading_block\">\n\n<h2 class=\"wp-block-heading\" id=\"h-history\">PUMA<\/h2>\n\n<\/div><\/div>\n\n<div class=\"gb-grid-column gb-grid-column-ecc495e1\"><div class=\"gb-container gb-container-ecc495e1\"><\/div><\/div>\n\n<div class=\"gb-grid-column gb-grid-column-cbe51042\"><div class=\"gb-container gb-container-cbe51042 reading_block\">\n\n<p class=\"nounderline has-contrast-color has-text-color has-link-color wp-elements-67fe81dca035e3ff673e5ef7dcc45998\">Intorno al 2019 il nostro team di progettazione ha iniziato a sviluppare i primi concetti per una linea di mountain bikes ad alte prestazioni. Il tutto \u00e8 iniziato con lo sviluppo della sospensione PUMA, un progetto di sospensione all'avanguardia.<\/p>\n\n<\/div><\/div>\n<\/div>\n<\/div>\n\n<div class=\"gb-container gb-container-70034593\">\n<div class=\"gb-grid-wrapper gb-grid-wrapper-75bd2428\">\n<div class=\"gb-grid-column gb-grid-column-c040bc6d\"><div class=\"gb-container gb-container-c040bc6d reading_block\">\n\n<h2 class=\"wp-block-heading\" id=\"h-history\">kodiak<\/h2>\n\n<\/div><\/div>\n\n<div class=\"gb-grid-column gb-grid-column-c5057b16\"><div class=\"gb-container gb-container-c5057b16\"><\/div><\/div>\n\n<div class=\"gb-grid-column gb-grid-column-a2ebc742\"><div class=\"gb-container gb-container-a2ebc742 reading_block\">\n\n<p>Nel corso degli anni 2020 e 2021 abbiamo sviluppato, modellato e simulato molti concetti bike e testato il cambio drivetrain, le sospensioni e la geometria con dei prototipi.<\/p>\n\n\n\n<p>Dopo aver testato con successofully diversi prototipi carbon sulle rocce trails della Croazia e in diverse gare di enduro, abbiamo avviato una produzione interna su piccola scala.<\/p>\n\n\n\n<p>Oggi costruiamo e vendiamo l'Kodiak in 4 diversi modelli e molte configurazioni.<\/p>\n\n<\/div><\/div>\n<\/div>\n<\/div>\n\n<div class=\"gb-container gb-container-9f23c251\">\n<div class=\"gb-grid-wrapper gb-grid-wrapper-7116b3ae\">\n<div class=\"gb-grid-column gb-grid-column-a37a70b4\"><div class=\"gb-container gb-container-a37a70b4 reading_block\">\n\n<h2 class=\"wp-block-heading\" id=\"h-history\">ocelot<\/h2>\n\n<\/div><\/div>\n\n<div class=\"gb-grid-column gb-grid-column-1ad797bb\"><div class=\"gb-container gb-container-1ad797bb\"><\/div><\/div>\n\n<div class=\"gb-grid-column gb-grid-column-60d4b2cd\"><div class=\"gb-container gb-container-60d4b2cd reading_block\">\n\n<p class=\"nounderline has-contrast-color has-text-color has-link-color wp-elements-a0534fe917982ae981da9d31266a71a9\">Nel 2023 abbiamo iniziato a sviluppare un e-mountain bike leggero, l'Ocelot. Siamo riusciti a migliorare la nostra piattaforma di sospensioni di successo PUMA e abbiamo collaborato con Maxon per integrare il nuovo sistema rivoluzionario Maxon Air S drive nell'bike. <\/p>\n\n\n\n<p class=\"nounderline has-contrast-color has-text-color has-link-color wp-elements-83273ea97f24e9de53055ab8d2091af8\">L'bike \u00e8 stato mostrato per la prima volta al pubblico in occasione dell'Eurobike 2025 e il suo ingresso nei mercati europei \u00e8 previsto per la prima met\u00e0 del 2026. <\/p>\n\n<\/div><\/div>\n<\/div>\n<\/div>\n\n<div class=\"gb-container gb-container-2e049b35 full_width\">\n<div class=\"gb-grid-wrapper gb-grid-wrapper-9a345f97\">\n<div class=\"gb-grid-column gb-grid-column-6d56a068\"><div class=\"gb-container gb-container-6d56a068\">\n\n<h2 class=\"wp-block-heading\" id=\"h-independent\">indipendente<\/h2>\n\n\n\n<p class=\"medium nomargin nopadding\">Non lavoriamo con investitori e non facciamo parte di un grande gruppo, ma siamo veramente indipendenti. La maggior parte del denaro che guadagniamo viene restituito all'azienda per mantenere l'innovazione.<\/p>\n\n<\/div><\/div>\n<\/div>\n<\/div>\n\n<div class=\"gb-container gb-container-1b564f92\">\n<div class=\"gb-grid-wrapper gb-grid-wrapper-69c35ad2\">\n<div class=\"gb-grid-column gb-grid-column-be618beb\"><div class=\"gb-container gb-container-be618beb\">\n\n<h2 class=\"wp-block-heading\" id=\"h-development\">design<\/h2>\n\n<\/div><\/div>\n\n<div class=\"gb-grid-column gb-grid-column-389ca305\"><div class=\"gb-container gb-container-389ca305\"><\/div><\/div>\n\n<div class=\"gb-grid-column gb-grid-column-3ecd738a\"><div class=\"gb-container gb-container-3ecd738a reading_block\">\n\n<p>Progettiamo e sviluppiamo le nostre bikes nei Paesi Bassi, dove abbiamo il nostro team di progettisti di bike e ingegneri altamente qualificati. \u00c8 qui che realizziamo anche i prototipi e le piccole serie di bikes.<\/p>\n\n\n\n<p>Abbiamo quasi 20 anni di esperienza nello sviluppo di prodotti altamente complessi, molti dei quali bikes ed ebikes. Sviluppiamo concetti, progettiamo cinematiche, eseguiamo simulazioni, utilizziamo programmi CAD 3D avanzati per sviluppare i nostri telai e costruire prototipi.<\/p>\n\n\n\n<p><a href=\"https:\/\/www.instinctiv.bike\/it\/how-we-design-bikes\/\" data-type=\"page\" data-id=\"29874\">come progettiamo il nostro bikes<\/a><\/p>\n\n<\/div><\/div>\n<\/div>\n<\/div>\n\n<div class=\"gb-container gb-container-fb222aeb full_width\" style=\"background-image: url(https:\/\/www.instinctiv.bike\/wp-content\/uploads\/office_frontpage.jpg);\">\n<div class=\"gb-grid-wrapper gb-grid-wrapper-364c9a70\">\n<div class=\"gb-grid-column gb-grid-column-f71e83f3\"><div class=\"gb-container gb-container-f71e83f3\"><\/div><\/div>\n<\/div>\n<\/div>\n\n<div class=\"gb-container gb-container-8131308b\">\n<div class=\"gb-grid-wrapper gb-grid-wrapper-5c67b3c2\">\n<div class=\"gb-grid-column gb-grid-column-83716e77\"><div class=\"gb-container gb-container-83716e77\">\n\n<h2 class=\"wp-block-heading\" id=\"h-testing\">Luoghi di prova<\/h2>\n\n<\/div><\/div>\n\n<div class=\"gb-grid-column gb-grid-column-f59e14bc\"><div class=\"gb-container gb-container-f59e14bc\"><\/div><\/div>\n\n<div class=\"gb-grid-column gb-grid-column-f5f506e0\"><div class=\"gb-container gb-container-f5f506e0 reading_block\">\n\n<p>Per i test di performance approfonditi utilizziamo localit\u00e0 della Croazia. Se i telai e i componenti sopravvivono alla natura estremamente rocciosa e tecnica di trails, possono sopravvivere a qualsiasi cosa.<\/p>\n\n\n\n<p>Abbiamo guidato i prototipi su Alpine trails a Jamnica in Slovenia e sulle trails di UCI Premantura, UCI Kamenjak e Rabac in Croazia.<\/p>\n\n\n\n<p class=\"nounderline has-contrast-color has-text-color has-link-color wp-elements-3bd26e070413561f34e01786ab4d5d81\">Oltre a questi test trails, collaboriamo con i collaudatori in Svizzera che partecipano alle gare Enduro europee.<\/p>\n\n<\/div><\/div>\n<\/div>\n<\/div>\n\n<div class=\"gb-container gb-container-d303afae double_image_container\">\n<div class=\"gb-grid-wrapper gb-grid-wrapper-90d9fc0b\">\n<div class=\"gb-grid-column gb-grid-column-aa25e938\"><div class=\"gb-container gb-container-aa25e938 alignbottom\" style=\"background-image: url(https:\/\/www.instinctiv.bike\/wp-content\/uploads\/kamenjak_testing2.jpeg);\">\n<div class=\"gb-container gb-container-0dd6c1e4\"><\/div>\n<\/div><\/div>\n\n<div class=\"gb-grid-column gb-grid-column-bf8d3c4a\"><div class=\"gb-container gb-container-bf8d3c4a alignbottom\" style=\"background-image: url(https:\/\/www.instinctiv.bike\/wp-content\/uploads\/kamenjak_testing_v2.jpg);\">\n<div class=\"gb-container gb-container-fbc594f7\"><\/div>\n<\/div><\/div>\n<\/div>\n<\/div>\n\n<div class=\"gb-container gb-container-d9ac18ff\">\n<div class=\"gb-grid-wrapper gb-grid-wrapper-9b9d1f32\">\n<div class=\"gb-grid-column gb-grid-column-c8860661\"><div class=\"gb-container gb-container-c8860661\">\n\n<h2 class=\"wp-block-heading\" id=\"h-production\">produzione<\/h2>\n\n<\/div><\/div>\n\n<div class=\"gb-grid-column gb-grid-column-16fea930\"><div class=\"gb-container gb-container-16fea930\"><\/div><\/div>\n\n<div class=\"gb-grid-column gb-grid-column-229284db\"><div class=\"gb-container gb-container-229284db reading_block\">\n\n<p>Assembliamo i nostri bikes internamente. Ogni bike \u00e8 diverso e realizzato a mano. Riceviamo i pezzi della carbon come parti grezze e facciamo eseguire la fresatura CNC di tutte le parti in alluminio. Le bikes vengono rivestite una ad una nei Paesi Bassi e dopo accurati controlli di qualit\u00e0 iniziamo l'assemblaggio dei telai e delle bikes complete.<\/p>\n\n<\/div><\/div>\n<\/div>\n<\/div>\n\n<div class=\"gb-container gb-container-9464b066 full_width\" style=\"background-image: url(https:\/\/www.instinctiv.bike\/wp-content\/uploads\/production_frontpage.jpg.jpg);\">\n<div class=\"gb-grid-wrapper gb-grid-wrapper-90ecbeaf\">\n<div class=\"gb-grid-column gb-grid-column-567b231a\"><div class=\"gb-container gb-container-567b231a\"><\/div><\/div>\n<\/div>\n<\/div>","protected":false},"excerpt":{"rendered":"","protected":false},"author":229,"featured_media":0,"parent":0,"menu_order":0,"comment_status":"closed","ping_status":"closed","template":"","meta":{"footnotes":""},"class_list":["post-274","page","type-page","status-publish"],"_links":{"self":[{"href":"https:\/\/www.instinctiv.bike\/it\/wp-json\/wp\/v2\/pages\/274","targetHints":{"allow":["GET"]}}],"collection":[{"href":"https:\/\/www.instinctiv.bike\/it\/wp-json\/wp\/v2\/pages"}],"about":[{"href":"https:\/\/www.instinctiv.bike\/it\/wp-json\/wp\/v2\/types\/page"}],"author":[{"embeddable":true,"href":"https:\/\/www.instinctiv.bike\/it\/wp-json\/wp\/v2\/users\/229"}],"replies":[{"embeddable":true,"href":"https:\/\/www.instinctiv.bike\/it\/wp-json\/wp\/v2\/comments?post=274"}],"version-history":[{"count":22,"href":"https:\/\/www.instinctiv.bike\/it\/wp-json\/wp\/v2\/pages\/274\/revisions"}],"predecessor-version":[{"id":30958,"href":"https:\/\/www.instinctiv.bike\/it\/wp-json\/wp\/v2\/pages\/274\/revisions\/30958"}],"wp:attachment":[{"href":"https:\/\/www.instinctiv.bike\/it\/wp-json\/wp\/v2\/media?parent=274"}],"curies":[{"name":"wp","href":"https:\/\/api.w.org\/{rel}","templated":true}]}}