{"id":29874,"date":"2026-03-28T16:49:26","date_gmt":"2026-03-28T15:49:26","guid":{"rendered":"https:\/\/www.instinctiv.bike\/?page_id=29874"},"modified":"2026-03-30T19:59:51","modified_gmt":"2026-03-30T18:59:51","slug":"how-we-design-bikes","status":"publish","type":"page","link":"https:\/\/www.instinctiv.bike\/it\/how-we-design-bikes\/","title":{"rendered":"come progettiamo l'bikes"},"content":{"rendered":"<div class=\"gb-container gb-container-31367b11\">\n<div class=\"gb-grid-wrapper gb-grid-wrapper-25fc1532\">\n<div class=\"gb-grid-column gb-grid-column-18088515\"><div class=\"gb-container gb-container-18088515\">\n\n<h1 class=\"wp-block-heading\" id=\"h-quality\">come progettiamo l'bikes<\/h1>\n\n<\/div><\/div>\n<\/div>\n<\/div>\n\n<div class=\"gb-container gb-container-c0d0eb46\">\n<div class=\"gb-grid-wrapper gb-grid-wrapper-ddb1d029\">\n<div class=\"gb-grid-column gb-grid-column-36f5bb89\"><div class=\"gb-container gb-container-36f5bb89\">\n\n<p class=\"medium nounderline has-contrast-color has-text-color has-link-color wp-elements-131beeb6d97de5b26d31cf2d3c992ee1\">Hai mai voluto sapere come nasce una nuova mountain bike? Lascia che ti accompagniamo dall'inizio del processo di progettazione e ingegnerizzazione fino alla prototipazione e alla produzione.  <\/p>\n\n<\/div><\/div>\n<\/div>\n<\/div>\n\n<div class=\"gb-container gb-container-b1e162af double_image_container\">\n<div class=\"gb-grid-wrapper gb-grid-wrapper-46ecfe93\">\n<div class=\"gb-grid-column gb-grid-column-5e5e474f\"><div class=\"gb-container gb-container-5e5e474f alignbottom\" style=\"background-image: url(https:\/\/www.instinctiv.bike\/wp-content\/uploads\/kamenjak_testing_v2.jpg);\"><\/div><\/div>\n<\/div>\n<\/div>\n\n<div class=\"gb-container gb-container-c9b3bae4\">\n<div class=\"gb-grid-wrapper gb-grid-wrapper-6246f58d\">\n<div class=\"gb-grid-column gb-grid-column-a4db61c1\"><div class=\"gb-container gb-container-a4db61c1\">\n\n<h2 class=\"wp-block-heading\" id=\"h-crazy-about-bikes\">l'inizio<\/h2>\n\n<\/div><\/div>\n\n<div class=\"gb-grid-column gb-grid-column-444409eb\"><div class=\"gb-container gb-container-444409eb\"><\/div><\/div>\n\n<div class=\"gb-grid-column gb-grid-column-61367083\"><div class=\"gb-container gb-container-61367083\">\n\n<p>Il nostro bikes nasce come un sogno, non come un business plan. Normalmente inizia con: cosa succederebbe se progettassimo... <\/p>\n\n\n\n<p>Non facciamo ricerche di mercato, ma discutiamo nel nostro team, parliamo con i motociclisti di cui ci fidiamo e iniziamo a sognare una bike che ci piacerebbe guidare. <\/p>\n\n\n\n<p>L'idea generale per noi riguarda il design e la qualit\u00e0 di guida. Le bikes devono portare qualcosa di nuovo, avere un aspetto speciale e una qualit\u00e0 di guida eccezionale, il che per noi significa che devono essere veloci, equilibrate e ispirare fiducia. <\/p>\n\n<\/div><\/div>\n<\/div>\n<\/div>\n\n<div class=\"gb-container gb-container-7ad44b7b\">\n<div class=\"gb-container gb-container-7e6987da\">\n\n<figure class=\"wp-block-gallery has-nested-images columns-2 is-cropped full_width has-background-background-color has-background wp-block-gallery-1 is-layout-flex wp-block-gallery-is-layout-flex\">\n<figure class=\"wp-block-image size-full is-style-default\"><img decoding=\"async\" data-id=\"1896\" src=\"https:\/\/www.alskar.com\/wp-content\/uploads\/bike_strategy_6.jpg\" alt=\"progettazione di biciclette, sviluppo ebike, strategia di una strada bike\" class=\"wp-image-1896\"\/><\/figure>\n\n\n\n<figure class=\"wp-block-image size-full\"><img decoding=\"async\" data-id=\"1893\" src=\"https:\/\/www.alskar.com\/wp-content\/uploads\/bike_strategy_3.jpg\" alt=\"progettazione di biciclette, sviluppo di ebike, strategia e ricerca in drivetrain\" class=\"wp-image-1893\"\/><\/figure>\n\n\n\n<figure class=\"wp-block-image size-full\"><img loading=\"lazy\" decoding=\"async\" width=\"2007\" height=\"1322\" data-id=\"26836\" src=\"https:\/\/www.instinctiv.bike\/wp-content\/uploads\/bike_strategy_7.jpg\" alt=\"\" class=\"wp-image-26836\" srcset=\"https:\/\/www.instinctiv.bike\/wp-content\/uploads\/bike_strategy_7.jpg 2007w, https:\/\/www.instinctiv.bike\/wp-content\/uploads\/bike_strategy_7-300x198.jpg 300w, https:\/\/www.instinctiv.bike\/wp-content\/uploads\/bike_strategy_7-768x506.jpg 768w, https:\/\/www.instinctiv.bike\/wp-content\/uploads\/bike_strategy_7-1536x1012.jpg 1536w, https:\/\/www.instinctiv.bike\/wp-content\/uploads\/bike_strategy_7-18x12.jpg 18w\" sizes=\"auto, (max-width: 2007px) 100vw, 2007px\" \/><\/figure>\n<\/figure>\n\n<\/div>\n<\/div>\n\n<div class=\"gb-container gb-container-adbf06b7\">\n<div class=\"gb-grid-wrapper gb-grid-wrapper-b56bc9b8\">\n<div class=\"gb-grid-column gb-grid-column-c438cdf3\"><div class=\"gb-container gb-container-c438cdf3\">\n\n<h2 class=\"wp-block-heading\" id=\"h-strategy\">strategia<\/h2>\n\n<\/div><\/div>\n\n<div class=\"gb-grid-column gb-grid-column-130be959\"><div class=\"gb-container gb-container-130be959\"><\/div><\/div>\n\n<div class=\"gb-grid-column gb-grid-column-cab8ee7d\"><div class=\"gb-container gb-container-cab8ee7d\">\n\n<p>Per prima cosa facciamo il nostro lavoro a casa. Ovviamente conosciamo molto di ci\u00f2 che accade nel settore, ma iniziamo comunque con una ricerca.<\/p>\n\n\n\n<p>Parliamo con i motociclisti, controlliamo le ultime tabelle di marcia dei fornitori, analizziamo ci\u00f2 che fanno gli altri produttori e guidiamo la bikes. <\/p>\n\n\n\n<p>Questo \u00e8 il momento in cui iniziamo a sviluppare le prime idee su geometria, cinematica, drivetrain e componenti. Inoltre, utilizziamo i nostri potenti strumenti di progettazione per creare le prime idee sul nuovo linguaggio di progettazione dell'bike, senza ancora realizzare un solo schizzo.<\/p>\n\n<\/div><\/div>\n<\/div>\n<\/div>\n\n<div class=\"gb-container gb-container-bace4a5a\">\n\n<figure class=\"wp-block-gallery has-nested-images columns-2 is-cropped full_width stretch-gallery wp-block-gallery-2 is-layout-flex wp-block-gallery-is-layout-flex\">\n<figure class=\"wp-block-image size-full\"><img loading=\"lazy\" decoding=\"async\" width=\"2000\" height=\"1306\" data-id=\"22868\" src=\"https:\/\/www.instinctiv.bike\/wp-content\/uploads\/ocelot_features_geometry-1.jpg\" alt=\"\" class=\"wp-image-22868\" srcset=\"https:\/\/www.instinctiv.bike\/wp-content\/uploads\/ocelot_features_geometry-1.jpg 2000w, https:\/\/www.instinctiv.bike\/wp-content\/uploads\/ocelot_features_geometry-1-300x196.jpg 300w, https:\/\/www.instinctiv.bike\/wp-content\/uploads\/ocelot_features_geometry-1-768x502.jpg 768w, https:\/\/www.instinctiv.bike\/wp-content\/uploads\/ocelot_features_geometry-1-1536x1003.jpg 1536w\" sizes=\"auto, (max-width: 2000px) 100vw, 2000px\" \/><\/figure>\n\n\n\n<figure class=\"wp-block-image size-large\"><img decoding=\"async\" data-id=\"839\" src=\"https:\/\/www.alskar.com\/wp-content\/uploads\/2023\/03\/mobility_kinematics-1-1024x640.jpg\" alt=\"sviluppo della bicicletta, simulazioni cinematiche\" class=\"wp-image-839\"\/><\/figure>\n\n\n\n<figure class=\"wp-block-image size-full\"><img loading=\"lazy\" decoding=\"async\" width=\"2000\" height=\"1306\" data-id=\"22889\" src=\"https:\/\/www.instinctiv.bike\/wp-content\/uploads\/ocelot_puma_platform_transparent_v2.jpg\" alt=\"\" class=\"wp-image-22889\" srcset=\"https:\/\/www.instinctiv.bike\/wp-content\/uploads\/ocelot_puma_platform_transparent_v2.jpg 2000w, https:\/\/www.instinctiv.bike\/wp-content\/uploads\/ocelot_puma_platform_transparent_v2-300x196.jpg 300w, https:\/\/www.instinctiv.bike\/wp-content\/uploads\/ocelot_puma_platform_transparent_v2-768x502.jpg 768w, https:\/\/www.instinctiv.bike\/wp-content\/uploads\/ocelot_puma_platform_transparent_v2-1536x1003.jpg 1536w\" sizes=\"auto, (max-width: 2000px) 100vw, 2000px\" \/><\/figure>\n<\/figure>\n\n<\/div>\n\n<div class=\"gb-container gb-container-589a6dac\">\n<div class=\"gb-grid-wrapper gb-grid-wrapper-7fea0ddd\">\n<div class=\"gb-grid-column gb-grid-column-81918b9c\"><div class=\"gb-container gb-container-81918b9c\">\n\n<h2 class=\"wp-block-heading\" id=\"h-kinematics-and-geometry\">cinematica e geometria<\/h2>\n\n<\/div><\/div>\n\n<div class=\"gb-grid-column gb-grid-column-21c42c11\"><div class=\"gb-container gb-container-21c42c11\"><\/div><\/div>\n\n<div class=\"gb-grid-column gb-grid-column-17414e0c\"><div class=\"gb-container gb-container-17414e0c\">\n\n<p>La geometria e la cinematica sono fattori importanti del nostro progetto iniziale dell'bike. Con le prime idee di geometria e cinematica ci siamo messi al lavoro. Costruiamo i primi modelli CAD 3D della bozza di sospensione, con rockers, assali, links, cuscinetti ed eseguiamo molte simulazioni per vedere se riusciamo a trovare qualcosa che ci piaccia davvero.<\/p>\n\n\n\n<p>Non ci limitiamo a simulare e testare con il CAD, ma facciamo anche dei test con i muli bikes e i prototipi. Lo sviluppo non procede in modo lineare, quindi dopo i test spesso dobbiamo tornare al tavolo da disegno per migliorare, in modo da poter fare altri test. <\/p>\n\n<\/div><\/div>\n<\/div>\n<\/div>\n\n<div class=\"gb-container gb-container-ad5c9bdf\">\n\n<figure class=\"wp-block-gallery has-nested-images columns-2 is-cropped full_width stretch-gallery has-background-background-color has-background wp-block-gallery-3 is-layout-flex wp-block-gallery-is-layout-flex\">\n<figure class=\"wp-block-image size-large\"><img decoding=\"async\" data-id=\"795\" src=\"https:\/\/www.alskar.com\/wp-content\/uploads\/2023\/03\/concept-design-5-1024x640.jpg\" alt=\"progettazione di biciclette, schizzi concettuali di sezioni head tube\" class=\"wp-image-795\"\/><\/figure>\n\n\n\n<figure class=\"wp-block-image size-full\"><img decoding=\"async\" data-id=\"2487\" src=\"https:\/\/www.alskar.com\/wp-content\/uploads\/s_sketching1.jpeg\" alt=\"schizzo di un telaio mountain bike, sviluppo di biciclette\" class=\"wp-image-2487\"\/><\/figure>\n\n\n\n<figure class=\"wp-block-image size-full\"><img loading=\"lazy\" decoding=\"async\" width=\"2000\" height=\"1306\" data-id=\"22772\" src=\"https:\/\/www.instinctiv.bike\/wp-content\/uploads\/ocelot_drive_overview_v2.jpg\" alt=\"\" class=\"wp-image-22772\" srcset=\"https:\/\/www.instinctiv.bike\/wp-content\/uploads\/ocelot_drive_overview_v2.jpg 2000w, https:\/\/www.instinctiv.bike\/wp-content\/uploads\/ocelot_drive_overview_v2-300x196.jpg 300w, https:\/\/www.instinctiv.bike\/wp-content\/uploads\/ocelot_drive_overview_v2-768x502.jpg 768w, https:\/\/www.instinctiv.bike\/wp-content\/uploads\/ocelot_drive_overview_v2-1536x1003.jpg 1536w\" sizes=\"auto, (max-width: 2000px) 100vw, 2000px\" \/><\/figure>\n<\/figure>\n\n<\/div>\n\n<div class=\"gb-container gb-container-2bbcde02\">\n<div class=\"gb-grid-wrapper gb-grid-wrapper-5f0c7c96\">\n<div class=\"gb-grid-column gb-grid-column-02380332\"><div class=\"gb-container gb-container-02380332\">\n\n<h2 class=\"wp-block-heading\" id=\"h-concept-development\">concept design<\/h2>\n\n<\/div><\/div>\n\n<div class=\"gb-grid-column gb-grid-column-19553454\"><div class=\"gb-container gb-container-19553454\"><\/div><\/div>\n\n<div class=\"gb-grid-column gb-grid-column-bd19b8b5\"><div class=\"gb-container gb-container-bd19b8b5\">\n\n<p>Mentre lavoriamo sulla cinematica, sulla geometria e sulle prime configurazioni CAD 3D delle parti della sospensione, lavoriamo anche sul linguaggio generale del design del nuovo bike. Si tratta ancora di un lavoro manuale, con la creazione di molti schizzi che, passo dopo passo, migliorano e diventano sempre pi\u00f9 realistici, dato che arrivano sempre pi\u00f9 informazioni sui punti effettivi dell'pivot e sul funzionamento delle sospensioni.<\/p>\n\n\n\n<p>Pi\u00f9 idee ci piacciono, pi\u00f9 dettagli aggiungeremo, sia nel telaio stesso, sia nei componenti, per avere una buona panoramica di come sar\u00e0 l'bike completo.<\/p>\n\n<\/div><\/div>\n<\/div>\n<\/div>\n\n<div class=\"gb-container gb-container-fa85100a\">\n<div class=\"gb-grid-wrapper gb-grid-wrapper-1cdc2668\">\n<div class=\"gb-grid-column gb-grid-column-5a3b519f\"><div class=\"gb-container gb-container-5a3b519f\"><\/div><\/div>\n<\/div>\n\n\n<figure class=\"wp-block-gallery has-nested-images columns-2 is-cropped full_width stretch-gallery wp-block-gallery-4 is-layout-flex wp-block-gallery-is-layout-flex\">\n<figure class=\"wp-block-image size-large\"><img decoding=\"async\" data-id=\"843\" src=\"https:\/\/www.alskar.com\/wp-content\/uploads\/2023\/03\/2d_drawings_2-1024x640.jpg\" alt=\"sviluppo di una bicicletta, disegni CAD della sella\" class=\"wp-image-843\"\/><\/figure>\n\n\n\n<figure class=\"wp-block-image size-large\"><img decoding=\"async\" data-id=\"840\" src=\"https:\/\/www.alskar.com\/wp-content\/uploads\/2023\/03\/fem_calculations-1024x640.jpg\" alt=\"Simulazioni FEM di modelli CAD, sviluppo di biciclette\" class=\"wp-image-840\"\/><\/figure>\n\n\n\n<figure class=\"wp-block-image size-large\"><img decoding=\"async\" data-id=\"817\" src=\"https:\/\/www.alskar.com\/wp-content\/uploads\/2023\/03\/frame_grey_2-1024x724.jpg\" alt=\"sviluppo di una bicicletta, modellazione CAD 3D del telaio\" class=\"wp-image-817\"\/><\/figure>\n<\/figure>\n\n<\/div>\n\n<div class=\"gb-container gb-container-be857e3a\">\n<div class=\"gb-grid-wrapper gb-grid-wrapper-4ac74d40\">\n<div class=\"gb-grid-column gb-grid-column-48e0bae8\"><div class=\"gb-container gb-container-48e0bae8\">\n\n<h2 class=\"wp-block-heading\" id=\"h-engineering\">ingegneria<\/h2>\n\n<\/div><\/div>\n\n<div class=\"gb-grid-column gb-grid-column-e8d31a99\"><div class=\"gb-container gb-container-e8d31a99\"><\/div><\/div>\n\n<div class=\"gb-grid-column gb-grid-column-d17fdb15\"><div class=\"gb-container gb-container-d17fdb15\">\n\n<p>Una volta definito il concept design, iniziamo la modellazione delle superfici in CAD 3D per costruire il telaio, integrare gli elementi delle sospensioni, i componenti della trasmissione, la batteria e tutte le piccole parti. <\/p>\n\n\n\n<p>Inoltre questo processo non \u00e8 lineare e richiede molti mesi per essere completato, poich\u00e9 siamo molto precisi nella progettazione e nei dettagli. <\/p>\n\n\n\n<p>Per ottenere le massime prestazioni con il minimo peso, utilizziamo simulazioni e test con i primi prototipi.<\/p>\n\n\n\n<p>Oltre a una serie completa di file CAD 3D, creiamo una distinta dei materiali e una serie completa di disegni 2D durante il passaggio alla produzione dei primi prototipi.<\/p>\n\n<\/div><\/div>\n<\/div>\n<\/div>\n\n<div class=\"gb-container gb-container-2d6c62c1\">\n\n<figure class=\"wp-block-gallery has-nested-images columns-2 is-cropped full_width stretch-gallery wp-block-gallery-5 is-layout-flex wp-block-gallery-is-layout-flex\">\n<figure class=\"wp-block-image size-full\"><img loading=\"lazy\" decoding=\"async\" width=\"2016\" height=\"1512\" data-id=\"23719\" src=\"https:\/\/www.instinctiv.bike\/wp-content\/uploads\/image5.jpeg\" alt=\"\" class=\"wp-image-23719\" srcset=\"https:\/\/www.instinctiv.bike\/wp-content\/uploads\/image5.jpeg 2016w, https:\/\/www.instinctiv.bike\/wp-content\/uploads\/image5-300x225.jpeg 300w, https:\/\/www.instinctiv.bike\/wp-content\/uploads\/image5-768x576.jpeg 768w, https:\/\/www.instinctiv.bike\/wp-content\/uploads\/image5-1536x1152.jpeg 1536w\" sizes=\"auto, (max-width: 2016px) 100vw, 2016px\" \/><\/figure>\n\n\n\n<figure class=\"wp-block-image size-full\"><img loading=\"lazy\" decoding=\"async\" width=\"2016\" height=\"1512\" data-id=\"23720\" src=\"https:\/\/www.instinctiv.bike\/wp-content\/uploads\/image2.jpeg\" alt=\"\" class=\"wp-image-23720\" srcset=\"https:\/\/www.instinctiv.bike\/wp-content\/uploads\/image2.jpeg 2016w, https:\/\/www.instinctiv.bike\/wp-content\/uploads\/image2-300x225.jpeg 300w, https:\/\/www.instinctiv.bike\/wp-content\/uploads\/image2-768x576.jpeg 768w, https:\/\/www.instinctiv.bike\/wp-content\/uploads\/image2-1536x1152.jpeg 1536w\" sizes=\"auto, (max-width: 2016px) 100vw, 2016px\" \/><\/figure>\n\n\n\n<figure class=\"wp-block-image size-full\"><img loading=\"lazy\" decoding=\"async\" width=\"2500\" height=\"1667\" data-id=\"23721\" src=\"https:\/\/www.instinctiv.bike\/wp-content\/uploads\/DSCF2730.jpg\" alt=\"\" class=\"wp-image-23721\" srcset=\"https:\/\/www.instinctiv.bike\/wp-content\/uploads\/DSCF2730.jpg 2500w, https:\/\/www.instinctiv.bike\/wp-content\/uploads\/DSCF2730-300x200.jpg 300w, https:\/\/www.instinctiv.bike\/wp-content\/uploads\/DSCF2730-768x512.jpg 768w, https:\/\/www.instinctiv.bike\/wp-content\/uploads\/DSCF2730-1536x1024.jpg 1536w, https:\/\/www.instinctiv.bike\/wp-content\/uploads\/DSCF2730-2048x1366.jpg 2048w\" sizes=\"auto, (max-width: 2500px) 100vw, 2500px\" \/><\/figure>\n<\/figure>\n\n<\/div>\n\n<div class=\"gb-container gb-container-7f1a3faa\">\n<div class=\"gb-grid-wrapper gb-grid-wrapper-f9787e51\">\n<div class=\"gb-grid-column gb-grid-column-d52bbca8\"><div class=\"gb-container gb-container-d52bbca8\">\n\n<h2 class=\"wp-block-heading\" id=\"h-prototyping\">prototipazione<\/h2>\n\n<\/div><\/div>\n\n<div class=\"gb-grid-column gb-grid-column-1eae771a\"><div class=\"gb-container gb-container-1eae771a\"><\/div><\/div>\n\n<div class=\"gb-grid-column gb-grid-column-6bcd6bf3\"><div class=\"gb-container gb-container-6bcd6bf3\">\n\n<p>Sia nella fase di ideazione che in quella di progettazione costruiamo prototipi. I primi prototipi sono pi\u00f9 simili a muli bikes o a mockup, oppure possono essere stampati in 3D. Li usiamo principalmente per testare le forme, la cinematica e le soluzioni ingegneristiche. <\/p>\n\n\n\n<p>I prototipi stampati in 3D sono utili per testare l'adattamento di motori, batterie, cavi e seat tube. Al termine della fase di progettazione costruiamo i primi prototipi di carbon. Questo avviene in collaborazione con uno dei nostri partner di produzione di carbon.<\/p>\n\n\n\n<p>Questa prima serie di prototipi carbon completi sono completamente funzionanti e li usiamo per testare le prestazioni, la cinematica e la durata. <\/p>\n\n\n\n<p>Portiamo l'bikes e l'trails nelle Alpi, in Croazia e in Slovenia e li mettiamo alla prova. Durante il periodo di test documentiamo tutti i miglioramenti e apportiamo aggiornamenti ai file CAD dove necessario. <\/p>\n\n\n\n<p>Questo porter\u00e0 a una serie di prototipi aggiornati che verranno utilizzati per i test ISO4210, la certificazione CE, i test secondo altre norme e per essere presentati al pubblico. <\/p>\n\n<\/div><\/div>\n<\/div>\n<\/div>\n\n<div class=\"gb-container gb-container-40a6a87d\">\n\n<figure class=\"wp-block-gallery has-nested-images columns-2 is-cropped full_width stretch-gallery wp-block-gallery-6 is-layout-flex wp-block-gallery-is-layout-flex\">\n<figure class=\"wp-block-image size-full\"><img loading=\"lazy\" decoding=\"async\" width=\"1920\" height=\"1280\" data-id=\"671\" src=\"https:\/\/www.instinctiv.bike\/wp-content\/uploads\/kamenjak_testing_v2.jpg\" alt=\"\" class=\"wp-image-671\" srcset=\"https:\/\/www.instinctiv.bike\/wp-content\/uploads\/kamenjak_testing_v2.jpg 1920w, https:\/\/www.instinctiv.bike\/wp-content\/uploads\/kamenjak_testing_v2-300x200.jpg 300w, https:\/\/www.instinctiv.bike\/wp-content\/uploads\/kamenjak_testing_v2-768x512.jpg 768w, https:\/\/www.instinctiv.bike\/wp-content\/uploads\/kamenjak_testing_v2-1536x1024.jpg 1536w, https:\/\/www.instinctiv.bike\/wp-content\/uploads\/kamenjak_testing_v2-18x12.jpg 18w\" sizes=\"auto, (max-width: 1920px) 100vw, 1920px\" \/><\/figure>\n\n\n\n<figure class=\"wp-block-image size-full\"><img loading=\"lazy\" decoding=\"async\" width=\"1920\" height=\"1080\" data-id=\"6666\" src=\"https:\/\/www.instinctiv.bike\/wp-content\/uploads\/Instinctiv_V4_poster.jpg\" alt=\"\" class=\"wp-image-6666\" srcset=\"https:\/\/www.instinctiv.bike\/wp-content\/uploads\/Instinctiv_V4_poster.jpg 1920w, https:\/\/www.instinctiv.bike\/wp-content\/uploads\/Instinctiv_V4_poster-300x169.jpg 300w\" sizes=\"auto, (max-width: 1920px) 100vw, 1920px\" \/><\/figure>\n\n\n\n<figure class=\"wp-block-image size-full\"><img loading=\"lazy\" decoding=\"async\" width=\"2400\" height=\"1773\" data-id=\"5951\" src=\"https:\/\/www.instinctiv.bike\/wp-content\/uploads\/frontpage2_emtb2.jpg\" alt=\"\" class=\"wp-image-5951\" srcset=\"https:\/\/www.instinctiv.bike\/wp-content\/uploads\/frontpage2_emtb2.jpg 2400w, https:\/\/www.instinctiv.bike\/wp-content\/uploads\/frontpage2_emtb2-300x222.jpg 300w\" sizes=\"auto, (max-width: 2400px) 100vw, 2400px\" \/><\/figure>\n<\/figure>\n\n<\/div>\n\n<div class=\"gb-container gb-container-8131308b\">\n<div class=\"gb-grid-wrapper gb-grid-wrapper-5c67b3c2\">\n<div class=\"gb-grid-column gb-grid-column-83716e77\"><div class=\"gb-container gb-container-83716e77\">\n\n<h2 class=\"wp-block-heading\" id=\"h-prototyping\">test<\/h2>\n\n<\/div><\/div>\n\n<div class=\"gb-grid-column gb-grid-column-f59e14bc\"><div class=\"gb-container gb-container-f59e14bc\"><\/div><\/div>\n\n<div class=\"gb-grid-column gb-grid-column-f5f506e0\"><div class=\"gb-container gb-container-f5f506e0 reading_block\">\n\n<p>Per i test di performance approfonditi utilizziamo le nostre sedi in Croazia e Slovenia. Se i telai e i componenti sopravvivono ai sentieri naturali estremamente rocciosi e tecnici di queste zone, possono sopravvivere a qualsiasi cosa.<\/p>\n\n\n\n<p>I prototipi vengono utilizzati sulle trails Alpine a Jamnica (SI) e sulle trails di UCI Premantura (HR), UCI Kamenjak (HR) e Rabac (HR). Oltre a questi luoghi di test, abbiamo dei collaudatori in Svizzera che partecipano a gare di Enduro.<\/p>\n\n<\/div><\/div>\n<\/div>\n<\/div>\n\n<div class=\"gb-container gb-container-9464b066 full_width\" style=\"background-image: url(https:\/\/www.instinctiv.bike\/wp-content\/uploads\/production_frontpage.jpg.jpg);\">\n<div class=\"gb-grid-wrapper gb-grid-wrapper-90ecbeaf\">\n<div class=\"gb-grid-column gb-grid-column-567b231a\"><div class=\"gb-container gb-container-567b231a\"><\/div><\/div>\n<\/div>\n<\/div>\n\n<div class=\"gb-container gb-container-cee49299\">\n<div class=\"gb-grid-wrapper gb-grid-wrapper-c5ff4d12\">\n<div class=\"gb-grid-column gb-grid-column-4f38e50a\"><div class=\"gb-container gb-container-4f38e50a\">\n\n<h2 class=\"wp-block-heading\" id=\"h-local\">prodotto in Europa<\/h2>\n\n<\/div><\/div>\n\n<div class=\"gb-grid-column gb-grid-column-27d70c48\"><div class=\"gb-container gb-container-27d70c48\"><\/div><\/div>\n\n<div class=\"gb-grid-column gb-grid-column-ca60add6\"><div class=\"gb-container gb-container-ca60add6 reading_block\">\n\n<p>La maggior parte delle nostre fasi di produzione avviene in Europa, in realt\u00e0 aggiungiamo circa il 65% del valore di produzione in Europa. Anche molti componenti di fascia alta che utilizziamo per il nostro bikes sono prodotti in Europa.<\/p>\n\n\n\n<p>Costruiamo la nostra bikes completamente in casa con il nostro personale. Solo le parti grezze della carbon provengono da un produttore di telai carbon di alto livello in Asia.<\/p>\n\n\n\n<p>Controlliamo la qualit\u00e0 di tutte le parti internamente, facciamo rivestire i telai in Europa e ci occupiamo anche dell'assemblaggio completo dei nostri telai in casa con il nostro sistema di qualit\u00e0.<\/p>\n\n<\/div><\/div>\n<\/div>\n<\/div>","protected":false},"excerpt":{"rendered":"","protected":false},"author":229,"featured_media":0,"parent":0,"menu_order":0,"comment_status":"closed","ping_status":"closed","template":"","meta":{"footnotes":""},"class_list":["post-29874","page","type-page","status-publish"],"_links":{"self":[{"href":"https:\/\/www.instinctiv.bike\/it\/wp-json\/wp\/v2\/pages\/29874","targetHints":{"allow":["GET"]}}],"collection":[{"href":"https:\/\/www.instinctiv.bike\/it\/wp-json\/wp\/v2\/pages"}],"about":[{"href":"https:\/\/www.instinctiv.bike\/it\/wp-json\/wp\/v2\/types\/page"}],"author":[{"embeddable":true,"href":"https:\/\/www.instinctiv.bike\/it\/wp-json\/wp\/v2\/users\/229"}],"replies":[{"embeddable":true,"href":"https:\/\/www.instinctiv.bike\/it\/wp-json\/wp\/v2\/comments?post=29874"}],"version-history":[{"count":2,"href":"https:\/\/www.instinctiv.bike\/it\/wp-json\/wp\/v2\/pages\/29874\/revisions"}],"predecessor-version":[{"id":29968,"href":"https:\/\/www.instinctiv.bike\/it\/wp-json\/wp\/v2\/pages\/29874\/revisions\/29968"}],"wp:attachment":[{"href":"https:\/\/www.instinctiv.bike\/it\/wp-json\/wp\/v2\/media?parent=29874"}],"curies":[{"name":"wp","href":"https:\/\/api.w.org\/{rel}","templated":true}]}}