{"id":30503,"date":"2026-04-10T10:47:22","date_gmt":"2026-04-10T09:47:22","guid":{"rendered":"https:\/\/www.instinctiv.bike\/?page_id=30503"},"modified":"2026-04-10T12:05:20","modified_gmt":"2026-04-10T11:05:20","slug":"philosophy","status":"publish","type":"page","link":"https:\/\/www.instinctiv.bike\/it\/philosophy\/","title":{"rendered":"philosophy"},"content":{"rendered":"<div class=\"gb-container gb-container-31367b11\">\n<div class=\"gb-grid-wrapper gb-grid-wrapper-25fc1532\">\n<div class=\"gb-grid-column gb-grid-column-18088515\"><div class=\"gb-container gb-container-18088515\">\n\n<h1 class=\"wp-block-heading\" id=\"h-contact-us\">philosophy<\/h1>\n\n<\/div><\/div>\n<\/div>\n<\/div>\n\n<div class=\"gb-container gb-container-c0d0eb46\">\n<div class=\"gb-grid-wrapper gb-grid-wrapper-ddb1d029\">\n<div class=\"gb-grid-column gb-grid-column-36f5bb89\"><div class=\"gb-container gb-container-36f5bb89\">\n\n<p class=\"medium\">Sunny weather, great trails, riding on the edge of what you dare and sometimes a bit over it. No bike parks, but real nature. Far away from everybody else. That is what makes us tick. <\/p>\n\n<\/div><\/div>\n<\/div>\n<\/div>\n\n<div class=\"gb-container gb-container-68093f60 double_image_container\"><\/div>\n\n<div class=\"gb-container gb-container-adfda7b7 full_width\">\n<div class=\"gb-grid-wrapper gb-grid-wrapper-e7850604\">\n<div class=\"gb-grid-column gb-grid-column-a8ea855d\"><div class=\"gb-container gb-container-a8ea855d\">\n\n<h2 class=\"wp-block-heading large_title\" style=\"text-transform:none\">driven by design<\/h2>\n\n\n\n<p class=\"medium\">We are a bit nerdy about getting things right. All the details, the kinematics, geometry, w<\/p>\n\n\n\n<p class=\"medium\">And often all on the same bike, that should be capable of long climbs as well as handling the roughest descents. Mountain biking has evolved so heavily over the past ten years that we believe it\u2019s crucial to adapt and shift priorities in bike design towards versatility, durability and sendability.rings, with grade 10 balls and full-contact, double-lip, labyrinth seals.<\/p>\n\n<\/div><\/div>\n\n<div class=\"gb-grid-column gb-grid-column-1b5ff393\"><div class=\"gb-container gb-container-1b5ff393\">\n\n<figure class=\"wp-block-image size-full\"><img loading=\"lazy\" decoding=\"async\" width=\"2000\" height=\"1306\" src=\"https:\/\/www.instinctiv.bike\/wp-content\/uploads\/ocelot_features_bearings.jpg\" alt=\"\" class=\"wp-image-22867\" srcset=\"https:\/\/www.instinctiv.bike\/wp-content\/uploads\/ocelot_features_bearings.jpg 2000w, https:\/\/www.instinctiv.bike\/wp-content\/uploads\/ocelot_features_bearings-300x196.jpg 300w, https:\/\/www.instinctiv.bike\/wp-content\/uploads\/ocelot_features_bearings-768x502.jpg 768w, https:\/\/www.instinctiv.bike\/wp-content\/uploads\/ocelot_features_bearings-1536x1003.jpg 1536w\" sizes=\"auto, (max-width: 2000px) 100vw, 2000px\" \/><\/figure>\n\n<\/div><\/div>\n<\/div>\n<\/div>\n\n<div class=\"gb-container gb-container-759b12df full_width\">\n<div class=\"gb-grid-wrapper gb-grid-wrapper-83baed4c teaser_grid\">\n<div class=\"gb-grid-column gb-grid-column-b2f5d3f5\"><div class=\"gb-container gb-container-b2f5d3f5\">\n\n<figure class=\"wp-block-image size-full\"><img loading=\"lazy\" decoding=\"async\" width=\"2560\" height=\"1599\" src=\"https:\/\/www.instinctiv.bike\/wp-content\/uploads\/OCELOT-145-REAR-STILLWATER-GLOSS.jpg\" alt=\"Ocelot 145 eMTB, 16,6 kg, piena potenza e-mountain bike, con sospensioni PUMA e un&#039;escursione di 145 mm\" class=\"wp-image-27904\" srcset=\"https:\/\/www.instinctiv.bike\/wp-content\/uploads\/OCELOT-145-REAR-STILLWATER-GLOSS.jpg 2560w, https:\/\/www.instinctiv.bike\/wp-content\/uploads\/OCELOT-145-REAR-STILLWATER-GLOSS-768x480.jpg 768w, https:\/\/www.instinctiv.bike\/wp-content\/uploads\/OCELOT-145-REAR-STILLWATER-GLOSS-1536x959.jpg 1536w, https:\/\/www.instinctiv.bike\/wp-content\/uploads\/OCELOT-145-REAR-STILLWATER-GLOSS-2048x1279.jpg 2048w, https:\/\/www.instinctiv.bike\/wp-content\/uploads\/OCELOT-145-REAR-STILLWATER-GLOSS-18x12.jpg 18w, https:\/\/www.instinctiv.bike\/wp-content\/uploads\/OCELOT-145-REAR-STILLWATER-GLOSS-300x187.jpg 300w\" sizes=\"auto, (max-width: 2560px) 100vw, 2560px\" \/><\/figure>\n\n\n<div class=\"gb-container gb-container-df56ffa6\"><\/div>\n\n\n<h2 class=\"wp-block-heading large_title\" style=\"text-transform:none\">honest pricing<\/h2>\n\n\n\n<p class=\"medium nomargin\">Expensive, but honest pricing, good worker conditions, coating in NL, motors from CH, suspension from IT. Donations, planting trees<\/p>\n\n<\/div><\/div>\n<\/div>\n<\/div>\n\n<div class=\"gb-container gb-container-fbc63fd9 full_width\">\n<div class=\"gb-grid-wrapper gb-grid-wrapper-e7e6aa89\">\n<div class=\"gb-grid-column gb-grid-column-1f7ec8e0\"><div class=\"gb-container gb-container-1f7ec8e0\">\n\n<h2 class=\"wp-block-heading large_title\" style=\"text-transform:none\">prodotto in Europa<\/h2>\n\n\n\n<p class=\"medium\">La maggior parte delle nostre fasi di produzione avviene in Europa, in realt\u00e0 aggiungiamo circa il 65% del valore di produzione in Europa. Anche molti componenti di fascia alta che utilizziamo per il nostro bikes sono prodotti in Europa.<\/p>\n\n\n\n<p>Costruiamo la nostra bikes completamente in casa con il nostro personale. Solo le parti grezze della carbon provengono da un produttore di telai carbon di alto livello in Asia.<\/p>\n\n\n\n<p class=\"medium\">Controlliamo la qualit\u00e0 di tutte le parti internamente, facciamo rivestire i telai in Europa e ci occupiamo anche dell'assemblaggio completo dei nostri telai in casa con il nostro sistema di qualit\u00e0.<\/p>\n\n<\/div><\/div>\n\n<div class=\"gb-grid-column gb-grid-column-a12beee6\"><div class=\"gb-container gb-container-a12beee6\">\n\n<figure class=\"wp-block-image size-full\"><img loading=\"lazy\" decoding=\"async\" width=\"2000\" height=\"1306\" src=\"https:\/\/www.instinctiv.bike\/wp-content\/uploads\/ocelot_drive_system.jpg\" alt=\"\" class=\"wp-image-22549\" srcset=\"https:\/\/www.instinctiv.bike\/wp-content\/uploads\/ocelot_drive_system.jpg 2000w, https:\/\/www.instinctiv.bike\/wp-content\/uploads\/ocelot_drive_system-300x196.jpg 300w, https:\/\/www.instinctiv.bike\/wp-content\/uploads\/ocelot_drive_system-768x502.jpg 768w, https:\/\/www.instinctiv.bike\/wp-content\/uploads\/ocelot_drive_system-1536x1003.jpg 1536w, https:\/\/www.instinctiv.bike\/wp-content\/uploads\/ocelot_drive_system-18x12.jpg 18w\" sizes=\"auto, (max-width: 2000px) 100vw, 2000px\" \/><\/figure>\n\n<\/div><\/div>\n<\/div>\n<\/div>\n\n<div class=\"gb-container gb-container-8f371b89 double_image_container\"><\/div>\n\n<div class=\"gb-container gb-container-a955d21a full_width\">\n<div class=\"gb-grid-wrapper gb-grid-wrapper-ba1f112e teaser_grid\">\n<div class=\"gb-grid-column gb-grid-column-92b5a9de\"><div class=\"gb-container gb-container-92b5a9de\">\n\n<h2 class=\"wp-block-heading large_title\">high-tech<\/h2>\n\n\n\n<p class=\"medium\">Le unit\u00e0 maxon sono utilizzate in robot, veicoli e dispositivi di tutto il mondo e persino nel rover Perseverance della NASA su Marte.<\/p>\n\n<\/div><\/div>\n<\/div>\n<\/div>\n\n<div class=\"gb-container gb-container-002a3f94 full_width\">\n<div class=\"gb-grid-wrapper gb-grid-wrapper-23bb6aa1\">\n<div class=\"gb-grid-column gb-grid-column-a3486747\"><div class=\"gb-container gb-container-a3486747\">\n\n<h2 class=\"wp-block-heading large_title\" style=\"text-transform:none\">nessun anno di modello<\/h2>\n\n\n\n<p class=\"medium\">\u00c8 abbastanza normale nel settore bike utilizzare gli anni dei modelli. Noi non lo facciamo. Le nostre bikes mantengono il loro valore, non importa se sono state costruite quest'anno o qualche anno fa.<\/p>\n\n\n\n<p class=\"medium\">Innoviamo continuamente. I nuovi aggiornamenti saranno disponibili come pezzi di ricambio, per lo pi\u00f9 con compatibilit\u00e0 all'indietro. Questo ti aiuter\u00e0 a mantenere il tuo bike all'altezza degli ultimi standard, se lo desideri.<\/p>\n\n<\/div><\/div>\n\n<div class=\"gb-grid-column gb-grid-column-e7bd755b\"><div class=\"gb-container gb-container-e7bd755b\">\n\n<figure class=\"wp-block-image size-full\"><img loading=\"lazy\" decoding=\"async\" width=\"2000\" height=\"1306\" src=\"https:\/\/www.instinctiv.bike\/wp-content\/uploads\/ocelot_features_maxon_drive.jpg\" alt=\"\" class=\"wp-image-22163\" srcset=\"https:\/\/www.instinctiv.bike\/wp-content\/uploads\/ocelot_features_maxon_drive.jpg 2000w, https:\/\/www.instinctiv.bike\/wp-content\/uploads\/ocelot_features_maxon_drive-300x196.jpg 300w, https:\/\/www.instinctiv.bike\/wp-content\/uploads\/ocelot_features_maxon_drive-768x502.jpg 768w, https:\/\/www.instinctiv.bike\/wp-content\/uploads\/ocelot_features_maxon_drive-1536x1003.jpg 1536w, https:\/\/www.instinctiv.bike\/wp-content\/uploads\/ocelot_features_maxon_drive-18x12.jpg 18w\" sizes=\"auto, (max-width: 2000px) 100vw, 2000px\" \/><\/figure>\n\n<\/div><\/div>\n<\/div>\n<\/div>\n\n<div class=\"gb-container gb-container-09c2f661 full_width\">\n<div class=\"gb-grid-wrapper gb-grid-wrapper-624dd7a5\">\n<div class=\"gb-grid-column gb-grid-column-0b17b5cc\"><div class=\"gb-container gb-container-0b17b5cc\">\n\n<h2 class=\"wp-block-heading large_title\" style=\"text-transform:none\">build to order<\/h2>\n\n\n\n<p class=\"medium\">Dedichiamo molto tempo allo sviluppo e alla progettazione. Progettiamo il nostro bikes da zero, compresi cinematica, geometria, integrazione del sistema di azionamento e molto altro ancora.<\/p>\n\n\n\n<p>Tutto ci\u00f2 che facciamo \u00e8 su piccola scala e fatto a mano. I cuscinetti vengono pressati da noi e anche la preparazione dei pezzi carbon grezzi per il rivestimento viene eseguita internamente. Il rivestimento viene eseguito da un'azienda locale, in modo da poter offrire colori personalizzati ai nostri clienti.<\/p>\n\n\n\n<p class=\"medium\">Infine, lavoriamo con componenti di fascia alta, perch\u00e9 crediamo che contribuiscano a definire la guida e la qualit\u00e0 di una buona bike. Componenti durevoli e di alta qualit\u00e0, come le unit\u00e0 di trasmissione Maxon di fabbricazione svizzera, le ruote DT Swiss, i componenti delle sospensioni Fox o EXT, i freni Magura o i cambi Pinion.<\/p>\n\n<\/div><\/div>\n\n<div class=\"gb-grid-column gb-grid-column-0cb702f3\"><div class=\"gb-container gb-container-0cb702f3\">\n\n<figure class=\"wp-block-image size-full\"><img loading=\"lazy\" decoding=\"async\" width=\"2000\" height=\"1306\" src=\"https:\/\/www.instinctiv.bike\/wp-content\/uploads\/ocelot_drive_overview_v2.jpg\" alt=\"\" class=\"wp-image-22772\" srcset=\"https:\/\/www.instinctiv.bike\/wp-content\/uploads\/ocelot_drive_overview_v2.jpg 2000w, https:\/\/www.instinctiv.bike\/wp-content\/uploads\/ocelot_drive_overview_v2-300x196.jpg 300w, https:\/\/www.instinctiv.bike\/wp-content\/uploads\/ocelot_drive_overview_v2-768x502.jpg 768w, https:\/\/www.instinctiv.bike\/wp-content\/uploads\/ocelot_drive_overview_v2-1536x1003.jpg 1536w\" sizes=\"auto, (max-width: 2000px) 100vw, 2000px\" \/><\/figure>\n\n<\/div><\/div>\n<\/div>\n<\/div>\n\n<div class=\"gb-container gb-container-0efe5d1d full_width\">\n<div class=\"gb-grid-wrapper gb-grid-wrapper-2e3d741a\">\n<div class=\"gb-grid-column gb-grid-column-a4639461\"><div class=\"gb-container gb-container-a4639461\">\n\n<h2 class=\"wp-block-heading large_title\" style=\"text-transform:none\">sustainability<\/h2>\n\n\n\n<p class=\"medium\">carbon frames, recycling, refurbishing donation \/ support local farming nature in Croatia, trails, return of frame, buy back, recycling minimum EUR 1000 back. <\/p>\n\n\n\n<p>Se il tuo telaio o parti di esso si sono danneggiati in modo irreparabile, possiamo aiutarti con i pezzi di ricambio per incidenti. Questo vale sia per i bulloni e gli assi rockers, links, pivot, sia per le parti carbon.<\/p>\n\n\n\n<p>Ti faremo rivestire i pezzi nel colore del tuo bike, ti invieremo tutti i pezzi necessari e con il nostro aiuto potrai riparare il tuo bike e farlo tornare come nuovo.<\/p>\n\n<\/div><\/div>\n\n<div class=\"gb-grid-column gb-grid-column-377f059b\"><div class=\"gb-container gb-container-377f059b\">\n\n<figure class=\"wp-block-image size-full\"><img loading=\"lazy\" decoding=\"async\" width=\"2000\" height=\"1306\" src=\"https:\/\/www.instinctiv.bike\/wp-content\/uploads\/ocelot_range_extender_alone.jpg\" alt=\"\" class=\"wp-image-22550\" srcset=\"https:\/\/www.instinctiv.bike\/wp-content\/uploads\/ocelot_range_extender_alone.jpg 2000w, https:\/\/www.instinctiv.bike\/wp-content\/uploads\/ocelot_range_extender_alone-300x196.jpg 300w, https:\/\/www.instinctiv.bike\/wp-content\/uploads\/ocelot_range_extender_alone-768x502.jpg 768w, https:\/\/www.instinctiv.bike\/wp-content\/uploads\/ocelot_range_extender_alone-1536x1003.jpg 1536w, https:\/\/www.instinctiv.bike\/wp-content\/uploads\/ocelot_range_extender_alone-18x12.jpg 18w\" sizes=\"auto, (max-width: 2000px) 100vw, 2000px\" \/><\/figure>\n\n<\/div><\/div>\n<\/div>\n<\/div>\n\n<div class=\"gb-container gb-container-5ced7456 double_image_container\"><\/div>\n\n<div class=\"gb-container gb-container-ddd62d2f full_width\">\n<div class=\"gb-grid-wrapper gb-grid-wrapper-0b7e9716 teaser_grid\">\n<div class=\"gb-grid-column gb-grid-column-2d49aee6\"><div class=\"gb-container gb-container-2d49aee6\">\n\n<h2 class=\"wp-block-heading large_title\" style=\"text-transform:none\">no investors, owner managed<\/h2>\n\n\n\n<p class=\"medium\">As a company, we don\u2019t have investors or shareholders dictating the ship\u2019s direction; we\u2019re owner-managed. And we\u2019ve always taken one step after the other, to appreciate the process and to aim for sustainable and enjoyable growth.<\/p>\n\n<\/div><\/div>\n<\/div>\n<\/div>\n\n<div class=\"gb-container gb-container-1bac3d97 full_width\">\n<div class=\"gb-grid-wrapper gb-grid-wrapper-4b9f6693\">\n<div class=\"gb-grid-column gb-grid-column-71f9b8ef\"><div class=\"gb-container gb-container-71f9b8ef\">\n\n<h2 class=\"wp-block-heading large_title\" style=\"text-transform:none\">we sell direct to our clients<\/h2>\n\n\n\n<p class=\"medium\">Selling direct to our clients allows us to keep communication lines short, stay in touch and offer the best support. personal communication with our customers. Being able to talk about our products, right from the source, is hugely valuable. No matter if it\u2019s about frame sizing, component choice, or geeky details in suspension design, we can communicate from the same team that developed the products straight to you, our customer.<\/p>\n\n<\/div><\/div>\n\n<div class=\"gb-grid-column gb-grid-column-054f2d09\"><div class=\"gb-container gb-container-054f2d09\">\n\n<figure class=\"wp-block-image size-full\"><img loading=\"lazy\" decoding=\"async\" width=\"2500\" height=\"1625\" src=\"https:\/\/www.instinctiv.bike\/wp-content\/uploads\/ocelot_puma_platform.jpg\" alt=\"\" class=\"wp-image-22300\" srcset=\"https:\/\/www.instinctiv.bike\/wp-content\/uploads\/ocelot_puma_platform.jpg 2500w, https:\/\/www.instinctiv.bike\/wp-content\/uploads\/ocelot_puma_platform-300x195.jpg 300w, https:\/\/www.instinctiv.bike\/wp-content\/uploads\/ocelot_puma_platform-768x499.jpg 768w, https:\/\/www.instinctiv.bike\/wp-content\/uploads\/ocelot_puma_platform-1536x998.jpg 1536w, https:\/\/www.instinctiv.bike\/wp-content\/uploads\/ocelot_puma_platform-2048x1331.jpg 2048w, https:\/\/www.instinctiv.bike\/wp-content\/uploads\/ocelot_puma_platform-18x12.jpg 18w\" sizes=\"auto, (max-width: 2500px) 100vw, 2500px\" \/><\/figure>\n\n<\/div><\/div>\n<\/div>\n<\/div>\n\n<div class=\"gb-container gb-container-8c0248c7 full_width\">\n<div class=\"gb-grid-wrapper gb-grid-wrapper-3812a875\">\n<div class=\"gb-grid-column gb-grid-column-8a0efb43\"><div class=\"gb-container gb-container-8a0efb43\">\n\n<h2 class=\"wp-block-heading large_title\">nessun tintinnio<\/h2>\n\n\n\n<p class=\"medium\">Il passaggio dei cavi \u00e8 completamente guidato per una guida silenziosa e una facile manutenzione. E no, niente passaggio dei cavi della serie sterzo.<\/p>\n\n<\/div><\/div>\n\n<div class=\"gb-grid-column gb-grid-column-b7ff0e7c\"><div class=\"gb-container gb-container-b7ff0e7c\">\n\n<figure class=\"wp-block-image size-full\"><img loading=\"lazy\" decoding=\"async\" width=\"2500\" height=\"1625\" src=\"https:\/\/www.instinctiv.bike\/wp-content\/uploads\/ocelot_cable_guides.jpg\" alt=\"\" class=\"wp-image-22298\" srcset=\"https:\/\/www.instinctiv.bike\/wp-content\/uploads\/ocelot_cable_guides.jpg 2500w, https:\/\/www.instinctiv.bike\/wp-content\/uploads\/ocelot_cable_guides-300x195.jpg 300w, https:\/\/www.instinctiv.bike\/wp-content\/uploads\/ocelot_cable_guides-768x499.jpg 768w, https:\/\/www.instinctiv.bike\/wp-content\/uploads\/ocelot_cable_guides-1536x998.jpg 1536w, https:\/\/www.instinctiv.bike\/wp-content\/uploads\/ocelot_cable_guides-2048x1331.jpg 2048w, https:\/\/www.instinctiv.bike\/wp-content\/uploads\/ocelot_cable_guides-18x12.jpg 18w\" sizes=\"auto, (max-width: 2500px) 100vw, 2500px\" \/><\/figure>\n\n<\/div><\/div>\n<\/div>\n<\/div>\n\n<div class=\"gb-container gb-container-a8ca845e full_width\">\n<div class=\"gb-grid-wrapper gb-grid-wrapper-9276efab\">\n<div class=\"gb-grid-column gb-grid-column-01791695\"><div class=\"gb-container gb-container-01791695\">\n\n<h2 class=\"wp-block-heading large_title\" style=\"text-transform:none\">protettori<\/h2>\n\n\n\n<p class=\"medium\">Il coperchio del motore in gomma \u00e8 costruito per resistere agli urti pi\u00f9 violenti e per tenere lontano lo sporco e la polvere dal telaio.<\/p>\n\n<\/div><\/div>\n\n<div class=\"gb-grid-column gb-grid-column-df709584\"><div class=\"gb-container gb-container-df709584\">\n\n<figure class=\"wp-block-image size-full\"><img loading=\"lazy\" decoding=\"async\" width=\"2000\" height=\"1306\" src=\"https:\/\/www.instinctiv.bike\/wp-content\/uploads\/ocelot_features_protectors.jpg\" alt=\"\" class=\"wp-image-22869\" srcset=\"https:\/\/www.instinctiv.bike\/wp-content\/uploads\/ocelot_features_protectors.jpg 2000w, https:\/\/www.instinctiv.bike\/wp-content\/uploads\/ocelot_features_protectors-300x196.jpg 300w, https:\/\/www.instinctiv.bike\/wp-content\/uploads\/ocelot_features_protectors-768x502.jpg 768w, https:\/\/www.instinctiv.bike\/wp-content\/uploads\/ocelot_features_protectors-1536x1003.jpg 1536w\" sizes=\"auto, (max-width: 2000px) 100vw, 2000px\" \/><\/figure>\n\n<\/div><\/div>\n<\/div>\n<\/div>\n\n<div class=\"gb-container gb-container-bd2527c6 full_width\">\n<div class=\"gb-grid-wrapper gb-grid-wrapper-8c571533\">\n<div class=\"gb-grid-column gb-grid-column-8abbfa00\"><div class=\"gb-container gb-container-8abbfa00\">\n\n<h2 class=\"wp-block-heading large_title\">geometria<\/h2>\n\n\n\n<p class=\"medium\">Slack, lungo e fully focalizzato a darti la massima fiducia.  <\/p>\n\n<\/div><\/div>\n\n<div class=\"gb-grid-column gb-grid-column-c07f4892\"><div class=\"gb-container gb-container-c07f4892\">\n\n<figure class=\"wp-block-image size-full\"><img loading=\"lazy\" decoding=\"async\" width=\"2000\" height=\"1306\" src=\"https:\/\/www.instinctiv.bike\/wp-content\/uploads\/ocelot_features_geometry-1.jpg\" alt=\"\" class=\"wp-image-22868\" srcset=\"https:\/\/www.instinctiv.bike\/wp-content\/uploads\/ocelot_features_geometry-1.jpg 2000w, https:\/\/www.instinctiv.bike\/wp-content\/uploads\/ocelot_features_geometry-1-300x196.jpg 300w, https:\/\/www.instinctiv.bike\/wp-content\/uploads\/ocelot_features_geometry-1-768x502.jpg 768w, https:\/\/www.instinctiv.bike\/wp-content\/uploads\/ocelot_features_geometry-1-1536x1003.jpg 1536w\" sizes=\"auto, (max-width: 2000px) 100vw, 2000px\" \/><\/figure>\n\n<\/div><\/div>\n<\/div>\n<\/div>","protected":false},"excerpt":{"rendered":"","protected":false},"author":229,"featured_media":0,"parent":0,"menu_order":0,"comment_status":"closed","ping_status":"closed","template":"","meta":{"footnotes":""},"class_list":["post-30503","page","type-page","status-publish"],"_links":{"self":[{"href":"https:\/\/www.instinctiv.bike\/it\/wp-json\/wp\/v2\/pages\/30503","targetHints":{"allow":["GET"]}}],"collection":[{"href":"https:\/\/www.instinctiv.bike\/it\/wp-json\/wp\/v2\/pages"}],"about":[{"href":"https:\/\/www.instinctiv.bike\/it\/wp-json\/wp\/v2\/types\/page"}],"author":[{"embeddable":true,"href":"https:\/\/www.instinctiv.bike\/it\/wp-json\/wp\/v2\/users\/229"}],"replies":[{"embeddable":true,"href":"https:\/\/www.instinctiv.bike\/it\/wp-json\/wp\/v2\/comments?post=30503"}],"version-history":[{"count":12,"href":"https:\/\/www.instinctiv.bike\/it\/wp-json\/wp\/v2\/pages\/30503\/revisions"}],"predecessor-version":[{"id":30546,"href":"https:\/\/www.instinctiv.bike\/it\/wp-json\/wp\/v2\/pages\/30503\/revisions\/30546"}],"wp:attachment":[{"href":"https:\/\/www.instinctiv.bike\/it\/wp-json\/wp\/v2\/media?parent=30503"}],"curies":[{"name":"wp","href":"https:\/\/api.w.org\/{rel}","templated":true}]}}